{"id":3518,"date":"2023-10-03T09:54:40","date_gmt":"2023-10-03T08:54:40","guid":{"rendered":"https:\/\/ferimet.enproceso.es\/politica-de-privacitat\/"},"modified":"2025-02-28T12:15:51","modified_gmt":"2025-02-28T11:15:51","slug":"politica-de-privacitat","status":"publish","type":"page","link":"https:\/\/ferimet.com\/ca\/politica-de-privacitat\/","title":{"rendered":"Pol\u00edtica de privacitat"},"content":{"rendered":"\n\t<section class=\"section\" id=\"section_818265308\">\n\t\t<div class=\"section-bg fill\" >\n\t\t\t\t\t\t\t\t\t\n\t\t\t\n\n\t\t<\/div>\n\n\t\t\n\n\t\t<div class=\"section-content relative\">\n\t\t\t\n\n  <div class=\"banner has-hover\" id=\"banner-1074539778\">\n          <div class=\"banner-inner fill\">\n        <div class=\"banner-bg fill\" >\n                                                \n                    <\/div>\n\t\t\n        <div class=\"banner-layers container\">\n            <div class=\"fill banner-link\"><\/div>            \n   <div id=\"text-box-1763102121\" class=\"text-box banner-layer x50 md-x50 lg-x50 y50 md-y50 lg-y50 res-text\">\n                                <div class=\"text-box-content text dark\">\n              \n              <div class=\"text-inner text-center\">\n                  \n\t<div id=\"text-1475958973\" class=\"text slide-interiores\">\n\t\t\n<p>Pol\u00edtica de privacitat<br \/>\n\t\t\t<\/div>\n\t\n              <\/div>\n           <\/div>\n                            \n<style>\n#text-box-1763102121 {\n  width: 100%;\n}\n#text-box-1763102121 .text-box-content {\n  font-size: 100%;\n}\n@media (min-width:550px) {\n  #text-box-1763102121 {\n    width: 94%;\n  }\n}\n<\/style>\n    <\/div>\n \n        <\/div>\n      <\/div>\n\n            \n<style>\n#banner-1074539778 {\n  padding-top: 358px;\n}\n#banner-1074539778 .banner-bg img {\n  object-position: 0% 73%;\n}\n<\/style>\n  <\/div>\n\n\n\t\t<\/div>\n\n\t\t\n<style>\n#section_818265308 {\n  padding-top: 0px;\n  padding-bottom: 0px;\n}\n<\/style>\n\t<\/section>\n\t\n\n\t<section class=\"section\" id=\"section_2019792630\">\n\t\t<div class=\"section-bg fill\" >\n\t\t\t\t\t\t\t\t\t\n\t\t\t\n\n\t\t<\/div>\n\n\t\t\n\n\t\t<div class=\"section-content relative\">\n\t\t\t\n<div class=\"row\"  id=\"row-569015292\">\n\n\t<div id=\"col-2034293793\" class=\"col small-12 large-12\"  >\n\t\t\t\t<div class=\"col-inner\"  >\n\t\t\t\n\t\t\t\n<span><span><a href=\"https:\/\/ferimet.com\/ca\/\">Home<\/a><\/span><\/span>\n\t\t<\/div>\n\t\t\t\t\t<\/div>\n\n\t\n<\/div>\n\t\t<\/div>\n\n\t\t\n<style>\n#section_2019792630 {\n  padding-top: 30px;\n  padding-bottom: 30px;\n}\n<\/style>\n\t<\/section>\n\t\n\n\t<section class=\"section\" id=\"section_648680483\">\n\t\t<div class=\"section-bg fill\" >\n\t\t\t\t\t\t\t\t\t\n\t\t\t\n\n\t\t<\/div>\n\n\t\t\n\n\t\t<div class=\"section-content relative\">\n\t\t\t\n<div class=\"row\"  id=\"row-1807777757\">\n\n\t<div id=\"col-159008997\" class=\"col small-12 large-12\"  >\n\t\t\t\t<div class=\"col-inner\"  >\n\t\t\t\n\t\t\t\n\t<div id=\"text-3303852550\" class=\"text p2\">\n\t\t\n<h1>Pol\u00edtica de privacitat<\/h1>\n<h2>1. RESPONSABLE<\/h2>\n<h3>Qui \u00e9s el Responsable del tractament de les seves dades?<\/h3>\n<ol type=\"I\">\n<li style=\"font-weight: 400;\" aria-level=\"1\"><span style=\"font-weight: 400;\">Identitat: Ferimet, empresa que es troba integrada en el grup d&#8217;empreses que opera sota la denominaci\u00f3 Celsa (d&#8217;ara endavant, &#8220;Empresa de Celsa&#8221;).<\/span><\/li>\n<li style=\"font-weight: 400;\" aria-level=\"1\"><span style=\"font-weight: 400;\">NIF: B17327610<\/span><\/li>\n<li style=\"font-weight: 400;\" aria-level=\"1\"><span style=\"font-weight: 400;\">Adre\u00e7a: carretera Via Interpolar, Km 4, 08403 Granollers, Barcelona<br \/><\/span><\/li>\n<li style=\"font-weight: 400;\" aria-level=\"1\"><span style=\"font-weight: 400;\">Dades de contacte del Delegat de Protecci\u00f3 de Dades (DPD): pot contactar, per resoldre qualsevol q\u00fcesti\u00f3 que precisi, a trav\u00e9s del correu electr\u00f2nic: <\/span><a href=\"mailto:GDPR@gcelsa.com\" target=\"_blank\" rel=\"noopener\"><span style=\"font-weight: 400;\">GDPR@gcelsa.com<\/span><\/a><\/li>\n<\/ol>\n<h2>2. FINALITATS<\/h2>\n<h3>Amb quina finalitat tractem les seves dades personals?<\/h3>\n<p><span style=\"font-weight: 400;\">En accedir i utilitzar aquesta web, participar en qualsevol activitat organitzada per nosaltres o emprar qualsevol altre mitj\u00e0 que impliqui el tractament de dades personals, vost\u00e8 accepta aquesta Pol\u00edtica de Privacitat, aix\u00ed com les disposicions incloses en l&#8217;Av\u00eds Legal i la Pol\u00edtica de Cookies.<\/span><\/p>\n<p><span style=\"font-weight: 400;\">A CELSA, li proporcionem la informaci\u00f3 necess\u00e0ria perqu\u00e8, abans de facilitar les seves dades personals, pugui consultar aquesta Pol\u00edtica de Privacitat i qualsevol altra informaci\u00f3 rellevant en mat\u00e8ria de Protecci\u00f3 de Dades.<\/span><\/p>\n<p><span style=\"font-weight: 400;\">L&#8217;informem que a l&#8217;Empresa de Celsa tractem les dades que ens facilita per realitzar una gesti\u00f3 correcta dels serveis o informaci\u00f3 que ens sol\u00b7liciti. En concret, tractarem les seves dades personals per a les finalitats seg\u00fcents:<\/span><\/p>\n<ol>\n<li style=\"font-weight: 400;\" aria-level=\"1\"><b>Gesti\u00f3 de sol\u00b7licituds d&#8217;informaci\u00f3.<\/b><span style=\"font-weight: 400;\"> Gestionar les dades personals dels usuaris que contacten amb CELSA a trav\u00e9s del formulari de contacte.<\/span><\/li>\n<li style=\"font-weight: 400;\" aria-level=\"1\"><b>Gesti\u00f3 dels portals de prove\u00efdor i de client. <\/b><span style=\"font-weight: 400;\">Per al seguiment de comandes de productes i serveis i la seva corresponent facturaci\u00f3; aix\u00ed com qualsevol altra prestaci\u00f3 relacionada amb aquests, com ara recordatoris, avisos t\u00e8cnics, alertes de seguretat, missatges de suport, entre altres.<\/span><\/li>\n<li style=\"font-weight: 400;\" aria-level=\"1\"><b>Enviar butlletins i promocions. <\/b><span style=\"font-weight: 400;\">Les dades seran tractades per a l&#8217;enviament, fins i tot per mitjans electr\u00f2nics, de comunicacions comercials sobre productes i serveis oferts pel Responsable del Tractament, incloent-hi butlletins, promocions i publicitat de les empreses integrades en el grup Celsa, la relaci\u00f3 actualitzada de les quals figura a les p\u00e0gines oficials d&#8217;aquestes empreses o a\u00a0<\/span><a href=\"https:\/\/celsagroup.com\/donde-estamos\/#donde-estamos-anchor\"><span style=\"font-weight: 400;\">On \u00e9s Celsa \u2013 Pres\u00e8ncia internacional<\/span><\/a><span style=\"font-weight: 400;\">, per la qual cosa es cediran les seves dades a aquestes.<\/span><\/li>\n<li style=\"font-weight: 400;\" aria-level=\"1\"><b>Gesti\u00f3 de curr\u00edculums.<\/b><span style=\"font-weight: 400;\"> Les dades personals dels usuaris que vulguin participar en els nostres processos de selecci\u00f3 de personal s\u00f3n recollides mitjan\u00e7ant la secci\u00f3 \u201cUneix-te al nostre equip\u201d.<\/span><\/li>\n<\/ol>\n<h2>3. LEGITIMACI\u00d3<\/h2>\n<h3>Quina \u00e9s la legitimaci\u00f3 per al tractament de les seves dades?<\/h3>\n<p><span style=\"font-weight: 400;\">La base jur\u00eddica que empara el tractament de les seves dades personals varia en funci\u00f3 de les finalitats per a les quals es tracten les seves dades, en concret:<\/span><\/p>\n<ol>\n<li style=\"font-weight: 400;\" aria-level=\"1\"><span style=\"font-weight: 400;\">La base legal que legitima el tractament de les seves dades en relaci\u00f3 amb la <\/span><b>gesti\u00f3 de les sol\u00b7licituds d&#8217;informaci\u00f3<\/b><span style=\"font-weight: 400;\"> \u00e9s el consentiment que vost\u00e8 ens ha prestat en fer la sol\u00b7licitud (art. 6.1.a RGPD).<\/span><\/li>\n<li style=\"font-weight: 400;\" aria-level=\"1\"><b>Gesti\u00f3 del portal del client. <\/b><span style=\"font-weight: 400;\">La base legal que legitima el tractament de les seves dades en relaci\u00f3 amb la gesti\u00f3 de comandes, aix\u00ed com altres accions relatives a la gesti\u00f3 del portal de clients, \u00e9s l&#8217;execuci\u00f3 de la relaci\u00f3 contractual que mantenim amb vost\u00e8 (art. 6.1.b RGPD).<\/span><\/li>\n<li style=\"font-weight: 400;\" aria-level=\"1\"><span style=\"font-weight: 400;\">La base legal que legitima el tractament de les seves dades per a l&#8217;<\/span><b>enviament de comunicacions comercials<\/b><span style=\"font-weight: 400;\"> \u00e9s el consentiment que vost\u00e8 ens ha prestat (art. 6.1.a RGPD).<\/span><\/li>\n<li style=\"font-weight: 400;\" aria-level=\"1\"><b>Gesti\u00f3 de curr\u00edculums. <\/b><span style=\"font-weight: 400;\">La base legal que legitima el tractament de les seves dades del curr\u00edculum per a poder gestionar el corresponent proc\u00e9s de selecci\u00f3 \u00e9s la necessitat d&#8217;aplicar mesures precontractuals a petici\u00f3 de l&#8217;interessat o concloure un contracte (6.1.b RGPD). Pot obtenir m\u00e9s informaci\u00f3 en relaci\u00f3 amb aquest i altres tractaments realitzats durant el proc\u00e9s de selecci\u00f3, a la <a href=\"\/politica-de-privacidad\/\">Pol\u00edtica de Privacitat<\/a> per a Candidats de CELSA.<\/span><\/li>\n<\/ol>\n<h2>4. TERMINI DE CONSERVACI\u00d3 DE LES DADES<\/h2>\n<h3>Durant quant temps conservarem les seves dades?<\/h3>\n<p><span style=\"font-weight: 400;\">Les seves dades personals es conservaran pel per\u00edode de temps necessari per a complir amb les finalitats abans indicades. En particular:<\/span><\/p>\n<ul>\n<li style=\"font-weight: 400;\" aria-level=\"1\"><b>Finalitat 1<\/b><span style=\"font-weight: 400;\">: les seves dades es conservaran fins que es resolgui la sol\u00b7licitud d&#8217;informaci\u00f3.<\/span><\/li>\n<li style=\"font-weight: 400;\" aria-level=\"1\"><b>Finalitat 2:<\/b><span style=\"font-weight: 400;\"> les seves dades es conservaran mentre perduri la relaci\u00f3 comercial o contractual, aix\u00ed com mentre siguin necess\u00e0ries per a donar compliment a les obligacions legals aplicables o per a la defensa de reclamacions legals o responsabilitats que puguin derivar-se.<\/span><\/li>\n<li style=\"font-weight: 400;\" aria-level=\"1\"><b>Finalitat 3:<\/b><span style=\"font-weight: 400;\"> les seves dades es conservaran fins que s&#8217;oposi a l&#8217;enviament de comunicacions comercials.<\/span><\/li>\n<li style=\"font-weight: 400;\" aria-level=\"1\"><b>Finalitat 4:<\/b><span style=\"font-weight: 400;\"> les seves dades es conservaran mentre perduri el proc\u00e9s de selecci\u00f3, excepte en el cas que consenteixi la seva conservaci\u00f3 per a futures posicions a l&#8217;empresa, la qual cosa en cap cas superar\u00e0 un any des de la seva recepci\u00f3.<\/span><\/li>\n<\/ul>\n<p><span style=\"font-weight: 400;\">Aix\u00ed mateix, les seves dades personals es conservaran amb les mesures t\u00e8cniques i organitzatives necess\u00e0ries per a garantir la seguretat i integritat de les dades.<\/span><\/p>\n<h2>5. DESTINATARIS<\/h2>\n<h3>A quins destinataris es comunicaran les seves dades?<\/h3>\n<p><span style=\"font-weight: 400;\">En el cas que hagi prestat el seu consentiment per a la finalitat (3) indicada a l&#8217;apartat segon o, si escau, per a fins administratius, les seves dades es comunicaran a la resta d&#8217;empreses que es troben integrades en el grup d&#8217;empreses que operen sota la denominaci\u00f3 Celsa, la relaci\u00f3 actualitzada de les quals figura a les p\u00e0gines oficials d&#8217;aquestes empreses o a\u00a0<\/span><a href=\"https:\/\/celsagroup.com\/donde-estamos\/#donde-estamos-anchor\"><span style=\"font-weight: 400;\">On est\u00e0 Celsa \u2013 Pres\u00e8ncia internacional<\/span><\/a><span style=\"font-weight: 400;\">.<\/span><\/p>\n<p><span style=\"font-weight: 400;\">Aix\u00ed mateix, les seves dades tamb\u00e9 podran ser cedides a tercers en aquells casos en qu\u00e8 existeixi un encarregat del tractament o hi hagi una obligaci\u00f3 legal aplicable a l&#8217;Empresa de Celsa.<\/span><\/p>\n<p><span style=\"font-weight: 400;\">Addicionalment, les seves dades personals podran ser cedides a organismes i autoritats p\u00fabliques, sempre que siguin requerides de conformitat amb les disposicions legals i reglament\u00e0ries.<\/span><\/p>\n<p><span style=\"font-weight: 400;\">L&#8217;informem que, en cas de comunicar les seves dades personals a destinataris ubicats en territoris fora de l&#8217;Espai Econ\u00f2mic Europeu, que no disposin d&#8217;una decisi\u00f3 d&#8217;adequaci\u00f3, adoptarem les corresponents garanties adequades per a poder garantir un nivell de protecci\u00f3 equivalent al previst en el RGPD, en particular, mitjan\u00e7ant la subscripci\u00f3 de les cl\u00e0usules contractuals tipus aprovades per la Comissi\u00f3 Europea.<\/span><\/p>\n<h2>6. DRETS<\/h2>\n<h3>Quins s\u00f3n els seus drets quan ens facilita les seves dades i com pot exercir-los?<\/h3>\n<p><span style=\"font-weight: 400;\">Com a titular dels drets de la seva informaci\u00f3 personal, t\u00e9 el control sobre aquestes dades. D\u2019aquesta manera, tamb\u00e9 ens assegurem que la informaci\u00f3 sigui precisa i vera\u00e7.<\/span><\/p>\n<p><span style=\"font-weight: 400;\">Els drets que pot exercir s\u00f3n:<\/span><\/p>\n<ul>\n<li style=\"font-weight: 400;\" aria-level=\"1\"><span style=\"text-decoration: underline;\"><span style=\"font-weight: 400;\">Dret d&#8217;Acc\u00e9s: <\/span><\/span><span style=\"font-weight: 400;\">t\u00e9 dret a accedir a les seves dades personals, aix\u00ed com a sol\u00b7licitar la rectificaci\u00f3 de les dades inexactes o, si escau, a sol\u00b7licitar la supressi\u00f3 d&#8217;aquestes quan, entre altres motius, les dades ja no siguin necess\u00e0ries per als fins per als quals van ser recollides.<\/span> <span style=\"font-weight: 400;\">T\u00e9 dret a obtenir informaci\u00f3 sobre si a l\u2019Empresa de Celsa estem tractant dades personals que li concerneixen.<\/span><\/li>\n<li style=\"font-weight: 400;\" aria-level=\"1\"><span style=\"text-decoration: underline;\"><span style=\"font-weight: 400;\">Dret de Limitaci\u00f3 al tractament<\/span><\/span><span style=\"font-weight: 400;\"><span style=\"text-decoration: underline;\">:<\/span> En determinades circumst\u00e0ncies, podr\u00e0 sol\u00b7licitar la limitaci\u00f3 del tractament de les seves dades, en aquest cas \u00fanicament les conservarem per a l\u2019exercici o la defensa de reclamacions.<\/span><\/li>\n<li style=\"font-weight: 400;\" aria-level=\"1\"><span style=\"text-decoration: underline;\"><span style=\"font-weight: 400;\">Dret d&#8217;oposici\u00f3:<\/span><\/span><span style=\"font-weight: 400;\"> En base a motius relacionats amb la seva situaci\u00f3 particular, podr\u00e0 tamb\u00e9 oposar-se al tractament de les seves dades. En aquest cas, l\u2019Empresa de Celsa deixar\u00e0 de tractar les seves dades, excepte per motius leg\u00edtims imperiosos, o per a l\u2019exercici d\u2019accions legals o la defensa respecte a possibles reclamacions.<\/span><\/li>\n<li style=\"font-weight: 400;\" aria-level=\"1\"><span style=\"text-decoration: underline;\"><span style=\"font-weight: 400;\">Dret a la portabilitat: <\/span><\/span><span style=\"font-weight: 400;\">Podr\u00e0 sol\u00b7licitar la portabilitat de les dades que ens ha facilitat a un altre responsable de tractament, en determinades circumst\u00e0ncies.<\/span><\/li>\n<li style=\"font-weight: 400;\" aria-level=\"1\"><span style=\"text-decoration: underline;\"><span style=\"font-weight: 400;\">Dret de Rectificaci\u00f3 i Supressi\u00f3:<\/span><\/span><span style=\"font-weight: 400;\">\u00a0 Podr\u00e0 accedir a la seva informaci\u00f3 personal i sol\u00b7licitar la rectificaci\u00f3, aix\u00ed com la supressi\u00f3 de les seves dades quan siguin inexactes o consideri que ja no s\u00f3n necess\u00e0ries per als fins per als quals van ser recollides.<\/span><\/li>\n<\/ul>\n<p><span style=\"font-weight: 400;\">Si desitja exercir qualsevol dels seus drets, pot adre\u00e7ar-se a nosaltres a trav\u00e9s dels enlla\u00e7os habilitats, que trobar\u00e0 en els correus electr\u00f2nics i comunicacions de Celsa, a trav\u00e9s del correu electr\u00f2nic\u00a0<\/span><a href=\"mailto:GDPR@gcelsa.com\"><span style=\"font-weight: 400;\">GDPR@gcelsa.com<\/span><\/a><span style=\"font-weight: 400;\">\u00a0, o a trav\u00e9s de correu postal, a l\u2019atenci\u00f3 del Comit\u00e8 de Ciberseguretat i Privacitat, a la seg\u00fcent adre\u00e7a: CARRER FERRALLA, N\u00ba 12, POL\u00cdGON INDUSTRIAL SAN VICENTE, CASTELLBISBAL (08755), ESPANYA. Per tal que puguem resoldre la seva sol\u00b7licitud de manera eficient, li preguem que concreti l\u2019objecte de la seva sol\u00b7licitud, aix\u00ed com que s\u2019identifiqui correctament.<\/span><\/p>\n<p><span style=\"font-weight: 400;\">Finalment, l&#8217;informem que pot adre\u00e7ar-se a l\u2019Ag\u00e8ncia Espanyola de Protecci\u00f3 de Dades (<\/span><a href=\"https:\/\/www.aepd.es\/\"><span style=\"font-weight: 400;\">Ag\u00e8ncia Espanyola de Protecci\u00f3 de Dades | AEPD<\/span><\/a><span style=\"font-weight: 400;\"> ) i altres organismes p\u00fablics competents per a qualsevol reclamaci\u00f3 derivada del tractament de les seves dades personals.<\/span><\/p>\n<p>\u00a0<\/p>\n<h4>\u00a9 2025 CELSA FERIMET \u2013 Tots els drets reservats.<\/h4>\n\t\t\t<\/div>\n\t\n\t\t<\/div>\n\t\t\t\t\t<\/div>\n\n\t\n<\/div>\n\t<div id=\"gap-1761756593\" class=\"gap-element clearfix\" style=\"display:block; height:auto;\">\n\t\t\n<style>\n#gap-1761756593 {\n  padding-top: 80px;\n}\n<\/style>\n\t<\/div>\n\t\n\t\t<\/div>\n\n\t\t\n<style>\n#section_648680483 {\n  padding-top: 30px;\n  padding-bottom: 30px;\n}\n<\/style>\n\t<\/section>\n\t\n","protected":false},"excerpt":{"rendered":"","protected":false},"author":1,"featured_media":0,"parent":0,"menu_order":0,"comment_status":"closed","ping_status":"closed","template":"page-transparent-header.php","meta":{"_acf_changed":false,"footnotes":""},"class_list":["post-3518","page","type-page","status-publish","hentry"],"acf":[],"yoast_head":"<!-- This site is optimized with the Yoast SEO plugin v27.1.1 - https:\/\/yoast.com\/product\/yoast-seo-wordpress\/ -->\n<title>Pol\u00edtica de privacitat de Ferimet<\/title>\n<meta name=\"description\" content=\"Coneix tota la pol\u00edtica de privacitat del tractament de les dades personals recollides per la companyia Ferimet.\" \/>\n<meta name=\"robots\" content=\"index, follow, max-snippet:-1, max-image-preview:large, max-video-preview:-1\" \/>\n<link rel=\"canonical\" href=\"https:\/\/ferimet.com\/ca\/politica-de-privacitat\/\" \/>\n<meta property=\"og:locale\" content=\"ca_ES\" \/>\n<meta property=\"og:type\" content=\"article\" \/>\n<meta property=\"og:title\" content=\"Pol\u00edtica de privacitat de Ferimet\" \/>\n<meta property=\"og:description\" content=\"Coneix tota la pol\u00edtica de privacitat del tractament de les dades personals recollides per la companyia Ferimet.\" \/>\n<meta property=\"og:url\" content=\"https:\/\/ferimet.com\/ca\/politica-de-privacitat\/\" \/>\n<meta property=\"og:site_name\" content=\"Ferimet\" \/>\n<meta property=\"article:modified_time\" content=\"2025-02-28T11:15:51+00:00\" \/>\n<meta name=\"twitter:card\" content=\"summary_large_image\" \/>\n<meta name=\"twitter:site\" content=\"@CelsaGroup\" \/>\n<meta name=\"twitter:label1\" content=\"Temps estimat de lectura\" \/>\n\t<meta name=\"twitter:data1\" content=\"5 minuts\" \/>\n<script type=\"application\/ld+json\" class=\"yoast-schema-graph\">{\"@context\":\"https:\/\/schema.org\",\"@graph\":[{\"@type\":\"WebPage\",\"@id\":\"https:\/\/ferimet.com\/ca\/politica-de-privacitat\/\",\"url\":\"https:\/\/ferimet.com\/ca\/politica-de-privacitat\/\",\"name\":\"Pol\u00edtica de privacitat de Ferimet\",\"isPartOf\":{\"@id\":\"https:\/\/ferimet.com\/ca\/#website\"},\"datePublished\":\"2023-10-03T08:54:40+00:00\",\"dateModified\":\"2025-02-28T11:15:51+00:00\",\"description\":\"Coneix tota la pol\u00edtica de privacitat del tractament de les dades personals recollides per la companyia Ferimet.\",\"breadcrumb\":{\"@id\":\"https:\/\/ferimet.com\/ca\/politica-de-privacitat\/#breadcrumb\"},\"inLanguage\":\"ca\",\"potentialAction\":[{\"@type\":\"ReadAction\",\"target\":[\"https:\/\/ferimet.com\/ca\/politica-de-privacitat\/\"]}]},{\"@type\":\"BreadcrumbList\",\"@id\":\"https:\/\/ferimet.com\/ca\/politica-de-privacitat\/#breadcrumb\",\"itemListElement\":[{\"@type\":\"ListItem\",\"position\":1,\"name\":\"Home\",\"item\":\"https:\/\/ferimet.com\/ca\/\"},{\"@type\":\"ListItem\",\"position\":2,\"name\":\"Pol\u00edtica de privacitat\"}]},{\"@type\":\"WebSite\",\"@id\":\"https:\/\/ferimet.com\/ca\/#website\",\"url\":\"https:\/\/ferimet.com\/ca\/\",\"name\":\"Ferimet\",\"description\":\"\",\"publisher\":{\"@id\":\"https:\/\/ferimet.com\/ca\/#organization\"},\"potentialAction\":[{\"@type\":\"SearchAction\",\"target\":{\"@type\":\"EntryPoint\",\"urlTemplate\":\"https:\/\/ferimet.com\/ca\/?s={search_term_string}\"},\"query-input\":{\"@type\":\"PropertyValueSpecification\",\"valueRequired\":true,\"valueName\":\"search_term_string\"}}],\"inLanguage\":\"ca\"},{\"@type\":\"Organization\",\"@id\":\"https:\/\/ferimet.com\/ca\/#organization\",\"name\":\"Ferimet\",\"url\":\"https:\/\/ferimet.com\/ca\/\",\"logo\":{\"@type\":\"ImageObject\",\"inLanguage\":\"ca\",\"@id\":\"https:\/\/ferimet.com\/ca\/#\/schema\/logo\/image\/\",\"url\":\"https:\/\/ferimet.com\/wp-content\/uploads\/2023\/09\/logo-ferimet-footer.svg\",\"contentUrl\":\"https:\/\/ferimet.com\/wp-content\/uploads\/2023\/09\/logo-ferimet-footer.svg\",\"width\":1,\"height\":1,\"caption\":\"Ferimet\"},\"image\":{\"@id\":\"https:\/\/ferimet.com\/ca\/#\/schema\/logo\/image\/\"},\"sameAs\":[\"https:\/\/x.com\/CelsaGroup\",\"https:\/\/www.linkedin.com\/company\/celsa\",\"https:\/\/www.instagram.com\/celsa_group\/\"]}]}<\/script>\n<!-- \/ Yoast SEO plugin. -->","yoast_head_json":{"title":"Pol\u00edtica de privacitat de Ferimet","description":"Coneix tota la pol\u00edtica de privacitat del tractament de les dades personals recollides per la companyia Ferimet.","robots":{"index":"index","follow":"follow","max-snippet":"max-snippet:-1","max-image-preview":"max-image-preview:large","max-video-preview":"max-video-preview:-1"},"canonical":"https:\/\/ferimet.com\/ca\/politica-de-privacitat\/","og_locale":"ca_ES","og_type":"article","og_title":"Pol\u00edtica de privacitat de Ferimet","og_description":"Coneix tota la pol\u00edtica de privacitat del tractament de les dades personals recollides per la companyia Ferimet.","og_url":"https:\/\/ferimet.com\/ca\/politica-de-privacitat\/","og_site_name":"Ferimet","article_modified_time":"2025-02-28T11:15:51+00:00","twitter_card":"summary_large_image","twitter_site":"@CelsaGroup","twitter_misc":{"Temps estimat de lectura":"5 minuts"},"schema":{"@context":"https:\/\/schema.org","@graph":[{"@type":"WebPage","@id":"https:\/\/ferimet.com\/ca\/politica-de-privacitat\/","url":"https:\/\/ferimet.com\/ca\/politica-de-privacitat\/","name":"Pol\u00edtica de privacitat de Ferimet","isPartOf":{"@id":"https:\/\/ferimet.com\/ca\/#website"},"datePublished":"2023-10-03T08:54:40+00:00","dateModified":"2025-02-28T11:15:51+00:00","description":"Coneix tota la pol\u00edtica de privacitat del tractament de les dades personals recollides per la companyia Ferimet.","breadcrumb":{"@id":"https:\/\/ferimet.com\/ca\/politica-de-privacitat\/#breadcrumb"},"inLanguage":"ca","potentialAction":[{"@type":"ReadAction","target":["https:\/\/ferimet.com\/ca\/politica-de-privacitat\/"]}]},{"@type":"BreadcrumbList","@id":"https:\/\/ferimet.com\/ca\/politica-de-privacitat\/#breadcrumb","itemListElement":[{"@type":"ListItem","position":1,"name":"Home","item":"https:\/\/ferimet.com\/ca\/"},{"@type":"ListItem","position":2,"name":"Pol\u00edtica de privacitat"}]},{"@type":"WebSite","@id":"https:\/\/ferimet.com\/ca\/#website","url":"https:\/\/ferimet.com\/ca\/","name":"Ferimet","description":"","publisher":{"@id":"https:\/\/ferimet.com\/ca\/#organization"},"potentialAction":[{"@type":"SearchAction","target":{"@type":"EntryPoint","urlTemplate":"https:\/\/ferimet.com\/ca\/?s={search_term_string}"},"query-input":{"@type":"PropertyValueSpecification","valueRequired":true,"valueName":"search_term_string"}}],"inLanguage":"ca"},{"@type":"Organization","@id":"https:\/\/ferimet.com\/ca\/#organization","name":"Ferimet","url":"https:\/\/ferimet.com\/ca\/","logo":{"@type":"ImageObject","inLanguage":"ca","@id":"https:\/\/ferimet.com\/ca\/#\/schema\/logo\/image\/","url":"https:\/\/ferimet.com\/wp-content\/uploads\/2023\/09\/logo-ferimet-footer.svg","contentUrl":"https:\/\/ferimet.com\/wp-content\/uploads\/2023\/09\/logo-ferimet-footer.svg","width":1,"height":1,"caption":"Ferimet"},"image":{"@id":"https:\/\/ferimet.com\/ca\/#\/schema\/logo\/image\/"},"sameAs":["https:\/\/x.com\/CelsaGroup","https:\/\/www.linkedin.com\/company\/celsa","https:\/\/www.instagram.com\/celsa_group\/"]}]}},"_links":{"self":[{"href":"https:\/\/ferimet.com\/ca\/wp-json\/wp\/v2\/pages\/3518","targetHints":{"allow":["GET"]}}],"collection":[{"href":"https:\/\/ferimet.com\/ca\/wp-json\/wp\/v2\/pages"}],"about":[{"href":"https:\/\/ferimet.com\/ca\/wp-json\/wp\/v2\/types\/page"}],"author":[{"embeddable":true,"href":"https:\/\/ferimet.com\/ca\/wp-json\/wp\/v2\/users\/1"}],"replies":[{"embeddable":true,"href":"https:\/\/ferimet.com\/ca\/wp-json\/wp\/v2\/comments?post=3518"}],"version-history":[{"count":49,"href":"https:\/\/ferimet.com\/ca\/wp-json\/wp\/v2\/pages\/3518\/revisions"}],"predecessor-version":[{"id":4921,"href":"https:\/\/ferimet.com\/ca\/wp-json\/wp\/v2\/pages\/3518\/revisions\/4921"}],"wp:attachment":[{"href":"https:\/\/ferimet.com\/ca\/wp-json\/wp\/v2\/media?parent=3518"}],"curies":[{"name":"wp","href":"https:\/\/api.w.org\/{rel}","templated":true}]}}