{"id":3529,"date":"2023-09-27T08:17:11","date_gmt":"2023-09-27T07:17:11","guid":{"rendered":"https:\/\/ferimet.enproceso.es\/politica-de-galetes\/"},"modified":"2025-02-28T12:23:46","modified_gmt":"2025-02-28T11:23:46","slug":"politica-de-cookies","status":"publish","type":"page","link":"https:\/\/ferimet.com\/ca\/politica-de-cookies\/","title":{"rendered":"Pol\u00edtica de Cookies"},"content":{"rendered":"\n\t<section class=\"section\" id=\"section_1746657832\">\n\t\t<div class=\"section-bg fill\" >\n\t\t\t\t\t\t\t\t\t\n\t\t\t\n\n\t\t<\/div>\n\n\t\t\n\n\t\t<div class=\"section-content relative\">\n\t\t\t\n\n  <div class=\"banner has-hover\" id=\"banner-569345651\">\n          <div class=\"banner-inner fill\">\n        <div class=\"banner-bg fill\" >\n                                                \n                    <\/div>\n\t\t\n        <div class=\"banner-layers container\">\n            <div class=\"fill banner-link\"><\/div>            \n   <div id=\"text-box-983663136\" class=\"text-box banner-layer x50 md-x50 lg-x50 y50 md-y50 lg-y50 res-text\">\n                                <div class=\"text-box-content text dark\">\n              \n              <div class=\"text-inner text-center\">\n                  \n\t<div id=\"text-1600654892\" class=\"text slide-interiores\">\n\t\t\n<p>Pol\u00edtica de galetes<br \/>\n\t\t\t<\/div>\n\t\n              <\/div>\n           <\/div>\n                            \n<style>\n#text-box-983663136 {\n  width: 100%;\n}\n#text-box-983663136 .text-box-content {\n  font-size: 100%;\n}\n@media (min-width:550px) {\n  #text-box-983663136 {\n    width: 94%;\n  }\n}\n<\/style>\n    <\/div>\n \n        <\/div>\n      <\/div>\n\n            \n<style>\n#banner-569345651 {\n  padding-top: 358px;\n}\n#banner-569345651 .banner-bg img {\n  object-position: 0% 73%;\n}\n<\/style>\n  <\/div>\n\n\n\t\t<\/div>\n\n\t\t\n<style>\n#section_1746657832 {\n  padding-top: 0px;\n  padding-bottom: 0px;\n}\n<\/style>\n\t<\/section>\n\t\n\n\t<section class=\"section\" id=\"section_339672366\">\n\t\t<div class=\"section-bg fill\" >\n\t\t\t\t\t\t\t\t\t\n\t\t\t\n\n\t\t<\/div>\n\n\t\t\n\n\t\t<div class=\"section-content relative\">\n\t\t\t\n<div class=\"row\"  id=\"row-1141458721\">\n\n\t<div id=\"col-78873720\" class=\"col small-12 large-12\"  >\n\t\t\t\t<div class=\"col-inner\"  >\n\t\t\t\n\t\t\t\n<span><span><a href=\"https:\/\/ferimet.com\/ca\/\">Home<\/a><\/span><\/span>\n\t\t<\/div>\n\t\t\t\t\t<\/div>\n\n\t\n<\/div>\n\t\t<\/div>\n\n\t\t\n<style>\n#section_339672366 {\n  padding-top: 30px;\n  padding-bottom: 30px;\n}\n<\/style>\n\t<\/section>\n\t\n\n\t<section class=\"section\" id=\"section_234795655\">\n\t\t<div class=\"section-bg fill\" >\n\t\t\t\t\t\t\t\t\t\n\t\t\t\n\n\t\t<\/div>\n\n\t\t\n\n\t\t<div class=\"section-content relative\">\n\t\t\t\n<div class=\"row\"  id=\"row-338118777\">\n\n\t<div id=\"col-1280911476\" class=\"col small-12 large-12\"  >\n\t\t\t\t<div class=\"col-inner\"  >\n\t\t\t\n\t\t\t\n<h1>Pol\u00edtica de Cookies<\/h1>\n<p>En compliment de l&#8217;article 22.2 de la Llei 34\/2002, de Serveis de la Societat de la Informaci\u00f3, aquesta Pol\u00edtica de Cookies t\u00e9 per finalitat informar-lo de manera clara i precisa sobre les cookies que s&#8217;utilitzen en <a href=\"http:\/\/www.ferimet.com\">www.ferimet.com<\/a> i les seves finalitats.<\/p>\n<h2>1. Qu\u00e8 s\u00f3n les Cookies?<\/h2>\n<p>Les cookies s\u00f3n petites quantitats d&#8217;informaci\u00f3 que es descarreguen en el dispositiu de l&#8217;usuari quan visita el nostre lloc web, permetent millorar-ne la qualitat i usabilitat (mitjan\u00e7ant identificadors que no permeten identificar-lo com a persona f\u00edsica).<\/p>\n<p>Les cookies s\u00f3n essencials per al funcionament d&#8217;internet. No poden danyar l&#8217;equip o dispositiu dels usuaris i, si es troben activades en la configuraci\u00f3 del seu navegador, ens ajuden a identificar i resoldre possibles errors de funcionament del nostre lloc web.<\/p>\n<h2>2. Tipologia de Cookies i finalitats d&#8217;\u00fas.<\/h2>\n<p>En navegar per aquest lloc web s&#8217;utilitzen cookies pr\u00f2pies i de tercers.<\/p>\n<ul>\n<li>Les cookies pr\u00f2pies s\u00f3n aquelles que CELSA envia al seu dispositiu.<\/li>\n<li>Les cookies de tercers s\u00f3n aquelles enviades al seu dispositiu per altres entitats, per exemple, les usades per xarxes socials o per complements externs de contingut.<\/li>\n<\/ul>\n<p>Alhora, les cookies es poden classificar en tipus segons la seva funci\u00f3 o finalitat (categories).<\/p>\n<p>Segons la funci\u00f3, existeixen diversos tipus de cookies, com per exemple:<\/p>\n<ul>\n<li><u>Cookies de sessi\u00f3<\/u>: s\u00f3n cookies dissenyades per recollir i emmagatzemar dades mentre l&#8217;usuari accedeix a una p\u00e0gina web. S&#8217;utilitzen per emmagatzemar informaci\u00f3 que nom\u00e9s interessa conservar per a la prestaci\u00f3 del servei sol\u00b7licitat per l&#8217;usuari en una sola ocasi\u00f3.<\/li>\n<li><u>Cookies persistents o permanents<\/u>: s\u00f3n un tipus de cookies en qu\u00e8 les dades romanen emmagatzemades en el terminal i a les quals es pot accedir i tractar durant un per\u00edode definit pel responsable de la cookie, que pot anar des d&#8217;uns minuts fins a diversos anys.<\/li>\n<li><u>Cookies de funcionalitat<\/u>: s\u00f3n aquelles que permeten recordar decisions adoptades per l&#8217;usuari, com el seu inici de sessi\u00f3 o identificadors. La informaci\u00f3 d&#8217;aquestes cookies \u00e9s an\u00f2nima.<\/li>\n<li><u>Cookies d&#8217;an\u00e0lisi<\/u>: s\u00f3n aquelles que tenen per finalitat el manteniment peri\u00f2dic i garantir el millor funcionament i servei a l&#8217;usuari, recopilant dades de la seva activitat.<\/li>\n<\/ul>\n<p>Segons la finalitat per a la qual s&#8217;empren, aquest lloc web utilitza les seg\u00fcents tipologies de cookies:<\/p>\n<ul>\n<li><u>Cookies t\u00e8cniques<\/u>: permeten a l&#8217;usuari la navegaci\u00f3 a trav\u00e9s d&#8217;una p\u00e0gina web i la utilitzaci\u00f3 de les diferents opcions o serveis.<\/li>\n<li><u>Cookies d&#8217;estad\u00edstiques<\/u>: s\u00f3n utilitzades per con\u00e8ixer com interactua l&#8217;usuari amb la p\u00e0gina web, reunint informaci\u00f3 an\u00f2nima durant la navegaci\u00f3.<\/li>\n<li><u>Cookies de m\u00e0rqueting o publicit\u00e0ries<\/u>: s&#8217;utilitzen per analitzar el comportament de l&#8217;usuari mentre visita la p\u00e0gina web i oferir publicitat personalitzada.<\/li>\n<\/ul>\n<h3>Cookies pr\u00f2pies:<\/h3>\n<p>Les creades o gestionades pel responsable de la p\u00e0gina web, en aquest cas CELSA Group\u2122.<\/p>\n<table width=\"99%\">\n<tbody>\n<tr>\n<td><strong>FINALITAT<\/strong><\/td>\n<td><strong>COOKIE<\/strong><\/td>\n<td><strong>DURADA<\/strong><\/td>\n<\/tr>\n<tr>\n<td>COOKIES NECESS\u00c0RIES<\/td>\n<td>visid_incap_*<\/td>\n<td>1 any<\/td>\n<\/tr>\n<tr>\n<td>COOKIES NECESS\u00c0RIES<\/td>\n<td>incap_ses_*<\/td>\n<td>Sessi\u00f3<\/td>\n<\/tr>\n<tr>\n<td>COOKIES NECESS\u00c0RIES<\/td>\n<td>cookieyes-consent<\/td>\n<td>1 any<\/td>\n<\/tr>\n<\/tbody>\n<\/table>\n<h3>Cookies de tercers:<\/h3>\n<p>Les administrades per prestadors de serveis aliens a CELSA Group\u2122.<\/p>\n<table width=\"99%\">\n<tbody>\n<tr>\n<td><strong>FINALITAT<\/strong><\/td>\n<td><strong>COOKIE<\/strong><\/td>\n<td><strong>DURADA<\/strong><\/td>\n<\/tr>\n<tr>\n<td>COOKIES PUBLICIT\u00c0RIES &#8211; TWITTER<\/td>\n<td>personalization_id<\/td>\n<td>1 any, 1 mes i 4 dies<\/td>\n<\/tr>\n<tr>\n<td>COOKIES PUBLICIT\u00c0RIES &#8211; TWITTER<\/td>\n<td>muc_ads<\/td>\n<td>1 any, 1 mes i 4 dies<\/td>\n<\/tr>\n<tr>\n<td>COOKIES NECESS\u00c0RIES &#8211; GOOGLE<\/td>\n<td>_GRECAPTCHA<\/td>\n<td>5 mesos i 27 dies<\/td>\n<\/tr>\n<tr>\n<td>COOKIES ANAL\u00cdTIQUES &#8211; FACEBOOK<\/td>\n<td>_fbp<\/td>\n<td>3 mesos<\/td>\n<\/tr>\n<tr>\n<td>COOKIES ANAL\u00cdTIQUES &#8211; GOOGLE<\/td>\n<td>_gid<\/td>\n<td>1 dia<\/td>\n<\/tr>\n<tr>\n<td>COOKIES ANAL\u00cdTIQUES &#8211; GOOGLE<\/td>\n<td>_gat_gtag_UA_*<\/td>\n<td>1 minut<\/td>\n<\/tr>\n<tr>\n<td>COOKIES ANAL\u00cdTIQUES &#8211; GOOGLE<\/td>\n<td>_ga_*<\/td>\n<td>1 any, 1 mes i 4 dies<\/td>\n<\/tr>\n<tr>\n<td>COOKIES ANAL\u00cdTIQUES &#8211; GOOGLE<\/td>\n<td>_ga<\/td>\n<td>1 any, 1 mes i 4 dies<\/td>\n<\/tr>\n<tr>\n<td>COOKIES ANAL\u00cdTIQUES &#8211; GOOGLE<\/td>\n<td>___utmvc<\/td>\n<td>Menys d&#8217;1 minut<\/td>\n<\/tr>\n<\/tbody>\n<\/table>\n<ul>\n<li><a href=\"https:\/\/twitter.com\/es\/privacy\" target=\"_blank\" rel=\"noopener\">Pol\u00edtica de privacitat Twitter<\/a><\/li>\n<li><a href=\"https:\/\/es-es.facebook.com\/privacy\/policies\/cookies\/?entry_point=cookie_policy_redirect&amp;entry=0\" target=\"_blank\" rel=\"noopener\">Pol\u00edtica de privacitat Meta<\/a><\/li>\n<li><a href=\"https:\/\/policies.google.com\/technologies\/cookies?hl=ca\" target=\"_blank\" rel=\"noopener\">Pol\u00edtica de privacitat Google Analytics<\/a><\/li>\n<\/ul>\n<p>En funci\u00f3 de la navegaci\u00f3 de l&#8217;usuari es poden instal\u00b7lar totes o nom\u00e9s algunes de les cookies.<\/p>\n<h2>3. Desactivaci\u00f3 o eliminaci\u00f3 de les Cookies.<\/h2>\n<p><span style=\"font-weight: 400;\">En accedir al lloc web, es mostra un av\u00eds de cookies en el qual s&#8217;informa de la manera en qu\u00e8 pot prestar o rebutjar el seu consentiment per a instal\u00b7lar les cookies. L&#8217;usuari en qualsevol moment podr\u00e0 rebutjar o configurar l&#8217;\u00fas de cookies a trav\u00e9s de la pantalla de configuraci\u00f3.<\/span><\/p>\n<p><span style=\"font-weight: 400;\">Aix\u00ed mateix, l&#8217;usuari t\u00e9 la possibilitat de configurar el seu navegador per deshabilitar o eliminar, en qualsevol moment, les cookies, o esborrar les seves dades de navegaci\u00f3. <\/span><\/p>\n<p><span style=\"font-weight: 400;\">A continuaci\u00f3, li facilitem informaci\u00f3 sobre els principals navegadors, per\u00f2 en cas de dubte consulti el men\u00fa d&#8217;ajuda del seu navegador:<\/span><\/p>\n<ul>\n<li style=\"font-weight: 400;\" aria-level=\"1\"><a href=\"https:\/\/support.google.com\/chrome\/answer\/95647?hl=ca\"><span style=\"font-weight: 400;\">Configuraci\u00f3 de cookies per a Google Chrome<\/span><\/a><\/li>\n<li style=\"font-weight: 400;\" aria-level=\"1\"><a href=\"https:\/\/support.mozilla.org\/ca\/kb\/activacio-i-desactivacio-de-les-cookies\"><span style=\"font-weight: 400;\">Configuraci\u00f3 de cookies per a Mozilla Firefox<\/span><\/a><\/li>\n<li style=\"font-weight: 400;\" aria-level=\"1\"><a href=\"https:\/\/support.microsoft.com\/ca-es\/help\/278835\/how-to-delete-cookie-files-in-internet-explorer\"><span style=\"font-weight: 400;\">Configuraci\u00f3 de cookies per a Internet Explorer<\/span><\/a><\/li>\n<li style=\"font-weight: 400;\" aria-level=\"1\"><a href=\"https:\/\/support.apple.com\/ca-es\/HT201265\"><span style=\"font-weight: 400;\">Configuraci\u00f3 de cookies per a Safari<\/span><\/a><\/li>\n<li style=\"font-weight: 400;\" aria-level=\"1\"><a href=\"https:\/\/support.microsoft.com\/ca-es\/microsoft-edge\/eliminar-les-cookies-en-microsoft-edge-63947406-40ac-c3b8-57b9-2a946a29ae09\"><span style=\"font-weight: 400;\">Configuraci\u00f3 de cookies en Microsoft Edge<\/span><\/a><\/li>\n<\/ul>\n<p><span style=\"font-weight: 400;\">Li recordem que pot utilitzar el mode de navegaci\u00f3 privada en el seu navegador, evitant que quedin guardats l&#8217;historial de navegaci\u00f3 i les Cookies.<\/span><\/p>\n<p><span style=\"font-weight: 400;\">El lloc web tamb\u00e9 usa cookies en dispositius m\u00f2bils. Pot modificar les opcions de privacitat del seu dispositiu accedint als seg\u00fcent enlla\u00e7os, on s&#8217;ofereixen instruccions per gestionar les seves prefer\u00e8ncies<\/span><\/p>\n<p><span style=\"text-decoration: underline;\"><span style=\"font-weight: 400;\">IOS | Windows Phone | Chrome Mobile | Opera Mobile<\/span><\/span><\/p>\n<p><span style=\"font-weight: 400;\">Recordi que si desactiva les cookies certes funcions poden no estar disponibles.<\/span><\/p>\n<h2>4. Actualitzacions i canvis en la Pol\u00edtica de Cookies.<\/h2>\n<p>Celsa pot modificar aquesta Pol\u00edtica de Cookies amb la finalitat d&#8217;adequar-la a possibles nous desenvolupaments de la web, aix\u00ed com en funci\u00f3 de noves exig\u00e8ncies legislatives, reglament\u00e0ries, o amb la finalitat d&#8217;adaptar aquesta pol\u00edtica a les instruccions dictades per l&#8217;Autoritat de Protecci\u00f3 de Dades. Quan es produeixin canvis significatius en aquesta Pol\u00edtica de Cookies es comunicar\u00e0 a l&#8217;usuari, b\u00e9 mitjan\u00e7ant un av\u00eds informatiu en el lloc web, o b\u00e9 a trav\u00e9s de correu electr\u00f2nic per als usuaris registrats.<\/p>\n<h2>5. Elaboraci\u00f3 de perfils<\/h2>\n<p>Utilitzem cookies de tercers que permeten l&#8217;elaboraci\u00f3 de perfils per a poder realitzar publicitat personalitzada basada en aquest perfil. Pots informar-te sobre aquest aspecte en les pol\u00edtiques dels tercers (veure els enlla\u00e7os facilitats en l&#8217;apartat &#8220;Quins tipus de cookies utilitza aquesta web&#8221;).<\/p>\n<h2>6. Transfer\u00e8ncies a tercers pa\u00efsos<\/h2>\n<p>Pots informar-te de les transfer\u00e8ncies a tercers pa\u00efsos que, si escau, realitzen els tercers identificats en aquesta pol\u00edtica de cookies en les seves corresponents pol\u00edtiques (veure els enlla\u00e7os facilitats en l&#8217;apartat &#8220;Quins tipus de cookies utilitza aquesta web&#8221;).<\/p>\n<h2>7. M\u00e9s informaci\u00f3<\/h2>\n<p>Si desitja obtenir m\u00e9s informaci\u00f3, si us plau accedeixi a la nostra <a href=\"\/politica-de-privacidad\/\">Pol\u00edtica de Privacitat<\/a> o posi&#8217;s en contacte amb nosaltres a trav\u00e9s de les dades que figuren a l&#8217;inici.<\/p>\n<p>Si desitja m\u00e9s informaci\u00f3 sobre quin \u00fas fem de les cookies, pot enviar-nos un e-mail a <a href=\"mailto:GDPR@gcelsa.com\">GDPR@gcelsa.com<\/a>.<\/p>\n<p>\u00a0<\/p>\n<h4>\u00a9 2025 FERIMET \u2013 Tots els drets reservats.<\/h4>\n\t\t<\/div>\n\t\t\t\t\t<\/div>\n\n\t\n<\/div>\n\t<div id=\"gap-1175478520\" class=\"gap-element clearfix\" style=\"display:block; height:auto;\">\n\t\t\n<style>\n#gap-1175478520 {\n  padding-top: 80px;\n}\n<\/style>\n\t<\/div>\n\t\n\t\t<\/div>\n\n\t\t\n<style>\n#section_234795655 {\n  padding-top: 30px;\n  padding-bottom: 30px;\n}\n<\/style>\n\t<\/section>\n\t\n","protected":false},"excerpt":{"rendered":"","protected":false},"author":1,"featured_media":0,"parent":0,"menu_order":0,"comment_status":"closed","ping_status":"closed","template":"","meta":{"_acf_changed":false,"footnotes":""},"class_list":["post-3529","page","type-page","status-publish","hentry"],"acf":[],"yoast_head":"<!-- This site is optimized with the Yoast SEO plugin v27.1.1 - https:\/\/yoast.com\/product\/yoast-seo-wordpress\/ -->\n<title>Pol\u00edtica de Cookies - Ferimet<\/title>\n<meta name=\"description\" content=\"La pol\u00edtica de Cookies de Ferimet vol informar de manera clara i precisa sobre el seu \u00fas i les finalitats d&#039;elles. Coneix-les en la p\u00e0gina.\" \/>\n<meta name=\"robots\" content=\"index, follow, max-snippet:-1, max-image-preview:large, max-video-preview:-1\" \/>\n<link rel=\"canonical\" href=\"https:\/\/ferimet.com\/ca\/politica-de-cookies\/\" \/>\n<meta property=\"og:locale\" content=\"ca_ES\" \/>\n<meta property=\"og:type\" content=\"article\" \/>\n<meta property=\"og:title\" content=\"Pol\u00edtica de Cookies - Ferimet\" \/>\n<meta property=\"og:description\" content=\"La pol\u00edtica de Cookies de Ferimet vol informar de manera clara i precisa sobre el seu \u00fas i les finalitats d&#039;elles. Coneix-les en la p\u00e0gina.\" \/>\n<meta property=\"og:url\" content=\"https:\/\/ferimet.com\/ca\/politica-de-cookies\/\" \/>\n<meta property=\"og:site_name\" content=\"Ferimet\" \/>\n<meta property=\"article:modified_time\" content=\"2025-02-28T11:23:46+00:00\" \/>\n<meta name=\"twitter:card\" content=\"summary_large_image\" \/>\n<meta name=\"twitter:site\" content=\"@CelsaGroup\" \/>\n<meta name=\"twitter:label1\" content=\"Temps estimat de lectura\" \/>\n\t<meta name=\"twitter:data1\" content=\"5 minuts\" \/>\n<script type=\"application\/ld+json\" class=\"yoast-schema-graph\">{\"@context\":\"https:\/\/schema.org\",\"@graph\":[{\"@type\":\"WebPage\",\"@id\":\"https:\/\/ferimet.com\/ca\/politica-de-cookies\/\",\"url\":\"https:\/\/ferimet.com\/ca\/politica-de-cookies\/\",\"name\":\"Pol\u00edtica de Cookies - Ferimet\",\"isPartOf\":{\"@id\":\"https:\/\/ferimet.com\/ca\/#website\"},\"datePublished\":\"2023-09-27T07:17:11+00:00\",\"dateModified\":\"2025-02-28T11:23:46+00:00\",\"description\":\"La pol\u00edtica de Cookies de Ferimet vol informar de manera clara i precisa sobre el seu \u00fas i les finalitats d'elles. Coneix-les en la p\u00e0gina.\",\"breadcrumb\":{\"@id\":\"https:\/\/ferimet.com\/ca\/politica-de-cookies\/#breadcrumb\"},\"inLanguage\":\"ca\",\"potentialAction\":[{\"@type\":\"ReadAction\",\"target\":[\"https:\/\/ferimet.com\/ca\/politica-de-cookies\/\"]}]},{\"@type\":\"BreadcrumbList\",\"@id\":\"https:\/\/ferimet.com\/ca\/politica-de-cookies\/#breadcrumb\",\"itemListElement\":[{\"@type\":\"ListItem\",\"position\":1,\"name\":\"Home\",\"item\":\"https:\/\/ferimet.com\/ca\/\"},{\"@type\":\"ListItem\",\"position\":2,\"name\":\"Pol\u00edtica de Cookies\"}]},{\"@type\":\"WebSite\",\"@id\":\"https:\/\/ferimet.com\/ca\/#website\",\"url\":\"https:\/\/ferimet.com\/ca\/\",\"name\":\"Ferimet\",\"description\":\"\",\"publisher\":{\"@id\":\"https:\/\/ferimet.com\/ca\/#organization\"},\"potentialAction\":[{\"@type\":\"SearchAction\",\"target\":{\"@type\":\"EntryPoint\",\"urlTemplate\":\"https:\/\/ferimet.com\/ca\/?s={search_term_string}\"},\"query-input\":{\"@type\":\"PropertyValueSpecification\",\"valueRequired\":true,\"valueName\":\"search_term_string\"}}],\"inLanguage\":\"ca\"},{\"@type\":\"Organization\",\"@id\":\"https:\/\/ferimet.com\/ca\/#organization\",\"name\":\"Ferimet\",\"url\":\"https:\/\/ferimet.com\/ca\/\",\"logo\":{\"@type\":\"ImageObject\",\"inLanguage\":\"ca\",\"@id\":\"https:\/\/ferimet.com\/ca\/#\/schema\/logo\/image\/\",\"url\":\"https:\/\/ferimet.com\/wp-content\/uploads\/2023\/09\/logo-ferimet-footer.svg\",\"contentUrl\":\"https:\/\/ferimet.com\/wp-content\/uploads\/2023\/09\/logo-ferimet-footer.svg\",\"width\":1,\"height\":1,\"caption\":\"Ferimet\"},\"image\":{\"@id\":\"https:\/\/ferimet.com\/ca\/#\/schema\/logo\/image\/\"},\"sameAs\":[\"https:\/\/x.com\/CelsaGroup\",\"https:\/\/www.linkedin.com\/company\/celsa\",\"https:\/\/www.instagram.com\/celsa_group\/\"]}]}<\/script>\n<!-- \/ Yoast SEO plugin. -->","yoast_head_json":{"title":"Pol\u00edtica de Cookies - Ferimet","description":"La pol\u00edtica de Cookies de Ferimet vol informar de manera clara i precisa sobre el seu \u00fas i les finalitats d'elles. Coneix-les en la p\u00e0gina.","robots":{"index":"index","follow":"follow","max-snippet":"max-snippet:-1","max-image-preview":"max-image-preview:large","max-video-preview":"max-video-preview:-1"},"canonical":"https:\/\/ferimet.com\/ca\/politica-de-cookies\/","og_locale":"ca_ES","og_type":"article","og_title":"Pol\u00edtica de Cookies - Ferimet","og_description":"La pol\u00edtica de Cookies de Ferimet vol informar de manera clara i precisa sobre el seu \u00fas i les finalitats d'elles. Coneix-les en la p\u00e0gina.","og_url":"https:\/\/ferimet.com\/ca\/politica-de-cookies\/","og_site_name":"Ferimet","article_modified_time":"2025-02-28T11:23:46+00:00","twitter_card":"summary_large_image","twitter_site":"@CelsaGroup","twitter_misc":{"Temps estimat de lectura":"5 minuts"},"schema":{"@context":"https:\/\/schema.org","@graph":[{"@type":"WebPage","@id":"https:\/\/ferimet.com\/ca\/politica-de-cookies\/","url":"https:\/\/ferimet.com\/ca\/politica-de-cookies\/","name":"Pol\u00edtica de Cookies - Ferimet","isPartOf":{"@id":"https:\/\/ferimet.com\/ca\/#website"},"datePublished":"2023-09-27T07:17:11+00:00","dateModified":"2025-02-28T11:23:46+00:00","description":"La pol\u00edtica de Cookies de Ferimet vol informar de manera clara i precisa sobre el seu \u00fas i les finalitats d'elles. Coneix-les en la p\u00e0gina.","breadcrumb":{"@id":"https:\/\/ferimet.com\/ca\/politica-de-cookies\/#breadcrumb"},"inLanguage":"ca","potentialAction":[{"@type":"ReadAction","target":["https:\/\/ferimet.com\/ca\/politica-de-cookies\/"]}]},{"@type":"BreadcrumbList","@id":"https:\/\/ferimet.com\/ca\/politica-de-cookies\/#breadcrumb","itemListElement":[{"@type":"ListItem","position":1,"name":"Home","item":"https:\/\/ferimet.com\/ca\/"},{"@type":"ListItem","position":2,"name":"Pol\u00edtica de Cookies"}]},{"@type":"WebSite","@id":"https:\/\/ferimet.com\/ca\/#website","url":"https:\/\/ferimet.com\/ca\/","name":"Ferimet","description":"","publisher":{"@id":"https:\/\/ferimet.com\/ca\/#organization"},"potentialAction":[{"@type":"SearchAction","target":{"@type":"EntryPoint","urlTemplate":"https:\/\/ferimet.com\/ca\/?s={search_term_string}"},"query-input":{"@type":"PropertyValueSpecification","valueRequired":true,"valueName":"search_term_string"}}],"inLanguage":"ca"},{"@type":"Organization","@id":"https:\/\/ferimet.com\/ca\/#organization","name":"Ferimet","url":"https:\/\/ferimet.com\/ca\/","logo":{"@type":"ImageObject","inLanguage":"ca","@id":"https:\/\/ferimet.com\/ca\/#\/schema\/logo\/image\/","url":"https:\/\/ferimet.com\/wp-content\/uploads\/2023\/09\/logo-ferimet-footer.svg","contentUrl":"https:\/\/ferimet.com\/wp-content\/uploads\/2023\/09\/logo-ferimet-footer.svg","width":1,"height":1,"caption":"Ferimet"},"image":{"@id":"https:\/\/ferimet.com\/ca\/#\/schema\/logo\/image\/"},"sameAs":["https:\/\/x.com\/CelsaGroup","https:\/\/www.linkedin.com\/company\/celsa","https:\/\/www.instagram.com\/celsa_group\/"]}]}},"_links":{"self":[{"href":"https:\/\/ferimet.com\/ca\/wp-json\/wp\/v2\/pages\/3529","targetHints":{"allow":["GET"]}}],"collection":[{"href":"https:\/\/ferimet.com\/ca\/wp-json\/wp\/v2\/pages"}],"about":[{"href":"https:\/\/ferimet.com\/ca\/wp-json\/wp\/v2\/types\/page"}],"author":[{"embeddable":true,"href":"https:\/\/ferimet.com\/ca\/wp-json\/wp\/v2\/users\/1"}],"replies":[{"embeddable":true,"href":"https:\/\/ferimet.com\/ca\/wp-json\/wp\/v2\/comments?post=3529"}],"version-history":[{"count":4,"href":"https:\/\/ferimet.com\/ca\/wp-json\/wp\/v2\/pages\/3529\/revisions"}],"predecessor-version":[{"id":4922,"href":"https:\/\/ferimet.com\/ca\/wp-json\/wp\/v2\/pages\/3529\/revisions\/4922"}],"wp:attachment":[{"href":"https:\/\/ferimet.com\/ca\/wp-json\/wp\/v2\/media?parent=3529"}],"curies":[{"name":"wp","href":"https:\/\/api.w.org\/{rel}","templated":true}]}}