{"id":3533,"date":"2023-09-27T08:15:19","date_gmt":"2023-09-27T07:15:19","guid":{"rendered":"https:\/\/ferimet.enproceso.es\/avis-legal\/"},"modified":"2025-09-15T12:17:19","modified_gmt":"2025-09-15T11:17:19","slug":"avis-legal","status":"publish","type":"page","link":"https:\/\/ferimet.com\/ca\/avis-legal\/","title":{"rendered":"Av\u00eds legal"},"content":{"rendered":"\n\t<section class=\"section\" id=\"section_1636163465\">\n\t\t<div class=\"section-bg fill\" >\n\t\t\t\t\t\t\t\t\t\n\t\t\t\n\n\t\t<\/div>\n\n\t\t\n\n\t\t<div class=\"section-content relative\">\n\t\t\t\n\n  <div class=\"banner has-hover\" id=\"banner-1736266696\">\n          <div class=\"banner-inner fill\">\n        <div class=\"banner-bg fill\" >\n                                                \n                    <\/div>\n\t\t\n        <div class=\"banner-layers container\">\n            <div class=\"fill banner-link\"><\/div>            \n   <div id=\"text-box-613791388\" class=\"text-box banner-layer x50 md-x50 lg-x50 y50 md-y50 lg-y50 res-text\">\n                                <div class=\"text-box-content text dark\">\n              \n              <div class=\"text-inner text-center\">\n                  \n\t<div id=\"text-4205211572\" class=\"text slide-interiores\">\n\t\t\n<p>Av\u00eds legal<br \/>\n\t\t\t<\/div>\n\t\n              <\/div>\n           <\/div>\n                            \n<style>\n#text-box-613791388 {\n  width: 100%;\n}\n#text-box-613791388 .text-box-content {\n  font-size: 100%;\n}\n@media (min-width:550px) {\n  #text-box-613791388 {\n    width: 94%;\n  }\n}\n<\/style>\n    <\/div>\n \n        <\/div>\n      <\/div>\n\n            \n<style>\n#banner-1736266696 {\n  padding-top: 358px;\n}\n#banner-1736266696 .banner-bg img {\n  object-position: 0% 73%;\n}\n<\/style>\n  <\/div>\n\n\n\t\t<\/div>\n\n\t\t\n<style>\n#section_1636163465 {\n  padding-top: 0px;\n  padding-bottom: 0px;\n}\n<\/style>\n\t<\/section>\n\t\n\n\t<section class=\"section\" id=\"section_37806527\">\n\t\t<div class=\"section-bg fill\" >\n\t\t\t\t\t\t\t\t\t\n\t\t\t\n\n\t\t<\/div>\n\n\t\t\n\n\t\t<div class=\"section-content relative\">\n\t\t\t\n<div class=\"row\"  id=\"row-964740742\">\n\n\t<div id=\"col-402086128\" class=\"col small-12 large-12\"  >\n\t\t\t\t<div class=\"col-inner\"  >\n\t\t\t\n\t\t\t\n<span><span><a href=\"https:\/\/ferimet.com\/ca\/\">Home<\/a><\/span><\/span>\n\t\t<\/div>\n\t\t\t\t\t<\/div>\n\n\t\n<\/div>\n\t\t<\/div>\n\n\t\t\n<style>\n#section_37806527 {\n  padding-top: 30px;\n  padding-bottom: 30px;\n}\n<\/style>\n\t<\/section>\n\t\n\n\t<section class=\"section\" id=\"section_1129382897\">\n\t\t<div class=\"section-bg fill\" >\n\t\t\t\t\t\t\t\t\t\n\t\t\t\n\n\t\t<\/div>\n\n\t\t\n\n\t\t<div class=\"section-content relative\">\n\t\t\t\n<div class=\"row\"  id=\"row-1344693937\">\n\n\t<div id=\"col-744402020\" class=\"col small-12 large-12\"  >\n\t\t\t\t<div class=\"col-inner\"  >\n\t\t\t\n\t\t\t\n\t<div id=\"text-1859036516\" class=\"text p2\">\n\t\t\n<h1>Av\u00eds legal<\/h1>\n<p>El present web \u00e9s propietat de Ferimet. (d&#8217;ara endavant, \u201cCelsa\u201d), amb domicili a carretera Via Interpolar, Km 4, 08403 Granollers, Barcelona, CIF B17327610 i amb adre\u00e7a de correu electr\u00f2nic <a href=\"mailto:GDPR@gcelsa.com\" target=\"_blank\" rel=\"noopener\">GDPR@gcelsa.com<\/a>.<\/p>\n<p><span style=\"font-weight: 400;\">Els noms de domini a trav\u00e9s dels quals heu accedit al Portal s\u00f3n titularitat de CELSA. Aquests noms de domini no podran ser utilitzats en relaci\u00f3 amb altres continguts, productes o serveis que no pertanyin a CELSA, ni de manera que puguin generar confusi\u00f3 entre els usuaris finals o perjudicar la reputaci\u00f3 de Celsa.<\/span><\/p>\n<h2>Objecte<\/h2>\n<p><span style=\"font-weight: 400;\">El present Av\u00eds Legal recull els termes i condicions que regulen: l\u2019acc\u00e9s, navegaci\u00f3 i \u00fas del Lloc Web; les responsabilitats derivades de l\u2019\u00fas del Lloc Web i la prestaci\u00f3 i\/o contractaci\u00f3 dels productes o serveis que, si escau, puguin ser oferts a trav\u00e9s del Lloc Web; i el subministrament i \u00fas del contingut del Lloc Web.<\/span><\/p>\n<p><span style=\"font-weight: 400;\">El mer acc\u00e9s al Lloc Web, l\u2019emplenament de formularis, l\u2019enviament de sol\u00b7licituds d\u2019informaci\u00f3, consultes, queixes, ofertes de contractaci\u00f3, curr\u00edculums vitae i, en general, qualsevol acte de naturalesa similar als anteriors realitzats a trav\u00e9s dels formularis i\/o b\u00fasties electr\u00f2niques existents al Lloc Web implicar\u00e0, per part seva, l\u2019acceptaci\u00f3 sense reserves de totes i cadascuna de les normes integrants del present Av\u00eds Legal i l\u2019adquisici\u00f3 de la consideraci\u00f3 d\u2019Usuari del Lloc Web. En conseq\u00fc\u00e8ncia, heu de llegir atentament i con\u00e8ixer el contingut del present Av\u00eds Legal.<\/span><\/p>\n<h2>\u00das correcte dels Continguts<\/h2>\n<p><span style=\"font-weight: 400;\">L\u2019usuari es compromet a utilitzar els continguts posats a disposici\u00f3 a la web, entenent per aquests, sense que aquesta enumeraci\u00f3 tingui car\u00e0cter limitatiu: la informaci\u00f3, les comunicacions, el programari, les fotos, els v\u00eddeos, els gr\u00e0fics, la m\u00fasica, els sons, les imatges, les icones, el seu disseny gr\u00e0fic i altres materials i serveis (d\u2019ara endavant, els \u00abContinguts\u00bb) de manera diligent, correcta i de conformitat amb la Llei, les presents Condicions i altres avisos, reglaments i instruccions posats en el seu coneixement, aix\u00ed com amb la moral i les bones costums generalment acceptades i l\u2019ordre p\u00fablic.<\/span><\/p>\n<p><span style=\"font-weight: 400;\">Davant l\u2019incompliment de qualsevol d\u2019aquestes obligacions i\/o d\u2019altres contemplades en les presents Condicions, Celsa es reserva l\u2019exercici de les accions legals oportunes, aix\u00ed com el dret a restringir l\u2019acc\u00e9s a la web.<\/span><\/p>\n<h2>Titularitat i drets de propietat intel\u00b7lectual i industrial<\/h2>\n<p><span style=\"font-weight: 400;\">Els Continguts de la web s\u00f3n propietat de Celsa o estan sota llic\u00e8ncia pels subministradors de contingut independents. Amb l\u2019acceptaci\u00f3 d\u2019aquestes Condicions, Celsa us autoritza a visualitzar i utilitzar el material dins d\u2019aquesta web \u00fanicament per al vostre \u00fas personal, no comercial i amb subjecci\u00f3 a les presents Condicions.<\/span><\/p>\n<p><span style=\"font-weight: 400;\">En particular, els drets de propietat intel\u00b7lectual i industrial derivats de tots els Continguts de la web pertanyen, per si o com a llicenciat\u00e0ria, a Celsa. En aquest sentit, queda prohibida la reproducci\u00f3 -excepte per a \u00fas privat-, la transformaci\u00f3, distribuci\u00f3, comunicaci\u00f3 p\u00fablica, posada a disposici\u00f3 del p\u00fablic o qualsevol altra explotaci\u00f3 dels Continguts de la web, sense el previ consentiment expr\u00e9s i per escrit de Celsa.<\/span><\/p>\n<p><span style=\"font-weight: 400;\">Queda prohibit establir un enlla\u00e7 amb, o un contingut de correu des de, qualsevol URL fins a qualsevol de les webs de Celsa sense l\u2019expr\u00e9s perm\u00eds escrit de Celsa. Per a aix\u00f2, contacteu amb el responsable del Web indicat a l\u2019encap\u00e7alament d\u2019aquest Av\u00eds si teniu qualsevol dubte o suggeriment.<\/span><\/p>\n<h2>Limitaci\u00f3 de responsabilitat<\/h2>\n<p><span style=\"font-weight: 400;\">Qualsevol \u00fas de la web i el seu contingut es presumeix realitzat per l\u2019usuari sota la seva total responsabilitat. Aix\u00ed doncs, l\u2019acc\u00e9s a la web \u00e9s per compte i risc de l\u2019usuari, essent responsabilitat d\u2019aquest la utilitzaci\u00f3 dels mitjans idonis per evitar qualsevol dany o virus. Igualment, l\u2019usuari es compromet a evitar tota conducta que pugui danyar, inutilitzar, deteriorar, sobrecarregar o perjudicar, de qualsevol manera, la web i el seu \u00fas.<\/span><\/p>\n<h2>Modificacions<\/h2>\n<p><span style=\"font-weight: 400;\">Celsa es reserva el dret a realitzar les modificacions de qualsevol terme i condici\u00f3 que consideri oportunes, en el contingut del seu web, sense previ av\u00eds ni responsabilitat alguna.<\/span><\/p>\n<h2>Declaraci\u00f3 de Privacitat<\/h2>\n<p><span style=\"font-weight: 400;\">Les dades personals que ens pugueu facilitar en l\u2019entorn d\u2019aquesta web seran objecte de tractament per part de Celsa, de conformitat amb el que s\u2019estipula a la nostra <\/span><a href=\"\/ca\/politica-de-privacitat\/\"><span style=\"font-weight: 400;\">Pol\u00edtica de Privacitat<\/span><span style=\"font-weight: 400;\">.<\/span><\/a><\/p>\n<h2>\u00das de Cookies al Lloc Web<\/h2>\n<p>Durant la utilitzaci\u00f3 d\u2019aquest lloc web, es podran instal\u00b7lar Cookies en el vostre dispositiu. Aquestes Cookies s\u2019utilitzen amb l\u2019objectiu de personalitzar els serveis i continguts, facilitar la navegaci\u00f3 i elaborar estad\u00edstiques sobre l\u2019\u00fas de la p\u00e0gina, de conformitat amb el que s\u2019estipula a la nostra <a href=\"\/ca\/politica-de-cookies\/\">Pol\u00edtica de Cookies<\/a>.<\/p>\n<h2>Legislaci\u00f3 aplicable i jurisdicci\u00f3 competent<\/h2>\n<p>Celsa es reserva aix\u00ed mateix la facultat de presentar les accions civils o penals que consideri oportunes per l\u2019\u00fas indegut de les seves p\u00e0gines web i Continguts o per l\u2019incompliment de les presents Condicions.<\/p>\n<p>La relaci\u00f3 entre l\u2019usuari i Celsa es regir\u00e0 per la normativa espanyola vigent i seran competents per decidir sobre qualsevol controv\u00e8rsia que pogu\u00e9s sorgir entre ells o estigui relacionada amb aquestes Condicions, els jutjats o tribunals propis de la localitat de Barcelona.<\/p>\n<h4>\u00a9 2025 FERIMET \u2013 Tots els drets reservats.<\/h4>\n\t\t\t<\/div>\n\t\n\t\t<\/div>\n\t\t\t\t\t<\/div>\n\n\t\n<\/div>\n\t<div id=\"gap-1195168733\" class=\"gap-element clearfix\" style=\"display:block; height:auto;\">\n\t\t\n<style>\n#gap-1195168733 {\n  padding-top: 80px;\n}\n<\/style>\n\t<\/div>\n\t\n\t\t<\/div>\n\n\t\t\n<style>\n#section_1129382897 {\n  padding-top: 30px;\n  padding-bottom: 30px;\n}\n<\/style>\n\t<\/section>\n\t\n","protected":false},"excerpt":{"rendered":"","protected":false},"author":1,"featured_media":0,"parent":0,"menu_order":0,"comment_status":"closed","ping_status":"closed","template":"page-transparent-header.php","meta":{"_acf_changed":false,"footnotes":""},"class_list":["post-3533","page","type-page","status-publish","hentry"],"acf":[],"yoast_head":"<!-- This site is optimized with the Yoast SEO plugin v27.1.1 - https:\/\/yoast.com\/product\/yoast-seo-wordpress\/ -->\n<title>Av\u00eds legal - Ferimet<\/title>\n<meta name=\"description\" content=\"En l&#039;av\u00eds legal de Ferimet trobaran unes normes informatives i \u00fatils per aix\u00f2 els recomanem que visitin la p\u00e0gina.\" \/>\n<meta name=\"robots\" content=\"noindex, follow\" \/>\n<meta property=\"og:locale\" content=\"ca_ES\" \/>\n<meta property=\"og:type\" content=\"article\" \/>\n<meta property=\"og:title\" content=\"Av\u00eds legal - Ferimet\" \/>\n<meta property=\"og:description\" content=\"En l&#039;av\u00eds legal de Ferimet trobaran unes normes informatives i \u00fatils per aix\u00f2 els recomanem que visitin la p\u00e0gina.\" \/>\n<meta property=\"og:url\" content=\"https:\/\/ferimet.com\/ca\/avis-legal\/\" \/>\n<meta property=\"og:site_name\" content=\"Ferimet\" \/>\n<meta property=\"article:modified_time\" content=\"2025-09-15T11:17:19+00:00\" \/>\n<meta name=\"twitter:card\" content=\"summary_large_image\" \/>\n<meta name=\"twitter:site\" content=\"@CelsaGroup\" \/>\n<meta name=\"twitter:label1\" content=\"Temps estimat de lectura\" \/>\n\t<meta name=\"twitter:data1\" content=\"5 minuts\" \/>\n<script type=\"application\/ld+json\" class=\"yoast-schema-graph\">{\"@context\":\"https:\/\/schema.org\",\"@graph\":[{\"@type\":\"WebPage\",\"@id\":\"https:\/\/ferimet.com\/ca\/avis-legal\/\",\"url\":\"https:\/\/ferimet.com\/ca\/avis-legal\/\",\"name\":\"Av\u00eds legal - Ferimet\",\"isPartOf\":{\"@id\":\"https:\/\/ferimet.com\/ca\/#website\"},\"datePublished\":\"2023-09-27T07:15:19+00:00\",\"dateModified\":\"2025-09-15T11:17:19+00:00\",\"description\":\"En l'av\u00eds legal de Ferimet trobaran unes normes informatives i \u00fatils per aix\u00f2 els recomanem que visitin la p\u00e0gina.\",\"breadcrumb\":{\"@id\":\"https:\/\/ferimet.com\/ca\/avis-legal\/#breadcrumb\"},\"inLanguage\":\"ca\",\"potentialAction\":[{\"@type\":\"ReadAction\",\"target\":[\"https:\/\/ferimet.com\/ca\/avis-legal\/\"]}]},{\"@type\":\"BreadcrumbList\",\"@id\":\"https:\/\/ferimet.com\/ca\/avis-legal\/#breadcrumb\",\"itemListElement\":[{\"@type\":\"ListItem\",\"position\":1,\"name\":\"Home\",\"item\":\"https:\/\/ferimet.com\/ca\/\"},{\"@type\":\"ListItem\",\"position\":2,\"name\":\"Av\u00eds legal\"}]},{\"@type\":\"WebSite\",\"@id\":\"https:\/\/ferimet.com\/ca\/#website\",\"url\":\"https:\/\/ferimet.com\/ca\/\",\"name\":\"Ferimet\",\"description\":\"\",\"publisher\":{\"@id\":\"https:\/\/ferimet.com\/ca\/#organization\"},\"potentialAction\":[{\"@type\":\"SearchAction\",\"target\":{\"@type\":\"EntryPoint\",\"urlTemplate\":\"https:\/\/ferimet.com\/ca\/?s={search_term_string}\"},\"query-input\":{\"@type\":\"PropertyValueSpecification\",\"valueRequired\":true,\"valueName\":\"search_term_string\"}}],\"inLanguage\":\"ca\"},{\"@type\":\"Organization\",\"@id\":\"https:\/\/ferimet.com\/ca\/#organization\",\"name\":\"Ferimet\",\"url\":\"https:\/\/ferimet.com\/ca\/\",\"logo\":{\"@type\":\"ImageObject\",\"inLanguage\":\"ca\",\"@id\":\"https:\/\/ferimet.com\/ca\/#\/schema\/logo\/image\/\",\"url\":\"https:\/\/ferimet.com\/wp-content\/uploads\/2023\/09\/logo-ferimet-footer.svg\",\"contentUrl\":\"https:\/\/ferimet.com\/wp-content\/uploads\/2023\/09\/logo-ferimet-footer.svg\",\"width\":1,\"height\":1,\"caption\":\"Ferimet\"},\"image\":{\"@id\":\"https:\/\/ferimet.com\/ca\/#\/schema\/logo\/image\/\"},\"sameAs\":[\"https:\/\/x.com\/CelsaGroup\",\"https:\/\/www.linkedin.com\/company\/celsa\",\"https:\/\/www.instagram.com\/celsa_group\/\"]}]}<\/script>\n<!-- \/ Yoast SEO plugin. -->","yoast_head_json":{"title":"Av\u00eds legal - Ferimet","description":"En l'av\u00eds legal de Ferimet trobaran unes normes informatives i \u00fatils per aix\u00f2 els recomanem que visitin la p\u00e0gina.","robots":{"index":"noindex","follow":"follow"},"og_locale":"ca_ES","og_type":"article","og_title":"Av\u00eds legal - Ferimet","og_description":"En l'av\u00eds legal de Ferimet trobaran unes normes informatives i \u00fatils per aix\u00f2 els recomanem que visitin la p\u00e0gina.","og_url":"https:\/\/ferimet.com\/ca\/avis-legal\/","og_site_name":"Ferimet","article_modified_time":"2025-09-15T11:17:19+00:00","twitter_card":"summary_large_image","twitter_site":"@CelsaGroup","twitter_misc":{"Temps estimat de lectura":"5 minuts"},"schema":{"@context":"https:\/\/schema.org","@graph":[{"@type":"WebPage","@id":"https:\/\/ferimet.com\/ca\/avis-legal\/","url":"https:\/\/ferimet.com\/ca\/avis-legal\/","name":"Av\u00eds legal - Ferimet","isPartOf":{"@id":"https:\/\/ferimet.com\/ca\/#website"},"datePublished":"2023-09-27T07:15:19+00:00","dateModified":"2025-09-15T11:17:19+00:00","description":"En l'av\u00eds legal de Ferimet trobaran unes normes informatives i \u00fatils per aix\u00f2 els recomanem que visitin la p\u00e0gina.","breadcrumb":{"@id":"https:\/\/ferimet.com\/ca\/avis-legal\/#breadcrumb"},"inLanguage":"ca","potentialAction":[{"@type":"ReadAction","target":["https:\/\/ferimet.com\/ca\/avis-legal\/"]}]},{"@type":"BreadcrumbList","@id":"https:\/\/ferimet.com\/ca\/avis-legal\/#breadcrumb","itemListElement":[{"@type":"ListItem","position":1,"name":"Home","item":"https:\/\/ferimet.com\/ca\/"},{"@type":"ListItem","position":2,"name":"Av\u00eds legal"}]},{"@type":"WebSite","@id":"https:\/\/ferimet.com\/ca\/#website","url":"https:\/\/ferimet.com\/ca\/","name":"Ferimet","description":"","publisher":{"@id":"https:\/\/ferimet.com\/ca\/#organization"},"potentialAction":[{"@type":"SearchAction","target":{"@type":"EntryPoint","urlTemplate":"https:\/\/ferimet.com\/ca\/?s={search_term_string}"},"query-input":{"@type":"PropertyValueSpecification","valueRequired":true,"valueName":"search_term_string"}}],"inLanguage":"ca"},{"@type":"Organization","@id":"https:\/\/ferimet.com\/ca\/#organization","name":"Ferimet","url":"https:\/\/ferimet.com\/ca\/","logo":{"@type":"ImageObject","inLanguage":"ca","@id":"https:\/\/ferimet.com\/ca\/#\/schema\/logo\/image\/","url":"https:\/\/ferimet.com\/wp-content\/uploads\/2023\/09\/logo-ferimet-footer.svg","contentUrl":"https:\/\/ferimet.com\/wp-content\/uploads\/2023\/09\/logo-ferimet-footer.svg","width":1,"height":1,"caption":"Ferimet"},"image":{"@id":"https:\/\/ferimet.com\/ca\/#\/schema\/logo\/image\/"},"sameAs":["https:\/\/x.com\/CelsaGroup","https:\/\/www.linkedin.com\/company\/celsa","https:\/\/www.instagram.com\/celsa_group\/"]}]}},"_links":{"self":[{"href":"https:\/\/ferimet.com\/ca\/wp-json\/wp\/v2\/pages\/3533","targetHints":{"allow":["GET"]}}],"collection":[{"href":"https:\/\/ferimet.com\/ca\/wp-json\/wp\/v2\/pages"}],"about":[{"href":"https:\/\/ferimet.com\/ca\/wp-json\/wp\/v2\/types\/page"}],"author":[{"embeddable":true,"href":"https:\/\/ferimet.com\/ca\/wp-json\/wp\/v2\/users\/1"}],"replies":[{"embeddable":true,"href":"https:\/\/ferimet.com\/ca\/wp-json\/wp\/v2\/comments?post=3533"}],"version-history":[{"count":4,"href":"https:\/\/ferimet.com\/ca\/wp-json\/wp\/v2\/pages\/3533\/revisions"}],"predecessor-version":[{"id":4944,"href":"https:\/\/ferimet.com\/ca\/wp-json\/wp\/v2\/pages\/3533\/revisions\/4944"}],"wp:attachment":[{"href":"https:\/\/ferimet.com\/ca\/wp-json\/wp\/v2\/media?parent=3533"}],"curies":[{"name":"wp","href":"https:\/\/api.w.org\/{rel}","templated":true}]}}