{"id":3541,"date":"2023-09-27T07:48:13","date_gmt":"2023-09-27T06:48:13","guid":{"rendered":"https:\/\/ferimet.enproceso.es\/sobre-celsa-group\/"},"modified":"2025-04-14T12:22:09","modified_gmt":"2025-04-14T11:22:09","slug":"sobre-celsa-group","status":"publish","type":"page","link":"https:\/\/ferimet.com\/ca\/sobre-celsa-group\/","title":{"rendered":"Sobre Celsa"},"content":{"rendered":"\n\t<section class=\"section\" id=\"section_244239256\">\n\t\t<div class=\"section-bg fill\" >\n\t\t\t\t\t\t\t\t\t\n\t\t\t\n\n\t\t<\/div>\n\n\t\t\n\n\t\t<div class=\"section-content relative\">\n\t\t\t\n\n  <div class=\"banner has-hover\" id=\"banner-40720523\">\n          <div class=\"banner-inner fill\">\n        <div class=\"banner-bg fill\" >\n            <img loading=\"lazy\" decoding=\"async\" width=\"1440\" height=\"358\" src=\"https:\/\/ferimet.com\/wp-content\/uploads\/2023\/09\/celsa-group-hero.png\" class=\"bg attachment-original size-original\" alt=\"trabajadores en instalaciones\" \/>                                    \n                    <\/div>\n\t\t\n        <div class=\"banner-layers container\">\n            <div class=\"fill banner-link\"><\/div>            \n   <div id=\"text-box-1842441152\" class=\"text-box banner-layer x50 md-x50 lg-x50 y50 md-y50 lg-y50 res-text\">\n                                <div class=\"text-box-content text dark\">\n              \n              <div class=\"text-inner text-center\">\n                  \n\t<div id=\"text-1266291298\" class=\"text slide-interiores\">\n\t\t\n<p>Sobre Celsa<br \/>\n\t\t\t<\/div>\n\t\n              <\/div>\n           <\/div>\n                            \n<style>\n#text-box-1842441152 {\n  width: 100%;\n}\n#text-box-1842441152 .text-box-content {\n  font-size: 100%;\n}\n@media (min-width:550px) {\n  #text-box-1842441152 {\n    width: 94%;\n  }\n}\n<\/style>\n    <\/div>\n \n        <\/div>\n      <\/div>\n\n            \n<style>\n#banner-40720523 {\n  padding-top: 458px;\n}\n#banner-40720523 .banner-bg img {\n  object-position: 56% 69%;\n}\n@media (min-width:550px) {\n  #banner-40720523 {\n    padding-top: 358px;\n  }\n}\n<\/style>\n  <\/div>\n\n\n\t\t<\/div>\n\n\t\t\n<style>\n#section_244239256 {\n  padding-top: 0px;\n  padding-bottom: 0px;\n}\n<\/style>\n\t<\/section>\n\t\n\n\t<section class=\"section\" id=\"section_435865664\">\n\t\t<div class=\"section-bg fill\" >\n\t\t\t\t\t\t\t\t\t\n\t\t\t\n\n\t\t<\/div>\n\n\t\t\n\n\t\t<div class=\"section-content relative\">\n\t\t\t\n\t<div id=\"gap-871085599\" class=\"gap-element clearfix\" style=\"display:block; height:auto;\">\n\t\t\n<style>\n#gap-871085599 {\n  padding-top: 45px;\n}\n<\/style>\n\t<\/div>\n\t\n<div class=\"row\"  id=\"row-1017127958\">\n\n\t<div id=\"col-1038971065\" class=\"col small-12 large-12\"  >\n\t\t\t\t<div class=\"col-inner\"  >\n\t\t\t\n\t\t\t\n\n<span><span><a href=\"https:\/\/ferimet.com\/ca\/\">Home<\/a><\/span><\/span>\n\n\t\t<\/div>\n\t\t\t\t\t<\/div>\n\n\t\n<\/div>\n\t<div id=\"gap-1433962220\" class=\"gap-element clearfix\" style=\"display:block; height:auto;\">\n\t\t\n<style>\n#gap-1433962220 {\n  padding-top: 50px;\n}\n<\/style>\n\t<\/div>\n\t\n\t\t<\/div>\n\n\t\t\n<style>\n#section_435865664 {\n  padding-top: 0px;\n  padding-bottom: 0px;\n}\n<\/style>\n\t<\/section>\n\t\n\n\t<section class=\"section\" id=\"section_1449397954\">\n\t\t<div class=\"section-bg fill\" >\n\t\t\t\t\t\t\t\t\t\n\t\t\t\n\n\t\t<\/div>\n\n\t\t\n\n\t\t<div class=\"section-content relative\">\n\t\t\t\n<div class=\"row\"  id=\"row-1603526712\">\n\n\t<div id=\"col-1468441573\" class=\"col medium-6 small-12 large-6\"  >\n\t\t\t\t<div class=\"col-inner\"  >\n\t\t\t\n\t\t\t\n<h1>Sobre Celsa<\/h1>\n\t\t<\/div>\n\t\t\t\t\n<style>\n#col-1468441573 > .col-inner {\n  margin: 0px 90px 0px 0px;\n}\n<\/style>\n\t<\/div>\n\n\t\n<\/div>\n<div class=\"row\"  id=\"row-174224079\">\n\n\t<div id=\"col-1460196703\" class=\"col medium-6 small-12 large-6\"  >\n\t\t\t\t<div class=\"col-inner\"  >\n\t\t\t\n\t\t\t\n\t<div id=\"text-2659028592\" class=\"text p2\">\n\t\t\n\t\t\t<\/div>\n\t\n<p><strong>Ferimet<\/strong> \u00e9s la companyia del Grup dedicada a la recuperaci\u00f3 i tractament de materials f\u00e8rrics i no f\u00e8rrics.<\/p>\n<p>Som <strong>filial de Celsa<\/strong> des de la d\u00e8cada dels vuitanta i, amb 18 plantes repartides pel territori nacional, ens hem convertit en el <strong>primer recuperador del pa\u00eds i un dels principals <\/strong><strong>motors de l\u2019economia circular<\/strong>.<\/p>\n<p><strong>Celsa<\/strong> \u00e9s la companyia <b>l\u00edder a Europa en la producci\u00f3 d\u2019acer circular de baixes emissions<\/b>.<\/p>\n<p>La companyia est\u00e0 formada per diversos grups empresarials i compta amb diversos centres de treball, acereries, trens de laminaci\u00f3 i plantes de reciclatge (circular hubs), a m\u00e9s d&#8217;empreses de transformaci\u00f3 i distribuci\u00f3, que permeten generar ocupaci\u00f3 directa i indirecta a m\u00e9s de 10.000 professionals a Europa.<\/p>\n<p>El Grup treballa per donar soluci\u00f3 als riscos sist\u00e8mics m\u00e9s importants del planeta: l\u2019esgotament dels recursos i la lluita contra el canvi clim\u00e0tic. Per a aix\u00f2 s\u2019ha marcat com a objectius reduir les seves emissions de CO\u2082 en un 50\u00a0% i aconseguir el 98\u00a0% de circularitat l\u2019any 2030, aix\u00ed com completar la seva circularitat i ser empresa Net Positive l\u2019any 2015.<\/p>\n<p>A la web del Grup <a href=\"https:\/\/www.celsagroup.com\/\" target=\"_blank\" rel=\"noopener\">www.celsagroup.com<\/a> hi ha la informaci\u00f3 ampliada.<\/p>\n\t\t<\/div>\n\t\t\t\t\n<style>\n#col-1460196703 > .col-inner {\n  margin: 0px 90px 0px 0px;\n}\n<\/style>\n\t<\/div>\n\n\t\n\n\t<div id=\"col-1041077191\" class=\"col medium-1 small-12 large-1\"  >\n\t\t\t\t<div class=\"col-inner\"  >\n\t\t\t\n\t<div class=\"is-border\"\n\t\tstyle=\"border-color:rgb(73, 73, 73);border-width:0px 1px 0px 0px;margin:0px 30px 0px 0px;\">\n\t<\/div>\n\t\t\t\n\n  <div class=\"banner has-hover hide-for-medium\" id=\"banner-641934054\">\n          <div class=\"banner-inner fill\">\n        <div class=\"banner-bg fill\" >\n                                                \n                    <\/div>\n\t\t\n        <div class=\"banner-layers container\">\n            <div class=\"fill banner-link\"><\/div>            \n   <div id=\"text-box-1969134435\" class=\"text-box banner-layer x50 md-x50 lg-x50 y50 md-y50 lg-y50 res-text\">\n                                <div class=\"text-box-content text dark\">\n              \n              <div class=\"text-inner text-center\">\n                  \n              <\/div>\n           <\/div>\n                            \n<style>\n#text-box-1969134435 {\n  width: 60%;\n}\n#text-box-1969134435 .text-box-content {\n  font-size: 100%;\n}\n@media (min-width:550px) {\n  #text-box-1969134435 {\n    width: 100%;\n  }\n}\n<\/style>\n    <\/div>\n \n        <\/div>\n      <\/div>\n\n            \n<style>\n#banner-641934054 {\n  padding-top: 108px;\n  background-color: rgba(0, 0, 0, 0);\n}\n<\/style>\n  <\/div>\n\n\n\t\t<\/div>\n\t\t\t\t\t<\/div>\n\n\t\n\n\t<div id=\"col-337816044\" class=\"col medium-5 small-12 large-5\"  >\n\t\t\t\t<div class=\"col-inner text-left\"  >\n\t\t\t\n\t\t\t\n\n  <div class=\"banner has-hover\" id=\"banner-284606783\">\n          <div class=\"banner-inner fill\">\n        <div class=\"banner-bg fill\" >\n                                                \n                    <\/div>\n\t\t\n        <div class=\"banner-layers container\">\n            <div class=\"fill banner-link\"><\/div>            \n   <div id=\"text-box-1984467164\" class=\"text-box banner-layer x50 md-x50 lg-x50 y50 md-y50 lg-y50 res-text\">\n                                <div class=\"text-box-content text dark\">\n              \n              <div class=\"text-inner text-left\">\n                  \n\t<div id=\"text-2477664832\" class=\"text\">\n\t\t\n<h2>El Grup s\u2019ha marcat com a objectius reduir les seves emissions de CO\u2082 en un 50\u00a0% i aconseguir el 98\u00a0% de circularitat l\u2019any 2030, aix\u00ed com completar la seva circularitat i ser empresa Net Positive l\u2019any 2015.<\/h2>\n\t\t\n<style>\n#text-2477664832 {\n  text-align: left;\n}\n<\/style>\n\t<\/div>\n\t\n\t<div id=\"gap-166468552\" class=\"gap-element clearfix\" style=\"display:block; height:auto;\">\n\t\t\n<style>\n#gap-166468552 {\n  padding-top: 30px;\n}\n<\/style>\n\t<\/div>\n\t\n<a href=\"https:\/\/www.celsagroup.com\/\" target=\"_blank\" class=\"button primary is-outline is-large\" rel=\"noopener\" >\n\t\t<span>https:\/\/www.celsagroup.com\/<\/span>\n\t<\/a>\n\n              <\/div>\n           <\/div>\n                            \n<style>\n#text-box-1984467164 {\n  width: 100%;\n}\n#text-box-1984467164 .text-box-content {\n  font-size: 100%;\n}\n@media (min-width:550px) {\n  #text-box-1984467164 {\n    width: 100%;\n  }\n}\n<\/style>\n    <\/div>\n \n        <\/div>\n      <\/div>\n\n            \n<style>\n#banner-284606783 {\n  padding-top: 650px;\n  background-color: rgb(255,255,255);\n}\n@media (min-width:550px) {\n  #banner-284606783 {\n    padding-top: 50%;\n  }\n}\n<\/style>\n  <\/div>\n\n\n\t\t<\/div>\n\t\t\t\t\t<\/div>\n\n\t\n<\/div>\n\t<div id=\"gap-1231029349\" class=\"gap-element clearfix\" style=\"display:block; height:auto;\">\n\t\t\n<style>\n#gap-1231029349 {\n  padding-top: 70px;\n}\n<\/style>\n\t<\/div>\n\t\n\t\t<\/div>\n\n\t\t\n<style>\n#section_1449397954 {\n  padding-top: 0px;\n  padding-bottom: 0px;\n}\n<\/style>\n\t<\/section>\n\t\n","protected":false},"excerpt":{"rendered":"","protected":false},"author":1,"featured_media":0,"parent":0,"menu_order":0,"comment_status":"closed","ping_status":"closed","template":"page-transparent-header.php","meta":{"_acf_changed":false,"footnotes":""},"class_list":["post-3541","page","type-page","status-publish","hentry"],"acf":[],"yoast_head":"<!-- This site is optimized with the Yoast SEO plugin v27.1.1 - https:\/\/yoast.com\/product\/yoast-seo-wordpress\/ -->\n<title>Sobre Celsa - Ferimet<\/title>\n<meta name=\"description\" content=\"Celsa Group \u00e9s la companyia l\u00edder a Europa en la producci\u00f3 d&#039;acer circular de baixes emissions. Per saber m\u00e9s sobre Celsa Group visita&#039;ns.\" \/>\n<meta name=\"robots\" content=\"index, follow, max-snippet:-1, max-image-preview:large, max-video-preview:-1\" \/>\n<link rel=\"canonical\" href=\"https:\/\/ferimet.com\/ca\/sobre-celsa-group\/\" \/>\n<meta property=\"og:locale\" content=\"ca_ES\" \/>\n<meta property=\"og:type\" content=\"article\" \/>\n<meta property=\"og:title\" content=\"Sobre Celsa - Ferimet\" \/>\n<meta property=\"og:description\" content=\"Celsa Group \u00e9s la companyia l\u00edder a Europa en la producci\u00f3 d&#039;acer circular de baixes emissions. Per saber m\u00e9s sobre Celsa Group visita&#039;ns.\" \/>\n<meta property=\"og:url\" content=\"https:\/\/ferimet.com\/ca\/sobre-celsa-group\/\" \/>\n<meta property=\"og:site_name\" content=\"Ferimet\" \/>\n<meta property=\"article:modified_time\" content=\"2025-04-14T11:22:09+00:00\" \/>\n<meta name=\"twitter:card\" content=\"summary_large_image\" \/>\n<meta name=\"twitter:site\" content=\"@CelsaGroup\" \/>\n<meta name=\"twitter:label1\" content=\"Temps estimat de lectura\" \/>\n\t<meta name=\"twitter:data1\" content=\"2 minuts\" \/>\n<script type=\"application\/ld+json\" class=\"yoast-schema-graph\">{\"@context\":\"https:\/\/schema.org\",\"@graph\":[{\"@type\":\"WebPage\",\"@id\":\"https:\/\/ferimet.com\/ca\/sobre-celsa-group\/\",\"url\":\"https:\/\/ferimet.com\/ca\/sobre-celsa-group\/\",\"name\":\"Sobre Celsa - Ferimet\",\"isPartOf\":{\"@id\":\"https:\/\/ferimet.com\/ca\/#website\"},\"datePublished\":\"2023-09-27T06:48:13+00:00\",\"dateModified\":\"2025-04-14T11:22:09+00:00\",\"description\":\"Celsa Group \u00e9s la companyia l\u00edder a Europa en la producci\u00f3 d'acer circular de baixes emissions. Per saber m\u00e9s sobre Celsa Group visita'ns.\",\"breadcrumb\":{\"@id\":\"https:\/\/ferimet.com\/ca\/sobre-celsa-group\/#breadcrumb\"},\"inLanguage\":\"ca\",\"potentialAction\":[{\"@type\":\"ReadAction\",\"target\":[\"https:\/\/ferimet.com\/ca\/sobre-celsa-group\/\"]}]},{\"@type\":\"BreadcrumbList\",\"@id\":\"https:\/\/ferimet.com\/ca\/sobre-celsa-group\/#breadcrumb\",\"itemListElement\":[{\"@type\":\"ListItem\",\"position\":1,\"name\":\"Home\",\"item\":\"https:\/\/ferimet.com\/ca\/\"},{\"@type\":\"ListItem\",\"position\":2,\"name\":\"Sobre Celsa\"}]},{\"@type\":\"WebSite\",\"@id\":\"https:\/\/ferimet.com\/ca\/#website\",\"url\":\"https:\/\/ferimet.com\/ca\/\",\"name\":\"Ferimet\",\"description\":\"\",\"publisher\":{\"@id\":\"https:\/\/ferimet.com\/ca\/#organization\"},\"potentialAction\":[{\"@type\":\"SearchAction\",\"target\":{\"@type\":\"EntryPoint\",\"urlTemplate\":\"https:\/\/ferimet.com\/ca\/?s={search_term_string}\"},\"query-input\":{\"@type\":\"PropertyValueSpecification\",\"valueRequired\":true,\"valueName\":\"search_term_string\"}}],\"inLanguage\":\"ca\"},{\"@type\":\"Organization\",\"@id\":\"https:\/\/ferimet.com\/ca\/#organization\",\"name\":\"Ferimet\",\"url\":\"https:\/\/ferimet.com\/ca\/\",\"logo\":{\"@type\":\"ImageObject\",\"inLanguage\":\"ca\",\"@id\":\"https:\/\/ferimet.com\/ca\/#\/schema\/logo\/image\/\",\"url\":\"https:\/\/ferimet.com\/wp-content\/uploads\/2023\/09\/logo-ferimet-footer.svg\",\"contentUrl\":\"https:\/\/ferimet.com\/wp-content\/uploads\/2023\/09\/logo-ferimet-footer.svg\",\"width\":1,\"height\":1,\"caption\":\"Ferimet\"},\"image\":{\"@id\":\"https:\/\/ferimet.com\/ca\/#\/schema\/logo\/image\/\"},\"sameAs\":[\"https:\/\/x.com\/CelsaGroup\",\"https:\/\/www.linkedin.com\/company\/celsa\",\"https:\/\/www.instagram.com\/celsa_group\/\"]}]}<\/script>\n<!-- \/ Yoast SEO plugin. -->","yoast_head_json":{"title":"Sobre Celsa - Ferimet","description":"Celsa Group \u00e9s la companyia l\u00edder a Europa en la producci\u00f3 d'acer circular de baixes emissions. Per saber m\u00e9s sobre Celsa Group visita'ns.","robots":{"index":"index","follow":"follow","max-snippet":"max-snippet:-1","max-image-preview":"max-image-preview:large","max-video-preview":"max-video-preview:-1"},"canonical":"https:\/\/ferimet.com\/ca\/sobre-celsa-group\/","og_locale":"ca_ES","og_type":"article","og_title":"Sobre Celsa - Ferimet","og_description":"Celsa Group \u00e9s la companyia l\u00edder a Europa en la producci\u00f3 d'acer circular de baixes emissions. Per saber m\u00e9s sobre Celsa Group visita'ns.","og_url":"https:\/\/ferimet.com\/ca\/sobre-celsa-group\/","og_site_name":"Ferimet","article_modified_time":"2025-04-14T11:22:09+00:00","twitter_card":"summary_large_image","twitter_site":"@CelsaGroup","twitter_misc":{"Temps estimat de lectura":"2 minuts"},"schema":{"@context":"https:\/\/schema.org","@graph":[{"@type":"WebPage","@id":"https:\/\/ferimet.com\/ca\/sobre-celsa-group\/","url":"https:\/\/ferimet.com\/ca\/sobre-celsa-group\/","name":"Sobre Celsa - Ferimet","isPartOf":{"@id":"https:\/\/ferimet.com\/ca\/#website"},"datePublished":"2023-09-27T06:48:13+00:00","dateModified":"2025-04-14T11:22:09+00:00","description":"Celsa Group \u00e9s la companyia l\u00edder a Europa en la producci\u00f3 d'acer circular de baixes emissions. Per saber m\u00e9s sobre Celsa Group visita'ns.","breadcrumb":{"@id":"https:\/\/ferimet.com\/ca\/sobre-celsa-group\/#breadcrumb"},"inLanguage":"ca","potentialAction":[{"@type":"ReadAction","target":["https:\/\/ferimet.com\/ca\/sobre-celsa-group\/"]}]},{"@type":"BreadcrumbList","@id":"https:\/\/ferimet.com\/ca\/sobre-celsa-group\/#breadcrumb","itemListElement":[{"@type":"ListItem","position":1,"name":"Home","item":"https:\/\/ferimet.com\/ca\/"},{"@type":"ListItem","position":2,"name":"Sobre Celsa"}]},{"@type":"WebSite","@id":"https:\/\/ferimet.com\/ca\/#website","url":"https:\/\/ferimet.com\/ca\/","name":"Ferimet","description":"","publisher":{"@id":"https:\/\/ferimet.com\/ca\/#organization"},"potentialAction":[{"@type":"SearchAction","target":{"@type":"EntryPoint","urlTemplate":"https:\/\/ferimet.com\/ca\/?s={search_term_string}"},"query-input":{"@type":"PropertyValueSpecification","valueRequired":true,"valueName":"search_term_string"}}],"inLanguage":"ca"},{"@type":"Organization","@id":"https:\/\/ferimet.com\/ca\/#organization","name":"Ferimet","url":"https:\/\/ferimet.com\/ca\/","logo":{"@type":"ImageObject","inLanguage":"ca","@id":"https:\/\/ferimet.com\/ca\/#\/schema\/logo\/image\/","url":"https:\/\/ferimet.com\/wp-content\/uploads\/2023\/09\/logo-ferimet-footer.svg","contentUrl":"https:\/\/ferimet.com\/wp-content\/uploads\/2023\/09\/logo-ferimet-footer.svg","width":1,"height":1,"caption":"Ferimet"},"image":{"@id":"https:\/\/ferimet.com\/ca\/#\/schema\/logo\/image\/"},"sameAs":["https:\/\/x.com\/CelsaGroup","https:\/\/www.linkedin.com\/company\/celsa","https:\/\/www.instagram.com\/celsa_group\/"]}]}},"_links":{"self":[{"href":"https:\/\/ferimet.com\/ca\/wp-json\/wp\/v2\/pages\/3541","targetHints":{"allow":["GET"]}}],"collection":[{"href":"https:\/\/ferimet.com\/ca\/wp-json\/wp\/v2\/pages"}],"about":[{"href":"https:\/\/ferimet.com\/ca\/wp-json\/wp\/v2\/types\/page"}],"author":[{"embeddable":true,"href":"https:\/\/ferimet.com\/ca\/wp-json\/wp\/v2\/users\/1"}],"replies":[{"embeddable":true,"href":"https:\/\/ferimet.com\/ca\/wp-json\/wp\/v2\/comments?post=3541"}],"version-history":[{"count":7,"href":"https:\/\/ferimet.com\/ca\/wp-json\/wp\/v2\/pages\/3541\/revisions"}],"predecessor-version":[{"id":4927,"href":"https:\/\/ferimet.com\/ca\/wp-json\/wp\/v2\/pages\/3541\/revisions\/4927"}],"wp:attachment":[{"href":"https:\/\/ferimet.com\/ca\/wp-json\/wp\/v2\/media?parent=3541"}],"curies":[{"name":"wp","href":"https:\/\/api.w.org\/{rel}","templated":true}]}}