{"id":3545,"date":"2023-08-04T12:22:55","date_gmt":"2023-08-04T11:22:55","guid":{"rendered":"https:\/\/ferimet.enproceso.es\/segell-circular-ferimet\/"},"modified":"2024-04-11T10:43:50","modified_gmt":"2024-04-11T09:43:50","slug":"segell-circular-ferimet","status":"publish","type":"page","link":"https:\/\/ferimet.com\/ca\/segell-circular-ferimet\/","title":{"rendered":"Segell Circular Ferimet"},"content":{"rendered":"\n  <div class=\"banner has-hover\" id=\"banner-1819144990\">\n          <div class=\"banner-inner fill\">\n        <div class=\"banner-bg fill\" >\n            <img loading=\"lazy\" decoding=\"async\" width=\"1440\" height=\"358\" src=\"https:\/\/ferimet.com\/wp-content\/uploads\/2023\/08\/sello-ferimet.png\" class=\"bg attachment-original size-original\" alt=\"bosque\" \/>                                    \n                    <\/div>\n\t\t\n        <div class=\"banner-layers container\">\n            <div class=\"fill banner-link\"><\/div>            \n   <div id=\"text-box-63317757\" class=\"text-box banner-layer x50 md-x50 lg-x50 y50 md-y50 lg-y50 res-text\">\n                                <div class=\"text-box-content text dark\">\n              \n              <div class=\"text-inner text-center\">\n                  \n\t<div id=\"text-2630165947\" class=\"text slide-interiores\">\n\t\t\n<p>Segell de Garantia Circular de Ferimet<\/p>\n\t\t\t<\/div>\n\t\n              <\/div>\n           <\/div>\n                            \n<style>\n#text-box-63317757 {\n  width: 60%;\n}\n#text-box-63317757 .text-box-content {\n  font-size: 100%;\n}\n<\/style>\n    <\/div>\n \n        <\/div>\n      <\/div>\n\n            \n<style>\n#banner-1819144990 {\n  padding-top: 358px;\n}\n#banner-1819144990 .banner-bg img {\n  object-position: 50% 100%;\n}\n<\/style>\n  <\/div>\n\n\n\n\t<section class=\"section\" id=\"section_1663373410\">\n\t\t<div class=\"section-bg fill\" >\n\t\t\t\t\t\t\t\t\t\n\t\t\t\n\n\t\t<\/div>\n\n\t\t\n\n\t\t<div class=\"section-content relative\">\n\t\t\t\n\t<div id=\"gap-507526212\" class=\"gap-element clearfix\" style=\"display:block; height:auto;\">\n\t\t\n<style>\n#gap-507526212 {\n  padding-top: 45px;\n}\n<\/style>\n\t<\/div>\n\t\n<div class=\"row\"  id=\"row-151816075\">\n\n\t<div id=\"col-1533785425\" class=\"col small-12 large-12\"  >\n\t\t\t\t<div class=\"col-inner\"  >\n\t\t\t\n\t\t\t\n\n<span><span><a href=\"https:\/\/ferimet.com\/ca\/\">Home<\/a><\/span><\/span>\n\n\n\t<div id=\"video-sello-ferimet\"\n\t     class=\"lightbox-by-id lightbox-content mfp-hide lightbox-white \"\n\t     style=\"max-width:80% ;padding:0px\">\n\t\t<iframe loading=\"lazy\" title=\"Celsa 2023\" src=\"https:\/\/www.youtube.com\/embed\/Srye995u_N4\" width=\"1200\" height=\"675\" frameborder=\"0\" allowfullscreen=\"allowfullscreen\"><\/iframe>\t<\/div>\n\t\n\t\n\n\t\t<\/div>\n\t\t\t\t\t<\/div>\n\n\t\n<\/div>\n\t<div id=\"gap-778270121\" class=\"gap-element clearfix\" style=\"display:block; height:auto;\">\n\t\t\n<style>\n#gap-778270121 {\n  padding-top: 40px;\n}\n<\/style>\n\t<\/div>\n\t\n\t\t<\/div>\n\n\t\t\n<style>\n#section_1663373410 {\n  padding-top: 0px;\n  padding-bottom: 0px;\n}\n<\/style>\n\t<\/section>\n\t\n\n\t<section class=\"section\" id=\"section_916776209\">\n\t\t<div class=\"section-bg fill\" >\n\t\t\t\t\t\t\t\t\t\n\t\t\t\n\n\t\t<\/div>\n\n\t\t\n\n\t\t<div class=\"section-content relative\">\n\t\t\t\n<div class=\"row\"  id=\"row-1057539667\">\n\n\t<div id=\"col-1102895616\" class=\"col medium-7 small-12 large-7\"  >\n\t\t\t\t<div class=\"col-inner\"  >\n\t\t\t\n\t<div class=\"is-border\"\n\t\tstyle=\"border-width:0px 0px 0px 0px;\">\n\t<\/div>\n\t\t\t\n<h1>El nostre Segell Circular<\/h1>\n\t\t<\/div>\n\t\t\t\t\n<style>\n#col-1102895616 > .col-inner {\n  padding: 0px 0px 0px 0px;\n}\n<\/style>\n\t<\/div>\n\n\t\n\n<style>\n#row-1057539667 > .col > .col-inner {\n  padding: 0px 0px 0px 0px;\n}\n<\/style>\n<\/div>\n<div class=\"row\"  id=\"row-1541792619\">\n\n\t<div id=\"col-1766289392\" class=\"col medium-7 small-12 large-7\"  >\n\t\t\t\t<div class=\"col-inner\"  >\n\t\t\t\n\t\t\t\n\t<div id=\"text-1347300646\" class=\"text p2\">\n\t\t\n<p>Per mostrar la nostra participaci\u00f3 en el desenvolupament sostenible, hem decidit crear un <strong>segell propi<\/strong>, validat per <strong>Bureau Veritas<\/strong>, que <strong>ens permet garantir els nostres principals indicadors relacionats amb la circularitat<\/strong>.<\/p>\n\t\t\t<\/div>\n\t\n\t<div id=\"gap-1117163936\" class=\"gap-element clearfix\" style=\"display:block; height:auto;\">\n\t\t\n<style>\n#gap-1117163936 {\n  padding-top: 30px;\n}\n<\/style>\n\t<\/div>\n\t\n\t<div id=\"text-2903555493\" class=\"text p2\">\n\t\t\n<p><span style=\"font-size: 120%; color: #2d702d;\"><strong>Transformem els residus en nous productes<\/strong><\/span><\/p>\n<p>Gr\u00e0cies a la nostra integraci\u00f3 dins de Celsa, podem garantir que el <strong>material tractat a les nostres instal\u00b7lacions<\/strong> es reciclar\u00e0 en acereries del nostre Grup, de manera que se n&#8217;assegur\u00e0 la <strong>tra\u00e7abilitat<\/strong>. Addicionalment, es reciclar\u00e0 mitjan\u00e7ant tecnologia de <strong>forn el\u00e8ctric<\/strong> de la manera m\u00e9s sostenible possible.<\/p>\n\t\t\t<\/div>\n\t\n\t<div id=\"text-1726714119\" class=\"text p2\">\n\t\t\n<p><a href=\"https:\/\/www.celsagroup.com\/sostenibilidad\/\" target=\"_blank\" rel=\"noopener\"><em>M\u00e9s informaci\u00f3 a Celsa &gt;<\/em><\/a><\/p>\n\t\t\t<\/div>\n\t\n\t\t<\/div>\n\t\t\t\t\t<\/div>\n\n\t\n\n\t<div id=\"col-1340003790\" class=\"col medium-5 small-12 large-5\"  >\n\t\t\t\t<div class=\"col-inner\"  >\n\t\t\t\n\t<div class=\"is-border\"\n\t\tstyle=\"border-width:0px 0px 0px 0px;\">\n\t<\/div>\n\t\t\t\n\t<div class=\"img has-hover x md-x lg-x y md-y lg-y\" id=\"image_1743775926\">\n\t\t<a class=\"\" href=\"#video-sello-ferimet\" >\t\t\t\t\t\t<div class=\"img-inner dark\" >\n\t\t\t<img loading=\"lazy\" decoding=\"async\" width=\"900\" height=\"979\" src=\"https:\/\/ferimet.com\/wp-content\/uploads\/2023\/09\/VideoSello.png\" class=\"attachment-original size-original\" alt=\"sello circular ferimet v\u00eddeo\" srcset=\"https:\/\/ferimet.com\/wp-content\/uploads\/2023\/09\/VideoSello.png 900w, https:\/\/ferimet.com\/wp-content\/uploads\/2023\/09\/VideoSello-276x300.png 276w, https:\/\/ferimet.com\/wp-content\/uploads\/2023\/09\/VideoSello-768x835.png 768w\" sizes=\"auto, (max-width: 900px) 100vw, 900px\" \/>\t\t\t\t\t\t\n\t\t\t\t\t<\/div>\n\t\t\t\t\t\t<\/a>\t\t\n<style>\n#image_1743775926 {\n  width: 100%;\n}\n<\/style>\n\t<\/div>\n\t\n\t\t<\/div>\n\t\t\t\t\n<style>\n#col-1340003790 > .col-inner {\n  padding: 0px 0px 0px 15px;\n}\n<\/style>\n\t<\/div>\n\n\t\n<\/div>\n\t<div id=\"gap-1424385145\" class=\"gap-element clearfix\" style=\"display:block; height:auto;\">\n\t\t\n<style>\n#gap-1424385145 {\n  padding-top: 50px;\n}\n<\/style>\n\t<\/div>\n\t\n\t\t<\/div>\n\n\t\t\n<style>\n#section_916776209 {\n  padding-top: 0px;\n  padding-bottom: 0px;\n}\n<\/style>\n\t<\/section>\n\t\n\n\t<section class=\"section key-points-section\" id=\"section_1908202330\">\n\t\t<div class=\"section-bg fill\" >\n\t\t\t\t\t\t\t\t\t\n\t\t\t\n\n\t\t<\/div>\n\n\t\t\n\n\t\t<div class=\"section-content relative\">\n\t\t\t\n\t<div id=\"gap-674381556\" class=\"gap-element clearfix\" style=\"display:block; height:auto;\">\n\t\t\n<style>\n#gap-674381556 {\n  padding-top: 50px;\n}\n<\/style>\n\t<\/div>\n\t\n<div class=\"row\"  id=\"row-839927674\">\n\n\t<div id=\"col-1652089360\" class=\"col medium-7 small-12 large-7\"  >\n\t\t\t\t<div class=\"col-inner\"  >\n\t\t\t\n\t\t\t\n<h2>Per qu\u00e8 \u00e9s important el nostre segell per als prove\u00efdors?<\/h2>\n\t\t<\/div>\n\t\t\t\t\t<\/div>\n\n\t\n<\/div>\n\t<div id=\"gap-1647433035\" class=\"gap-element clearfix\" style=\"display:block; height:auto;\">\n\t\t\n<style>\n#gap-1647433035 {\n  padding-top: 30px;\n}\n<\/style>\n\t<\/div>\n\t\n<div class=\"row\"  id=\"row-1009494804\">\n\n\t<div id=\"col-674368347\" class=\"col medium-4 small-12 large-4\"  >\n\t\t\t\t<div class=\"col-inner\" style=\"background-color:rgb(255, 255, 255);\" >\n\t\t\t\n\t\t\t\n\t<div class=\"img has-hover x md-x lg-x y md-y lg-y\" id=\"image_657488236\">\n\t\t\t\t\t\t\t\t<div class=\"img-inner dark\" >\n\t\t\t<img loading=\"lazy\" decoding=\"async\" width=\"346\" height=\"235\" src=\"https:\/\/ferimet.com\/wp-content\/uploads\/2023\/08\/reciclable.png\" class=\"attachment-original size-original\" alt=\"recicabilidad en Ferimet\" srcset=\"https:\/\/ferimet.com\/wp-content\/uploads\/2023\/08\/reciclable.png 346w, https:\/\/ferimet.com\/wp-content\/uploads\/2023\/08\/reciclable-300x204.png 300w\" sizes=\"auto, (max-width: 346px) 100vw, 346px\" \/>\t\t\t\t\t\t\n\t\t\t\t\t<\/div>\n\t\t\t\t\t\t\t\t\n<style>\n#image_657488236 {\n  width: 100%;\n}\n<\/style>\n\t<\/div>\n\t\n\n  <div class=\"banner has-hover\" id=\"banner-1350141746\">\n          <div class=\"banner-inner fill\">\n        <div class=\"banner-bg fill\" >\n                                                \n                    <\/div>\n\t\t\n        <div class=\"banner-layers container\">\n            <div class=\"fill banner-link\"><\/div>            \n   <div id=\"text-box-856141362\" class=\"text-box banner-layer x50 md-x50 lg-x50 y5 md-y5 lg-y5 res-text\">\n                                <div class=\"text-box-content text \">\n              \n              <div class=\"text-inner text-left\">\n                  \n\t<div id=\"text-234522619\" class=\"text p4-bold\">\n\t\t\n<h2>100\u00a0%<br \/>\nreciclabilitat<\/h2>\n\t\t\t<\/div>\n\t\n\t<div id=\"text-3025484382\" class=\"text p3\">\n\t\t\n<p>Els podem assegurar que un 100\u00a0% del material que ens entreguin ser\u00e0 reciclat a les nostres instal\u00b7lacions (materials fragmentables 89\u00a0%).<\/p>\n\t\t\t<\/div>\n\t\n              <\/div>\n           <\/div>\n                            \n<style>\n#text-box-856141362 {\n  width: 77%;\n}\n#text-box-856141362 .text-box-content {\n  font-size: 100%;\n}\n<\/style>\n    <\/div>\n \n        <\/div>\n      <\/div>\n\n            \n<style>\n#banner-1350141746 {\n  padding-top: 400px;\n  background-color: rgba(255, 255, 255, 0);\n}\n<\/style>\n  <\/div>\n\n\n\t\t<\/div>\n\t\t\t\t\t<\/div>\n\n\t\n\n\t<div id=\"col-1732026963\" class=\"col medium-4 small-12 large-4\"  >\n\t\t\t\t<div class=\"col-inner\" style=\"background-color:rgb(255,255,255);\" >\n\t\t\t\n\t\t\t\n\t<div class=\"img has-hover x md-x lg-x y md-y lg-y\" id=\"image_2025440366\">\n\t\t\t\t\t\t\t\t<div class=\"img-inner dark\" >\n\t\t\t<img loading=\"lazy\" decoding=\"async\" width=\"346\" height=\"235\" src=\"https:\/\/ferimet.com\/wp-content\/uploads\/2023\/08\/trazabilidad.png\" class=\"attachment-original size-original\" alt=\"tranzabilidad Ferimet\" srcset=\"https:\/\/ferimet.com\/wp-content\/uploads\/2023\/08\/trazabilidad.png 346w, https:\/\/ferimet.com\/wp-content\/uploads\/2023\/08\/trazabilidad-300x204.png 300w\" sizes=\"auto, (max-width: 346px) 100vw, 346px\" \/>\t\t\t\t\t\t\n\t\t\t\t\t<\/div>\n\t\t\t\t\t\t\t\t\n<style>\n#image_2025440366 {\n  width: 100%;\n}\n<\/style>\n\t<\/div>\n\t\n\n  <div class=\"banner has-hover\" id=\"banner-1599386778\">\n          <div class=\"banner-inner fill\">\n        <div class=\"banner-bg fill\" >\n                                                \n                    <\/div>\n\t\t\n        <div class=\"banner-layers container\">\n            <div class=\"fill banner-link\"><\/div>            \n   <div id=\"text-box-823647072\" class=\"text-box banner-layer x50 md-x50 lg-x50 y5 md-y5 lg-y5 res-text\">\n                                <div class=\"text-box-content text \">\n              \n              <div class=\"text-inner text-left\">\n                  \n\t<div id=\"text-3877093125\" class=\"text p4-bold\">\n\t\t\n<h2>97\u00a0%<br \/>\ntra\u00e7abilitat<\/h2>\n\t\t\t<\/div>\n\t\n\t<div id=\"text-1088797356\" class=\"text p3\">\n\t\t\n<p>Ferimet pot assegurar la tra\u00e7abilitat del material gr\u00e0cies a la seva integraci\u00f3 a Celsa.<\/p>\n<p>Addicionalment, Celsa disposa de la tipologia d\u2019acereria m\u00e9s eficient en l\u2019\u00e0mbit mediambiental, en ser una acereria de forn el\u00e8ctric.<\/p>\n\t\t\t<\/div>\n\t\n              <\/div>\n           <\/div>\n                            \n<style>\n#text-box-823647072 {\n  width: 77%;\n}\n#text-box-823647072 .text-box-content {\n  font-size: 100%;\n}\n<\/style>\n    <\/div>\n \n        <\/div>\n      <\/div>\n\n            \n<style>\n#banner-1599386778 {\n  padding-top: 400px;\n  background-color: rgba(255, 255, 255, 0);\n}\n<\/style>\n  <\/div>\n\n\n\t\t<\/div>\n\t\t\t\t\t<\/div>\n\n\t\n\n\t<div id=\"col-1342050714\" class=\"col medium-4 small-12 large-4\"  >\n\t\t\t\t<div class=\"col-inner\" style=\"background-color:rgb(255,255,255);\" >\n\t\t\t\n\t\t\t\n\t<div class=\"img has-hover x md-x lg-x y md-y lg-y\" id=\"image_1462376668\">\n\t\t\t\t\t\t\t\t<div class=\"img-inner dark\" >\n\t\t\t<img loading=\"lazy\" decoding=\"async\" width=\"346\" height=\"235\" src=\"https:\/\/ferimet.com\/wp-content\/uploads\/2023\/08\/km-0.png\" class=\"attachment-original size-original\" alt=\"km 0 Ferimet\" srcset=\"https:\/\/ferimet.com\/wp-content\/uploads\/2023\/08\/km-0.png 346w, https:\/\/ferimet.com\/wp-content\/uploads\/2023\/08\/km-0-300x204.png 300w\" sizes=\"auto, (max-width: 346px) 100vw, 346px\" \/>\t\t\t\t\t\t\n\t\t\t\t\t<\/div>\n\t\t\t\t\t\t\t\t\n<style>\n#image_1462376668 {\n  width: 100%;\n}\n<\/style>\n\t<\/div>\n\t\n\n  <div class=\"banner has-hover\" id=\"banner-1748446564\">\n          <div class=\"banner-inner fill\">\n        <div class=\"banner-bg fill\" >\n                                                \n                    <\/div>\n\t\t\n        <div class=\"banner-layers container\">\n            <div class=\"fill banner-link\"><\/div>            \n   <div id=\"text-box-989322951\" class=\"text-box banner-layer x50 md-x50 lg-x50 y5 md-y5 lg-y5 res-text\">\n                                <div class=\"text-box-content text \">\n              \n              <div class=\"text-inner text-left\">\n                  \n\t<div id=\"text-2378864763\" class=\"text p4-bold\">\n\t\t\n<h2>88\u00a0%<br \/>\nkm 0<\/h2>\n\t\t\t<\/div>\n\t\n\t<div id=\"text-2540766304\" class=\"text p3\">\n\t\t\n<p>Ferimet aposta per les compres de materials locals, i un 88\u00a0% del material es compra a escala nacional, de manera que es redueixen aix\u00ed les emissions de CO<sub>2<\/sub> generades en el<br \/>\ntransport.<\/p>\n\t\t\t<\/div>\n\t\n              <\/div>\n           <\/div>\n                            \n<style>\n#text-box-989322951 {\n  width: 77%;\n}\n#text-box-989322951 .text-box-content {\n  font-size: 100%;\n}\n<\/style>\n    <\/div>\n \n        <\/div>\n      <\/div>\n\n            \n<style>\n#banner-1748446564 {\n  padding-top: 400px;\n  background-color: rgba(255, 255, 255, 0);\n}\n<\/style>\n  <\/div>\n\n\n\t\t<\/div>\n\t\t\t\t\t<\/div>\n\n\t\n<\/div>\n\t<div id=\"gap-1118433247\" class=\"gap-element clearfix\" style=\"display:block; height:auto;\">\n\t\t\n<style>\n#gap-1118433247 {\n  padding-top: 50px;\n}\n<\/style>\n\t<\/div>\n\t\n\t\t<\/div>\n\n\t\t\n<style>\n#section_1908202330 {\n  padding-top: 0px;\n  padding-bottom: 0px;\n  background-color: rgb(242, 242, 242);\n}\n<\/style>\n\t<\/section>\n\t\n\n\t<section class=\"section ferimet-sello-garantia-home\" id=\"section_690222886\">\n\t\t<div class=\"section-bg fill\" >\n\t\t\t\t\t\t\t\t\t\n\t\t\t\n\n\t\t<\/div>\n\n\t\t\n\n\t\t<div class=\"section-content relative\">\n\t\t\t\n\n\t<section class=\"section ferimet-sello-garantia-home\" id=\"section_83526423\">\n\t\t<div class=\"section-bg fill\" >\n\t\t\t\t\t\t\t\t\t\n\t\t\t\n\n\t\t<\/div>\n\n\t\t\n\n\t\t<div class=\"section-content relative\">\n\t\t\t\n\n\t<div id=\"gap-626767765\" class=\"gap-element clearfix\" style=\"display:block; height:auto;\">\n\t\t\n<style>\n#gap-626767765 {\n  padding-top: 50px;\n}\n<\/style>\n\t<\/div>\n\t\n\n<div class=\"row align-middle\"  id=\"row-1172888534\">\n\n\n\t<div id=\"col-1384387092\" class=\"col medium-3 small-12 large-3\"  >\n\t\t\t\t<div class=\"col-inner\"  >\n\t\t\t\n\t\t\t\n\n\t<div class=\"img has-hover x md-x lg-x y md-y lg-y\" id=\"image_434364178\">\n\t\t\t\t\t\t\t\t<div class=\"img-inner dark\" >\n\t\t\t<img loading=\"lazy\" decoding=\"async\" width=\"234\" height=\"218\" src=\"https:\/\/ferimet.com\/wp-content\/uploads\/2023\/08\/Ferimet-sello-def-BLANCO-02-1.png\" class=\"attachment-original size-original\" alt=\"sello ferimet blanco\" \/>\t\t\t\t\t\t\n\t\t\t\t\t<\/div>\n\t\t\t\t\t\t\t\t\n<style>\n#image_434364178 {\n  width: 50%;\n}\n@media (min-width:550px) {\n  #image_434364178 {\n    width: 100%;\n  }\n}\n<\/style>\n\t<\/div>\n\t\n\n\n\t\t<\/div>\n\t\t\t\t\t<\/div>\n\n\t\n\n\t<div id=\"col-768612839\" class=\"col medium-9 small-12 large-9\"  >\n\t\t\t\t<div class=\"col-inner\"  >\n\t\t\t\n\t\t\t\n\n\t<div id=\"text-1835390920\" class=\"text p3\">\n\t\t\n\n<h2>Ferimet garanteix reciclabilitat,<br> tra\u00e7abilitat i KM0<\/h2>\n<p>Segell garantia de qualitat.<br> Certificat per Bureau Veritas.<\/p>\n\t\t\t<\/div>\n\t\n\t<div id=\"stack-3565095370\" class=\"stack stack-row justify-between items-end sm:stack-col sm:justify-center sm:items-center\">\n\t\t\n\n\t<div class=\"img has-hover x md-x lg-x y md-y lg-y\" id=\"image_1433327337\">\n\t\t\t\t\t\t\t\t<div class=\"img-inner dark\" >\n\t\t\t<img loading=\"lazy\" decoding=\"async\" width=\"168\" height=\"78\" src=\"https:\/\/ferimet.com\/wp-content\/uploads\/2023\/08\/BureauVeritas-1.png\" class=\"attachment-original size-original\" alt=\"certificado bureau veritas 4\" \/>\t\t\t\t\t\t\n\t\t\t\t\t<\/div>\n\t\t\t\t\t\t\t\t\n<style>\n#image_1433327337 {\n  width: 75%;\n}\n@media (min-width:550px) {\n  #image_1433327337 {\n    width: 20%;\n  }\n}\n<\/style>\n\t<\/div>\n\t\n\n<a href=\"https:\/\/ferimet.com\/ca\/formulari-de-contacte\/\" target=\"_blank\" class=\"button primary is-outline lowercase\" rel=\"noopener\" >\n\t\t<span>Sol\u00b7licita el teu segell!<\/span>\n\t<\/a>\n\n\n\n\t\t\n<style>\n#stack-3565095370 > * {\n  --stack-gap: 0rem;\n}\n<\/style>\n\t<\/div>\n\t\n\n\t\t<\/div>\n\t\t\t\t\t<\/div>\n\n\t\n\n<\/div>\n\t<div id=\"gap-686088831\" class=\"gap-element clearfix\" style=\"display:block; height:auto;\">\n\t\t\n<style>\n#gap-686088831 {\n  padding-top: 50px;\n}\n<\/style>\n\t<\/div>\n\t\n\n\n\t\t<\/div>\n\n\t\t\n<style>\n#section_83526423 {\n  padding-top: 0px;\n  padding-bottom: 0px;\n  background-color: rgb(1, 188, 143);\n}\n<\/style>\n\t<\/section>\n\t\n\t\t<\/div>\n\n\t\t\n<style>\n#section_690222886 {\n  padding-top: 0px;\n  padding-bottom: 0px;\n  background-color: rgb(134, 198, 83);\n}\n<\/style>\n\t<\/section>\n\t\n","protected":false},"excerpt":{"rendered":"","protected":false},"author":1,"featured_media":0,"parent":0,"menu_order":0,"comment_status":"closed","ping_status":"closed","template":"page-transparent-header.php","meta":{"_acf_changed":false,"footnotes":""},"class_list":["post-3545","page","type-page","status-publish","hentry"],"acf":[],"yoast_head":"<!-- This site is optimized with the Yoast SEO plugin v27.1.1 - https:\/\/yoast.com\/product\/yoast-seo-wordpress\/ -->\n<title>Segell Circular Ferimet - Ferimet<\/title>\n<meta name=\"description\" content=\"Per mostrar la nostra participaci\u00f3 en el desenvolupament sostenible, hem creat el nostre propi segell circular, validat per Bureau Veritas.\" \/>\n<meta name=\"robots\" content=\"index, follow, max-snippet:-1, max-image-preview:large, max-video-preview:-1\" \/>\n<link rel=\"canonical\" href=\"https:\/\/ferimet.com\/ca\/segell-circular-ferimet\/\" \/>\n<meta property=\"og:locale\" content=\"ca_ES\" \/>\n<meta property=\"og:type\" content=\"article\" \/>\n<meta property=\"og:title\" content=\"Segell Circular Ferimet - Ferimet\" \/>\n<meta property=\"og:description\" content=\"Per mostrar la nostra participaci\u00f3 en el desenvolupament sostenible, hem creat el nostre propi segell circular, validat per Bureau Veritas.\" \/>\n<meta property=\"og:url\" content=\"https:\/\/ferimet.com\/ca\/segell-circular-ferimet\/\" \/>\n<meta property=\"og:site_name\" content=\"Ferimet\" \/>\n<meta property=\"article:modified_time\" content=\"2024-04-11T09:43:50+00:00\" \/>\n<meta name=\"twitter:card\" content=\"summary_large_image\" \/>\n<meta name=\"twitter:site\" content=\"@CelsaGroup\" \/>\n<meta name=\"twitter:label1\" content=\"Temps estimat de lectura\" \/>\n\t<meta name=\"twitter:data1\" content=\"2 minuts\" \/>\n<script type=\"application\/ld+json\" class=\"yoast-schema-graph\">{\"@context\":\"https:\/\/schema.org\",\"@graph\":[{\"@type\":\"WebPage\",\"@id\":\"https:\/\/ferimet.com\/ca\/segell-circular-ferimet\/\",\"url\":\"https:\/\/ferimet.com\/ca\/segell-circular-ferimet\/\",\"name\":\"Segell Circular Ferimet - Ferimet\",\"isPartOf\":{\"@id\":\"https:\/\/ferimet.com\/ca\/#website\"},\"datePublished\":\"2023-08-04T11:22:55+00:00\",\"dateModified\":\"2024-04-11T09:43:50+00:00\",\"description\":\"Per mostrar la nostra participaci\u00f3 en el desenvolupament sostenible, hem creat el nostre propi segell circular, validat per Bureau Veritas.\",\"breadcrumb\":{\"@id\":\"https:\/\/ferimet.com\/ca\/segell-circular-ferimet\/#breadcrumb\"},\"inLanguage\":\"ca\",\"potentialAction\":[{\"@type\":\"ReadAction\",\"target\":[\"https:\/\/ferimet.com\/ca\/segell-circular-ferimet\/\"]}]},{\"@type\":\"BreadcrumbList\",\"@id\":\"https:\/\/ferimet.com\/ca\/segell-circular-ferimet\/#breadcrumb\",\"itemListElement\":[{\"@type\":\"ListItem\",\"position\":1,\"name\":\"Home\",\"item\":\"https:\/\/ferimet.com\/ca\/\"},{\"@type\":\"ListItem\",\"position\":2,\"name\":\"Segell Circular Ferimet\"}]},{\"@type\":\"WebSite\",\"@id\":\"https:\/\/ferimet.com\/ca\/#website\",\"url\":\"https:\/\/ferimet.com\/ca\/\",\"name\":\"Ferimet\",\"description\":\"\",\"publisher\":{\"@id\":\"https:\/\/ferimet.com\/ca\/#organization\"},\"potentialAction\":[{\"@type\":\"SearchAction\",\"target\":{\"@type\":\"EntryPoint\",\"urlTemplate\":\"https:\/\/ferimet.com\/ca\/?s={search_term_string}\"},\"query-input\":{\"@type\":\"PropertyValueSpecification\",\"valueRequired\":true,\"valueName\":\"search_term_string\"}}],\"inLanguage\":\"ca\"},{\"@type\":\"Organization\",\"@id\":\"https:\/\/ferimet.com\/ca\/#organization\",\"name\":\"Ferimet\",\"url\":\"https:\/\/ferimet.com\/ca\/\",\"logo\":{\"@type\":\"ImageObject\",\"inLanguage\":\"ca\",\"@id\":\"https:\/\/ferimet.com\/ca\/#\/schema\/logo\/image\/\",\"url\":\"https:\/\/ferimet.com\/wp-content\/uploads\/2023\/09\/logo-ferimet-footer.svg\",\"contentUrl\":\"https:\/\/ferimet.com\/wp-content\/uploads\/2023\/09\/logo-ferimet-footer.svg\",\"width\":1,\"height\":1,\"caption\":\"Ferimet\"},\"image\":{\"@id\":\"https:\/\/ferimet.com\/ca\/#\/schema\/logo\/image\/\"},\"sameAs\":[\"https:\/\/x.com\/CelsaGroup\",\"https:\/\/www.linkedin.com\/company\/celsa\",\"https:\/\/www.instagram.com\/celsa_group\/\"]}]}<\/script>\n<!-- \/ Yoast SEO plugin. -->","yoast_head_json":{"title":"Segell Circular Ferimet - Ferimet","description":"Per mostrar la nostra participaci\u00f3 en el desenvolupament sostenible, hem creat el nostre propi segell circular, validat per Bureau Veritas.","robots":{"index":"index","follow":"follow","max-snippet":"max-snippet:-1","max-image-preview":"max-image-preview:large","max-video-preview":"max-video-preview:-1"},"canonical":"https:\/\/ferimet.com\/ca\/segell-circular-ferimet\/","og_locale":"ca_ES","og_type":"article","og_title":"Segell Circular Ferimet - Ferimet","og_description":"Per mostrar la nostra participaci\u00f3 en el desenvolupament sostenible, hem creat el nostre propi segell circular, validat per Bureau Veritas.","og_url":"https:\/\/ferimet.com\/ca\/segell-circular-ferimet\/","og_site_name":"Ferimet","article_modified_time":"2024-04-11T09:43:50+00:00","twitter_card":"summary_large_image","twitter_site":"@CelsaGroup","twitter_misc":{"Temps estimat de lectura":"2 minuts"},"schema":{"@context":"https:\/\/schema.org","@graph":[{"@type":"WebPage","@id":"https:\/\/ferimet.com\/ca\/segell-circular-ferimet\/","url":"https:\/\/ferimet.com\/ca\/segell-circular-ferimet\/","name":"Segell Circular Ferimet - Ferimet","isPartOf":{"@id":"https:\/\/ferimet.com\/ca\/#website"},"datePublished":"2023-08-04T11:22:55+00:00","dateModified":"2024-04-11T09:43:50+00:00","description":"Per mostrar la nostra participaci\u00f3 en el desenvolupament sostenible, hem creat el nostre propi segell circular, validat per Bureau Veritas.","breadcrumb":{"@id":"https:\/\/ferimet.com\/ca\/segell-circular-ferimet\/#breadcrumb"},"inLanguage":"ca","potentialAction":[{"@type":"ReadAction","target":["https:\/\/ferimet.com\/ca\/segell-circular-ferimet\/"]}]},{"@type":"BreadcrumbList","@id":"https:\/\/ferimet.com\/ca\/segell-circular-ferimet\/#breadcrumb","itemListElement":[{"@type":"ListItem","position":1,"name":"Home","item":"https:\/\/ferimet.com\/ca\/"},{"@type":"ListItem","position":2,"name":"Segell Circular Ferimet"}]},{"@type":"WebSite","@id":"https:\/\/ferimet.com\/ca\/#website","url":"https:\/\/ferimet.com\/ca\/","name":"Ferimet","description":"","publisher":{"@id":"https:\/\/ferimet.com\/ca\/#organization"},"potentialAction":[{"@type":"SearchAction","target":{"@type":"EntryPoint","urlTemplate":"https:\/\/ferimet.com\/ca\/?s={search_term_string}"},"query-input":{"@type":"PropertyValueSpecification","valueRequired":true,"valueName":"search_term_string"}}],"inLanguage":"ca"},{"@type":"Organization","@id":"https:\/\/ferimet.com\/ca\/#organization","name":"Ferimet","url":"https:\/\/ferimet.com\/ca\/","logo":{"@type":"ImageObject","inLanguage":"ca","@id":"https:\/\/ferimet.com\/ca\/#\/schema\/logo\/image\/","url":"https:\/\/ferimet.com\/wp-content\/uploads\/2023\/09\/logo-ferimet-footer.svg","contentUrl":"https:\/\/ferimet.com\/wp-content\/uploads\/2023\/09\/logo-ferimet-footer.svg","width":1,"height":1,"caption":"Ferimet"},"image":{"@id":"https:\/\/ferimet.com\/ca\/#\/schema\/logo\/image\/"},"sameAs":["https:\/\/x.com\/CelsaGroup","https:\/\/www.linkedin.com\/company\/celsa","https:\/\/www.instagram.com\/celsa_group\/"]}]}},"_links":{"self":[{"href":"https:\/\/ferimet.com\/ca\/wp-json\/wp\/v2\/pages\/3545","targetHints":{"allow":["GET"]}}],"collection":[{"href":"https:\/\/ferimet.com\/ca\/wp-json\/wp\/v2\/pages"}],"about":[{"href":"https:\/\/ferimet.com\/ca\/wp-json\/wp\/v2\/types\/page"}],"author":[{"embeddable":true,"href":"https:\/\/ferimet.com\/ca\/wp-json\/wp\/v2\/users\/1"}],"replies":[{"embeddable":true,"href":"https:\/\/ferimet.com\/ca\/wp-json\/wp\/v2\/comments?post=3545"}],"version-history":[{"count":4,"href":"https:\/\/ferimet.com\/ca\/wp-json\/wp\/v2\/pages\/3545\/revisions"}],"predecessor-version":[{"id":4302,"href":"https:\/\/ferimet.com\/ca\/wp-json\/wp\/v2\/pages\/3545\/revisions\/4302"}],"wp:attachment":[{"href":"https:\/\/ferimet.com\/ca\/wp-json\/wp\/v2\/media?parent=3545"}],"curies":[{"name":"wp","href":"https:\/\/api.w.org\/{rel}","templated":true}]}}