{"id":3575,"date":"2023-08-03T10:48:58","date_gmt":"2023-08-03T09:48:58","guid":{"rendered":"https:\/\/ferimet.enproceso.es\/enderrocs-i-demolicions\/"},"modified":"2024-05-08T16:16:12","modified_gmt":"2024-05-08T15:16:12","slug":"enderrocs-i-demolicions","status":"publish","type":"page","link":"https:\/\/ferimet.com\/ca\/serveis\/enderrocs-i-demolicions\/","title":{"rendered":"Enderrocs i demolicions"},"content":{"rendered":"\n  <div class=\"banner has-hover\" id=\"banner-1854609855\">\n          <div class=\"banner-inner fill\">\n        <div class=\"banner-bg fill\" >\n            <img loading=\"lazy\" decoding=\"async\" width=\"1440\" height=\"358\" src=\"https:\/\/ferimet.com\/wp-content\/uploads\/2023\/08\/servicios-ferimet.png\" class=\"bg attachment-original size-original\" alt=\"Servicios ferimet\" \/>                                    \n                    <\/div>\n\t\t\n        <div class=\"banner-layers container\">\n            <div class=\"fill banner-link\"><\/div>            \n   <div id=\"text-box-1483848251\" class=\"text-box banner-layer x50 md-x50 lg-x50 y50 md-y50 lg-y50 res-text\">\n                                <div class=\"text-box-content text dark\">\n              \n              <div class=\"text-inner text-center\">\n                  \n\t<div id=\"text-1985070398\" class=\"text slide-interiores\">\n\t\t\n<p>Serveis<br \/>\n\t\t\t<\/div>\n\t\n              <\/div>\n           <\/div>\n                            \n<style>\n#text-box-1483848251 {\n  width: 60%;\n}\n#text-box-1483848251 .text-box-content {\n  font-size: 100%;\n}\n<\/style>\n    <\/div>\n \n        <\/div>\n      <\/div>\n\n            \n<style>\n#banner-1854609855 {\n  padding-top: 358px;\n}\n#banner-1854609855 .banner-bg img {\n  object-position: 50% 100%;\n}\n<\/style>\n  <\/div>\n\n\n\n\t<section class=\"section\" id=\"section_1449827697\">\n\t\t<div class=\"section-bg fill\" >\n\t\t\t\t\t\t\t\t\t\n\t\t\t\n\n\t\t<\/div>\n\n\t\t\n\n\t\t<div class=\"section-content relative\">\n\t\t\t\n\t<div id=\"gap-1901100571\" class=\"gap-element clearfix\" style=\"display:block; height:auto;\">\n\t\t\n<style>\n#gap-1901100571 {\n  padding-top: 45px;\n}\n<\/style>\n\t<\/div>\n\t\n<div class=\"row\"  id=\"row-1999597080\">\n\n\t<div id=\"col-1209701451\" class=\"col small-12 large-12\"  >\n\t\t\t\t<div class=\"col-inner\"  >\n\t\t\t\n\t\t\t\n\n<span><span><a href=\"https:\/\/ferimet.com\/ca\/\">Home<\/a><\/span><\/span>\n\n\t\t<\/div>\n\t\t\t\t\t<\/div>\n\n\t\n<\/div>\n\t<div id=\"gap-1748082878\" class=\"gap-element clearfix\" style=\"display:block; height:auto;\">\n\t\t\n<style>\n#gap-1748082878 {\n  padding-top: 40px;\n}\n<\/style>\n\t<\/div>\n\t\n\t\t<\/div>\n\n\t\t\n<style>\n#section_1449827697 {\n  padding-top: 0px;\n  padding-bottom: 0px;\n}\n<\/style>\n\t<\/section>\n\t\n\n\t<section class=\"section\" id=\"section_1761688995\">\n\t\t<div class=\"section-bg fill\" >\n\t\t\t\t\t\t\t\t\t\n\t\t\t\n\n\t\t<\/div>\n\n\t\t\n\n\t\t<div class=\"section-content relative\">\n\t\t\t\n<div class=\"row\"  id=\"row-1981170275\">\n\n\t<div id=\"col-350704362\" class=\"col small-12 large-12\"  >\n\t\t\t\t<div class=\"col-inner\"  >\n\t\t\t\n\t<div class=\"is-border\"\n\t\tstyle=\"border-width:0px 0px 0px 0px;\">\n\t<\/div>\n\t\t\t\n<h1>Enderrocs i<br \/>\ndemolicions<br \/>\nindustrials<\/h1>\n\t\t<\/div>\n\t\t\t\t\n<style>\n#col-350704362 > .col-inner {\n  padding: 0px 0px 0px 0px;\n}\n<\/style>\n\t<\/div>\n\n\t\n\n<style>\n#row-1981170275 > .col > .col-inner {\n  padding: 0px 0px 0px 0px;\n}\n<\/style>\n<\/div>\n<div class=\"row\"  id=\"row-1054078965\">\n\n\t<div id=\"col-740621990\" class=\"col medium-6 small-12 large-6\"  >\n\t\t\t\t<div class=\"col-inner\"  >\n\t\t\t\n\t\t\t\n\t<div id=\"text-1506941741\" class=\"text p2\">\n\t\t\n<p>FERIMET SLU, amb m\u00e9s de cinquanta anys d\u2019experi\u00e8ncia, s\u2019encarrega de la demolici\u00f3 i del transport i la retirada de tots els materials resultants d\u2019aquest tipus de serveis. El nostre departament t\u00e8cnic, en funci\u00f3 de les caracter\u00edstiques de cada servei i de la casu\u00edstica, elabora un pla de treball que preveu els mitjans mec\u00e0nics i humans que es requereixen per garantir un treball eficient i segur.<\/p>\n<p>Tots els aspectes t\u00e8cnics (enginyeria, arquitectura, etc.), laborals (plans de prevenci\u00f3 de riscos) i mediambientals es tenen en compte per poder gestionar el servei amb les m\u00e0ximes garanties d\u2019\u00e8xit. Som experts en la demolici\u00f3 de complexos industrials, edificis, estructures met\u00e0l\u00b7liques i infraestructures ferrovi\u00e0ries i portu\u00e0ries.<\/p>\n<p>FERIMET est\u00e0 inscrit al Registre d\u2019Empreses Acreditades per a desmuntatges, enderrocs i desmantellaments.<br \/>\nN\u00daM. D\u2019INSCRIPCI\u00d3 AL REA: 09000029776<br \/>\n\t\t\t<\/div>\n\t\n\t\t<\/div>\n\t\t\t\t\t<\/div>\n\n\t\n\n\t<div id=\"col-1864585316\" class=\"col medium-1 small-12 large-1\"  >\n\t\t\t\t<div class=\"col-inner\"  >\n\t\t\t\n\t<div class=\"is-border\"\n\t\tstyle=\"border-color:rgb(73, 73, 73);border-width:0px 1px 0px 0px;margin:0px 31px 0px 0px;\">\n\t<\/div>\n\t\t\t\n\n  <div class=\"banner has-hover\" id=\"banner-251831144\">\n          <div class=\"banner-inner fill\">\n        <div class=\"banner-bg fill\" >\n                                                \n                    <\/div>\n\t\t\n        <div class=\"banner-layers container\">\n            <div class=\"fill banner-link\"><\/div>            \n   <div id=\"text-box-555573565\" class=\"text-box banner-layer x50 md-x50 lg-x50 y50 md-y50 lg-y50 res-text\">\n                                <div class=\"text-box-content text dark\">\n              \n              <div class=\"text-inner text-center\">\n                  \n              <\/div>\n           <\/div>\n                            \n<style>\n#text-box-555573565 {\n  width: 60%;\n}\n#text-box-555573565 .text-box-content {\n  font-size: 100%;\n}\n@media (min-width:550px) {\n  #text-box-555573565 {\n    width: 60%;\n  }\n}\n<\/style>\n    <\/div>\n \n        <\/div>\n      <\/div>\n\n            \n<style>\n#banner-251831144 {\n  padding-top: 108.5px;\n  background-color: rgba(0, 0, 0, 0);\n}\n<\/style>\n  <\/div>\n\n\n\t\t<\/div>\n\t\t\t\t\n<style>\n#col-1864585316 > .col-inner {\n  padding: 0px 0px 0px 0px;\n  margin: 0px 0px 0px 15px;\n}\n<\/style>\n\t<\/div>\n\n\t\n\n\t<div id=\"col-1140170948\" class=\"col medium-5 small-12 large-5\"  >\n\t\t\t\t<div class=\"col-inner\"  >\n\t\t\t\n\t<div class=\"is-border\"\n\t\tstyle=\"border-width:0px 0px 0px 0px;\">\n\t<\/div>\n\t\t\t\n<h2>\u00abElaborem un pla de treball que preveu els mitjans mec\u00e0nics i humans necessaris per garantir un treball eficient i segur.\u00bb<\/h2>\n\t\t<\/div>\n\t\t\t\t\n<style>\n#col-1140170948 > .col-inner {\n  padding: 0px 0px 0px 15px;\n}\n<\/style>\n\t<\/div>\n\n\t\n<\/div>\n\t<div id=\"gap-356434381\" class=\"gap-element clearfix\" style=\"display:block; height:auto;\">\n\t\t\n<style>\n#gap-356434381 {\n  padding-top: 50px;\n}\n<\/style>\n\t<\/div>\n\t\n\t\t<\/div>\n\n\t\t\n<style>\n#section_1761688995 {\n  padding-top: 0px;\n  padding-bottom: 0px;\n}\n<\/style>\n\t<\/section>\n\t\n\t<div id=\"gap-217324875\" class=\"gap-element clearfix\" style=\"display:block; height:auto;\">\n\t\t\n<style>\n#gap-217324875 {\n  padding-top: 30px;\n}\n<\/style>\n\t<\/div>\n\t\n\n\t<section class=\"section\" id=\"section_941693385\">\n\t\t<div class=\"section-bg fill\" >\n\t\t\t\t\t\t\t\t\t\n\t\t\t\n\n\t\t<\/div>\n\n\t\t\n\n\t\t<div class=\"section-content relative\">\n\t\t\t\n<div class=\"row\"  id=\"row-1886563807\">\n\n\t<div id=\"col-581142658\" class=\"col small-12 large-12\"  >\n\t\t\t\t<div class=\"col-inner\"  >\n\t\t\t\n\t\t\t\n\t<div id=\"gap-183393057\" class=\"gap-element clearfix\" style=\"display:block; height:auto;\">\n\t\t\n<style>\n#gap-183393057 {\n  padding-top: 50px;\n}\n<\/style>\n\t<\/div>\n\t\n<h2>Demolici\u00f3<\/h2>\n\t\t<\/div>\n\t\t\t\t\t<\/div>\n\n\t\n<\/div>\n<div class=\"row align-middle\"  id=\"row-735627837\">\n\n\t<div id=\"col-2041910215\" class=\"col medium-3 small-12 large-3\"  >\n\t\t\t\t<div class=\"col-inner\"  >\n\t\t\t\n\t\t\t\n\t<div class=\"box has-hover derribos-image-box  has-hover box-overlay dark box-text-middle\" >\n\n\t\t<div class=\"box-image\" >\n\t\t\t\t\t\t<div class=\"\" >\n\t\t\t\t<img loading=\"lazy\" decoding=\"async\" width=\"259\" height=\"247\" src=\"https:\/\/ferimet.com\/wp-content\/uploads\/2023\/08\/complejos-industriales.png\" class=\"attachment- size-\" alt=\"Complejo industrial de derribos y demoliciones de Ferimet\" \/>\t\t\t\t<div class=\"overlay\" style=\"background-color:1\"><\/div>\t\t\t\t\t\t\t<\/div>\n\t\t\t\t\t<\/div>\n\n\t\t<div class=\"box-text text-center\" >\n\t\t\t<div class=\"box-text-inner\">\n\t\t\t\t\n<h2>Complexos<br \/>\nindustrials<\/h2>\n\t\t\t<\/div>\n\t\t<\/div>\n\t<\/div>\n\t\n\t\t<\/div>\n\t\t\t\t\t<\/div>\n\n\t\n\n\t<div id=\"col-634770928\" class=\"col medium-3 small-12 large-3\"  >\n\t\t\t\t<div class=\"col-inner\"  >\n\t\t\t\n\t\t\t\n\t<div class=\"box has-hover derribos-image-box  has-hover box-overlay dark box-text-middle\" >\n\n\t\t<div class=\"box-image\" >\n\t\t\t\t\t\t<div class=\"\" >\n\t\t\t\t<img loading=\"lazy\" decoding=\"async\" width=\"259\" height=\"247\" src=\"https:\/\/ferimet.com\/wp-content\/uploads\/2023\/08\/edificios.png\" class=\"attachment- size-\" alt=\"Edificio siendo derribado\" \/>\t\t\t\t<div class=\"overlay\" style=\"background-color:1\"><\/div>\t\t\t\t\t\t\t<\/div>\n\t\t\t\t\t<\/div>\n\n\t\t<div class=\"box-text text-center\" >\n\t\t\t<div class=\"box-text-inner\">\n\t\t\t\t\n<h2>Edificis<\/h2>\n\t\t\t<\/div>\n\t\t<\/div>\n\t<\/div>\n\t\n\t\t<\/div>\n\t\t\t\t\t<\/div>\n\n\t\n\n\t<div id=\"col-204974495\" class=\"col medium-3 small-12 large-3\"  >\n\t\t\t\t<div class=\"col-inner\"  >\n\t\t\t\n\t\t\t\n\t<div class=\"box has-hover derribos-image-box  has-hover box-overlay dark box-text-middle\" >\n\n\t\t<div class=\"box-image\" >\n\t\t\t\t\t\t<div class=\"\" >\n\t\t\t\t<img loading=\"lazy\" decoding=\"async\" width=\"259\" height=\"247\" src=\"https:\/\/ferimet.com\/wp-content\/uploads\/2023\/08\/puentes.png\" class=\"attachment- size-\" alt=\"puente\" \/>\t\t\t\t<div class=\"overlay\" style=\"background-color:1\"><\/div>\t\t\t\t\t\t\t<\/div>\n\t\t\t\t\t<\/div>\n\n\t\t<div class=\"box-text text-center\" >\n\t\t\t<div class=\"box-text-inner\">\n\t\t\t\t\n<h2>Ponts<\/h2>\n\t\t\t<\/div>\n\t\t<\/div>\n\t<\/div>\n\t\n\t\t<\/div>\n\t\t\t\t\t<\/div>\n\n\t\n\n\t<div id=\"col-1518041366\" class=\"col medium-3 small-12 large-3\"  >\n\t\t\t\t<div class=\"col-inner\"  >\n\t\t\t\n\t\t\t\n\t<div class=\"box has-hover derribos-image-box  has-hover box-overlay dark box-text-middle\" >\n\n\t\t<div class=\"box-image\" >\n\t\t\t\t\t\t<div class=\"\" >\n\t\t\t\t<img loading=\"lazy\" decoding=\"async\" width=\"259\" height=\"247\" src=\"https:\/\/ferimet.com\/wp-content\/uploads\/2023\/08\/Grandes-estructuras.png\" class=\"attachment- size-\" alt=\"Derribos y demoliciones de grandes\u2028estructuras\" \/>\t\t\t\t<div class=\"overlay\" style=\"background-color:1\"><\/div>\t\t\t\t\t\t\t<\/div>\n\t\t\t\t\t<\/div>\n\n\t\t<div class=\"box-text text-center\" >\n\t\t\t<div class=\"box-text-inner\">\n\t\t\t\t\n<h2>Grans<br \/>\nestructures<\/h2>\n\t\t\t<\/div>\n\t\t<\/div>\n\t<\/div>\n\t\n\t\t<\/div>\n\t\t\t\t\t<\/div>\n\n\t\n<\/div>\n\t<div id=\"gap-312321743\" class=\"gap-element clearfix\" style=\"display:block; height:auto;\">\n\t\t\n<style>\n#gap-312321743 {\n  padding-top: 50px;\n}\n<\/style>\n\t<\/div>\n\t\n\t\t<\/div>\n\n\t\t\n<style>\n#section_941693385 {\n  padding-top: 30px;\n  padding-bottom: 30px;\n  background-color: rgb(246, 246, 246);\n}\n<\/style>\n\t<\/section>\n\t\n\n\t<section class=\"section\" id=\"section_988346874\">\n\t\t<div class=\"section-bg fill\" >\n\t\t\t\t\t\t\t\t\t\n\t\t\t\n\n\t\t<\/div>\n\n\t\t\n\n\t\t<div class=\"section-content relative\">\n\t\t\t\n\t<div id=\"gap-267481901\" class=\"gap-element clearfix\" style=\"display:block; height:auto;\">\n\t\t\n<style>\n#gap-267481901 {\n  padding-top: 50px;\n}\n<\/style>\n\t<\/div>\n\t\n<div class=\"row\"  id=\"row-984751403\">\n\n\t<div id=\"col-1720218580\" class=\"col small-12 large-12\"  >\n\t\t\t\t<div class=\"col-inner\"  >\n\t\t\t\n\t\t\t\n<h2>Desballestament i desmantellament<\/h2>\n\t\t<\/div>\n\t\t\t\t\t<\/div>\n\n\t\n<\/div>\n<div class=\"row align-middle fondo-filas\"  id=\"row-639945990\">\n\n\t<div id=\"col-1121395955\" class=\"col medium-4 small-12 large-4\"  >\n\t\t\t\t<div class=\"col-inner\"  >\n\t\t\t\n\t\t\t\n\t<div class=\"box has-hover derribos-image-box  has-hover box-overlay dark box-text-middle\" >\n\n\t\t<div class=\"box-image\" >\n\t\t\t\t\t\t<div class=\"\" >\n\t\t\t\t<img loading=\"lazy\" decoding=\"async\" width=\"347\" height=\"331\" src=\"https:\/\/ferimet.com\/wp-content\/uploads\/2023\/08\/Desguace-de-vagones-y-locomotoras.png\" class=\"attachment- size-\" alt=\"Desguace de vag\u00f3n\" srcset=\"https:\/\/ferimet.com\/wp-content\/uploads\/2023\/08\/Desguace-de-vagones-y-locomotoras.png 347w, https:\/\/ferimet.com\/wp-content\/uploads\/2023\/08\/Desguace-de-vagones-y-locomotoras-300x286.png 300w\" sizes=\"auto, (max-width: 347px) 100vw, 347px\" \/>\t\t\t\t<div class=\"overlay\" style=\"background-color:1\"><\/div>\t\t\t\t\t\t\t<\/div>\n\t\t\t\t\t<\/div>\n\n\t\t<div class=\"box-text text-center\" >\n\t\t\t<div class=\"box-text-inner\">\n\t\t\t\t\n<h2>Desballestament de vagons i locomotores<\/h2>\n\t\t\t<\/div>\n\t\t<\/div>\n\t<\/div>\n\t\n\t\t<\/div>\n\t\t\t\t\t<\/div>\n\n\t\n\n\t<div id=\"col-356492787\" class=\"col medium-4 small-12 large-4\"  >\n\t\t\t\t<div class=\"col-inner\"  >\n\t\t\t\n\t\t\t\n\t<div class=\"box has-hover derribos-image-box  has-hover box-overlay dark box-text-middle\" >\n\n\t\t<div class=\"box-image\" >\n\t\t\t\t\t\t<div class=\"\" >\n\t\t\t\t<img loading=\"lazy\" decoding=\"async\" width=\"347\" height=\"331\" src=\"https:\/\/ferimet.com\/wp-content\/uploads\/2024\/05\/Vias-de-ferrocarril.png\" class=\"attachment- size-\" alt=\"vies de ferrocarril\" srcset=\"https:\/\/ferimet.com\/wp-content\/uploads\/2024\/05\/Vias-de-ferrocarril.png 347w, https:\/\/ferimet.com\/wp-content\/uploads\/2024\/05\/Vias-de-ferrocarril-300x286.png 300w\" sizes=\"auto, (max-width: 347px) 100vw, 347px\" \/>\t\t\t\t<div class=\"overlay\" style=\"background-color:1\"><\/div>\t\t\t\t\t\t\t<\/div>\n\t\t\t\t\t<\/div>\n\n\t\t<div class=\"box-text text-center\" >\n\t\t\t<div class=\"box-text-inner\">\n\t\t\t\t\n<h2>Vies de<br \/>\nferrocarril<\/h2>\n\t\t\t<\/div>\n\t\t<\/div>\n\t<\/div>\n\t\n\t\t<\/div>\n\t\t\t\t\t<\/div>\n\n\t\n\n\t<div id=\"col-1944095248\" class=\"col medium-4 small-12 large-4\"  >\n\t\t\t\t<div class=\"col-inner\"  >\n\t\t\t\n\t\t\t\n\t<div class=\"box has-hover derribos-image-box  has-hover box-overlay dark box-text-middle\" >\n\n\t\t<div class=\"box-image\" >\n\t\t\t\t\t\t<div class=\"\" >\n\t\t\t\t<img loading=\"lazy\" decoding=\"async\" width=\"347\" height=\"331\" src=\"https:\/\/ferimet.com\/wp-content\/uploads\/2023\/08\/Estructura-portuaria-y-barcos.png\" class=\"attachment- size-\" alt=\"Desguace y desmantelamiento de barco\" srcset=\"https:\/\/ferimet.com\/wp-content\/uploads\/2023\/08\/Estructura-portuaria-y-barcos.png 347w, https:\/\/ferimet.com\/wp-content\/uploads\/2023\/08\/Estructura-portuaria-y-barcos-300x286.png 300w\" sizes=\"auto, (max-width: 347px) 100vw, 347px\" \/>\t\t\t\t<div class=\"overlay\" style=\"background-color:1\"><\/div>\t\t\t\t\t\t\t<\/div>\n\t\t\t\t\t<\/div>\n\n\t\t<div class=\"box-text text-center\" >\n\t\t\t<div class=\"box-text-inner\">\n\t\t\t\t\n<h2>Estructura portu\u00e0ria i vaixells<\/h2>\n\t\t\t<\/div>\n\t\t<\/div>\n\t<\/div>\n\t\n\t\t<\/div>\n\t\t\t\t\t<\/div>\n\n\t\n\n<style>\n#row-639945990 > .col > .col-inner {\n  background-color: rgb(255, 255, 255);\n}\n<\/style>\n<\/div>\n\t<div id=\"gap-585082130\" class=\"gap-element clearfix\" style=\"display:block; height:auto;\">\n\t\t\n<style>\n#gap-585082130 {\n  padding-top: 95px;\n}\n<\/style>\n\t<\/div>\n\t\n\t\t<\/div>\n\n\t\t\n<style>\n#section_988346874 {\n  padding-top: 30px;\n  padding-bottom: 30px;\n}\n<\/style>\n\t<\/section>\n\t\n","protected":false},"excerpt":{"rendered":"","protected":false},"author":1,"featured_media":0,"parent":3599,"menu_order":0,"comment_status":"closed","ping_status":"closed","template":"page-transparent-header.php","meta":{"_acf_changed":false,"footnotes":""},"class_list":["post-3575","page","type-page","status-publish","hentry"],"acf":[],"yoast_head":"<!-- This site is optimized with the Yoast SEO plugin v27.1.1 - https:\/\/yoast.com\/product\/yoast-seo-wordpress\/ -->\n<title>Enderrocs i demolicions - Ferimet<\/title>\n<meta name=\"description\" content=\"En Ferimet, amb m\u00e9s de cinquanta anys d\u2019experi\u00e8ncia, ens encarreguem dels enderrocs i demolicions industrials.\" \/>\n<meta name=\"robots\" content=\"index, follow, max-snippet:-1, max-image-preview:large, max-video-preview:-1\" \/>\n<link rel=\"canonical\" href=\"https:\/\/ferimet.com\/ca\/serveis\/enderrocs-i-demolicions\/\" \/>\n<meta property=\"og:locale\" content=\"ca_ES\" \/>\n<meta property=\"og:type\" content=\"article\" \/>\n<meta property=\"og:title\" content=\"Enderrocs i demolicions - Ferimet\" \/>\n<meta property=\"og:description\" content=\"En Ferimet, amb m\u00e9s de cinquanta anys d\u2019experi\u00e8ncia, ens encarreguem dels enderrocs i demolicions industrials.\" \/>\n<meta property=\"og:url\" content=\"https:\/\/ferimet.com\/ca\/serveis\/enderrocs-i-demolicions\/\" \/>\n<meta property=\"og:site_name\" content=\"Ferimet\" \/>\n<meta property=\"article:modified_time\" content=\"2024-05-08T15:16:12+00:00\" \/>\n<meta name=\"twitter:card\" content=\"summary_large_image\" \/>\n<meta name=\"twitter:site\" content=\"@CelsaGroup\" \/>\n<meta name=\"twitter:label1\" content=\"Temps estimat de lectura\" \/>\n\t<meta name=\"twitter:data1\" content=\"2 minuts\" \/>\n<script type=\"application\/ld+json\" class=\"yoast-schema-graph\">{\"@context\":\"https:\/\/schema.org\",\"@graph\":[{\"@type\":\"WebPage\",\"@id\":\"https:\/\/ferimet.com\/ca\/serveis\/enderrocs-i-demolicions\/\",\"url\":\"https:\/\/ferimet.com\/ca\/serveis\/enderrocs-i-demolicions\/\",\"name\":\"Enderrocs i demolicions - Ferimet\",\"isPartOf\":{\"@id\":\"https:\/\/ferimet.com\/ca\/#website\"},\"datePublished\":\"2023-08-03T09:48:58+00:00\",\"dateModified\":\"2024-05-08T15:16:12+00:00\",\"description\":\"En Ferimet, amb m\u00e9s de cinquanta anys d\u2019experi\u00e8ncia, ens encarreguem dels enderrocs i demolicions industrials.\",\"breadcrumb\":{\"@id\":\"https:\/\/ferimet.com\/ca\/serveis\/enderrocs-i-demolicions\/#breadcrumb\"},\"inLanguage\":\"ca\",\"potentialAction\":[{\"@type\":\"ReadAction\",\"target\":[\"https:\/\/ferimet.com\/ca\/serveis\/enderrocs-i-demolicions\/\"]}]},{\"@type\":\"BreadcrumbList\",\"@id\":\"https:\/\/ferimet.com\/ca\/serveis\/enderrocs-i-demolicions\/#breadcrumb\",\"itemListElement\":[{\"@type\":\"ListItem\",\"position\":1,\"name\":\"Home\",\"item\":\"https:\/\/ferimet.com\/ca\/\"},{\"@type\":\"ListItem\",\"position\":2,\"name\":\"Serveis\",\"item\":\"https:\/\/ferimet.com\/ca\/serveis\/\"},{\"@type\":\"ListItem\",\"position\":3,\"name\":\"Enderrocs i demolicions\"}]},{\"@type\":\"WebSite\",\"@id\":\"https:\/\/ferimet.com\/ca\/#website\",\"url\":\"https:\/\/ferimet.com\/ca\/\",\"name\":\"Ferimet\",\"description\":\"\",\"publisher\":{\"@id\":\"https:\/\/ferimet.com\/ca\/#organization\"},\"potentialAction\":[{\"@type\":\"SearchAction\",\"target\":{\"@type\":\"EntryPoint\",\"urlTemplate\":\"https:\/\/ferimet.com\/ca\/?s={search_term_string}\"},\"query-input\":{\"@type\":\"PropertyValueSpecification\",\"valueRequired\":true,\"valueName\":\"search_term_string\"}}],\"inLanguage\":\"ca\"},{\"@type\":\"Organization\",\"@id\":\"https:\/\/ferimet.com\/ca\/#organization\",\"name\":\"Ferimet\",\"url\":\"https:\/\/ferimet.com\/ca\/\",\"logo\":{\"@type\":\"ImageObject\",\"inLanguage\":\"ca\",\"@id\":\"https:\/\/ferimet.com\/ca\/#\/schema\/logo\/image\/\",\"url\":\"https:\/\/ferimet.com\/wp-content\/uploads\/2023\/09\/logo-ferimet-footer.svg\",\"contentUrl\":\"https:\/\/ferimet.com\/wp-content\/uploads\/2023\/09\/logo-ferimet-footer.svg\",\"width\":1,\"height\":1,\"caption\":\"Ferimet\"},\"image\":{\"@id\":\"https:\/\/ferimet.com\/ca\/#\/schema\/logo\/image\/\"},\"sameAs\":[\"https:\/\/x.com\/CelsaGroup\",\"https:\/\/www.linkedin.com\/company\/celsa\",\"https:\/\/www.instagram.com\/celsa_group\/\"]}]}<\/script>\n<!-- \/ Yoast SEO plugin. -->","yoast_head_json":{"title":"Enderrocs i demolicions - Ferimet","description":"En Ferimet, amb m\u00e9s de cinquanta anys d\u2019experi\u00e8ncia, ens encarreguem dels enderrocs i demolicions industrials.","robots":{"index":"index","follow":"follow","max-snippet":"max-snippet:-1","max-image-preview":"max-image-preview:large","max-video-preview":"max-video-preview:-1"},"canonical":"https:\/\/ferimet.com\/ca\/serveis\/enderrocs-i-demolicions\/","og_locale":"ca_ES","og_type":"article","og_title":"Enderrocs i demolicions - Ferimet","og_description":"En Ferimet, amb m\u00e9s de cinquanta anys d\u2019experi\u00e8ncia, ens encarreguem dels enderrocs i demolicions industrials.","og_url":"https:\/\/ferimet.com\/ca\/serveis\/enderrocs-i-demolicions\/","og_site_name":"Ferimet","article_modified_time":"2024-05-08T15:16:12+00:00","twitter_card":"summary_large_image","twitter_site":"@CelsaGroup","twitter_misc":{"Temps estimat de lectura":"2 minuts"},"schema":{"@context":"https:\/\/schema.org","@graph":[{"@type":"WebPage","@id":"https:\/\/ferimet.com\/ca\/serveis\/enderrocs-i-demolicions\/","url":"https:\/\/ferimet.com\/ca\/serveis\/enderrocs-i-demolicions\/","name":"Enderrocs i demolicions - Ferimet","isPartOf":{"@id":"https:\/\/ferimet.com\/ca\/#website"},"datePublished":"2023-08-03T09:48:58+00:00","dateModified":"2024-05-08T15:16:12+00:00","description":"En Ferimet, amb m\u00e9s de cinquanta anys d\u2019experi\u00e8ncia, ens encarreguem dels enderrocs i demolicions industrials.","breadcrumb":{"@id":"https:\/\/ferimet.com\/ca\/serveis\/enderrocs-i-demolicions\/#breadcrumb"},"inLanguage":"ca","potentialAction":[{"@type":"ReadAction","target":["https:\/\/ferimet.com\/ca\/serveis\/enderrocs-i-demolicions\/"]}]},{"@type":"BreadcrumbList","@id":"https:\/\/ferimet.com\/ca\/serveis\/enderrocs-i-demolicions\/#breadcrumb","itemListElement":[{"@type":"ListItem","position":1,"name":"Home","item":"https:\/\/ferimet.com\/ca\/"},{"@type":"ListItem","position":2,"name":"Serveis","item":"https:\/\/ferimet.com\/ca\/serveis\/"},{"@type":"ListItem","position":3,"name":"Enderrocs i demolicions"}]},{"@type":"WebSite","@id":"https:\/\/ferimet.com\/ca\/#website","url":"https:\/\/ferimet.com\/ca\/","name":"Ferimet","description":"","publisher":{"@id":"https:\/\/ferimet.com\/ca\/#organization"},"potentialAction":[{"@type":"SearchAction","target":{"@type":"EntryPoint","urlTemplate":"https:\/\/ferimet.com\/ca\/?s={search_term_string}"},"query-input":{"@type":"PropertyValueSpecification","valueRequired":true,"valueName":"search_term_string"}}],"inLanguage":"ca"},{"@type":"Organization","@id":"https:\/\/ferimet.com\/ca\/#organization","name":"Ferimet","url":"https:\/\/ferimet.com\/ca\/","logo":{"@type":"ImageObject","inLanguage":"ca","@id":"https:\/\/ferimet.com\/ca\/#\/schema\/logo\/image\/","url":"https:\/\/ferimet.com\/wp-content\/uploads\/2023\/09\/logo-ferimet-footer.svg","contentUrl":"https:\/\/ferimet.com\/wp-content\/uploads\/2023\/09\/logo-ferimet-footer.svg","width":1,"height":1,"caption":"Ferimet"},"image":{"@id":"https:\/\/ferimet.com\/ca\/#\/schema\/logo\/image\/"},"sameAs":["https:\/\/x.com\/CelsaGroup","https:\/\/www.linkedin.com\/company\/celsa","https:\/\/www.instagram.com\/celsa_group\/"]}]}},"_links":{"self":[{"href":"https:\/\/ferimet.com\/ca\/wp-json\/wp\/v2\/pages\/3575","targetHints":{"allow":["GET"]}}],"collection":[{"href":"https:\/\/ferimet.com\/ca\/wp-json\/wp\/v2\/pages"}],"about":[{"href":"https:\/\/ferimet.com\/ca\/wp-json\/wp\/v2\/types\/page"}],"author":[{"embeddable":true,"href":"https:\/\/ferimet.com\/ca\/wp-json\/wp\/v2\/users\/1"}],"replies":[{"embeddable":true,"href":"https:\/\/ferimet.com\/ca\/wp-json\/wp\/v2\/comments?post=3575"}],"version-history":[{"count":4,"href":"https:\/\/ferimet.com\/ca\/wp-json\/wp\/v2\/pages\/3575\/revisions"}],"predecessor-version":[{"id":4396,"href":"https:\/\/ferimet.com\/ca\/wp-json\/wp\/v2\/pages\/3575\/revisions\/4396"}],"up":[{"embeddable":true,"href":"https:\/\/ferimet.com\/ca\/wp-json\/wp\/v2\/pages\/3599"}],"wp:attachment":[{"href":"https:\/\/ferimet.com\/ca\/wp-json\/wp\/v2\/media?parent=3575"}],"curies":[{"name":"wp","href":"https:\/\/api.w.org\/{rel}","templated":true}]}}