{"id":3595,"date":"2023-01-05T14:02:25","date_gmt":"2023-01-05T13:02:25","guid":{"rendered":"https:\/\/ferimet.enproceso.es\/economia-circular-i-reciclatge\/"},"modified":"2024-02-26T15:35:09","modified_gmt":"2024-02-26T14:35:09","slug":"economia-circular-i-reciclatge","status":"publish","type":"page","link":"https:\/\/ferimet.com\/ca\/economia-circular-i-reciclatge\/","title":{"rendered":"Economia circular i reciclatge"},"content":{"rendered":"\n\t<section class=\"section\" id=\"section_1696496666\">\n\t\t<div class=\"section-bg fill\" >\n\t\t\t\t\t\t\t\t\t\n\t\t\t\n\n\t\t<\/div>\n\n\t\t\n\n\t\t<div class=\"section-content relative\">\n\t\t\t\n\n  <div class=\"banner has-hover\" id=\"banner-1796370184\">\n          <div class=\"banner-inner fill\">\n        <div class=\"banner-bg fill\" >\n            <img loading=\"lazy\" decoding=\"async\" width=\"1440\" height=\"358\" src=\"https:\/\/ferimet.com\/wp-content\/uploads\/2023\/01\/Rectangle-1.jpg\" class=\"bg attachment-original size-original\" alt=\"hombre con atardecer detr\u00e1s\" \/>                                    \n                    <\/div>\n\t\t\n        <div class=\"banner-layers container\">\n            <div class=\"fill banner-link\"><\/div>            \n   <div id=\"text-box-2093435137\" class=\"text-box banner-layer x50 md-x50 lg-x50 y50 md-y50 lg-y50 res-text\">\n                                <div class=\"text-box-content text dark\">\n              \n              <div class=\"text-inner text-center\">\n                  \n\t<div id=\"text-3575287635\" class=\"text slide-interiores\">\n\t\t\n<p>Sostenibilitat<\/p>\n\t\t\t<\/div>\n\t\n              <\/div>\n           <\/div>\n                            \n<style>\n#text-box-2093435137 {\n  width: 94%;\n}\n#text-box-2093435137 .text-box-content {\n  font-size: 100%;\n}\n<\/style>\n    <\/div>\n \n        <\/div>\n      <\/div>\n\n            \n<style>\n#banner-1796370184 {\n  padding-top: 358px;\n}\n#banner-1796370184 .banner-bg img {\n  object-position: 0% 73%;\n}\n<\/style>\n  <\/div>\n\n\n\t\t<\/div>\n\n\t\t\n<style>\n#section_1696496666 {\n  padding-top: 0px;\n  padding-bottom: 0px;\n}\n<\/style>\n\t<\/section>\n\t\n\n\t<section class=\"section\" id=\"section_1749270805\">\n\t\t<div class=\"section-bg fill\" >\n\t\t\t\t\t\t\t\t\t\n\t\t\t\n\n\t\t<\/div>\n\n\t\t\n\n\t\t<div class=\"section-content relative\">\n\t\t\t\n\t<div id=\"gap-220061745\" class=\"gap-element clearfix\" style=\"display:block; height:auto;\">\n\t\t\n<style>\n#gap-220061745 {\n  padding-top: 45px;\n}\n<\/style>\n\t<\/div>\n\t\n<div class=\"row row-collapse\"  id=\"row-2095533527\">\n\n\t<div id=\"col-1533178035\" class=\"col small-12 large-12\"  >\n\t\t\t\t<div class=\"col-inner\"  >\n\t\t\t\n\t\t\t\n\n<span><span><a href=\"https:\/\/ferimet.com\/ca\/\">Home<\/a><\/span><\/span>\n\n\t\t<\/div>\n\t\t\t\t\t<\/div>\n\n\t\n<\/div>\n\t<div id=\"gap-443755461\" class=\"gap-element clearfix\" style=\"display:block; height:auto;\">\n\t\t\n<style>\n#gap-443755461 {\n  padding-top: 40px;\n}\n<\/style>\n\t<\/div>\n\t\n\t\t<\/div>\n\n\t\t\n<style>\n#section_1749270805 {\n  padding-top: 0px;\n  padding-bottom: 0px;\n}\n<\/style>\n\t<\/section>\n\t\n\n\t<section class=\"section\" id=\"section_2054099109\">\n\t\t<div class=\"section-bg fill\" >\n\t\t\t\t\t\t\t\t\t\n\t\t\t\n\n\t\t<\/div>\n\n\t\t\n\n\t\t<div class=\"section-content relative\">\n\t\t\t\n<div class=\"row\"  id=\"row-1532460581\">\n\n\t<div id=\"col-773546341\" class=\"col medium-6 small-12 large-6\"  >\n\t\t\t\t<div class=\"col-inner\"  >\n\t\t\t\n\t\t\t\n<h1>Economia circular<br \/>\ni reciclatge<\/h1>\n\t\t<\/div>\n\t\t\t\t\t<\/div>\n\n\t\n<\/div>\n<div class=\"row\"  id=\"row-946908186\">\n\n\t<div id=\"col-1112940303\" class=\"col medium-6 small-12 large-6\"  >\n\t\t\t\t<div class=\"col-inner\"  >\n\t\t\t\n\t\t\t\n\t<div id=\"text-2557869592\" class=\"text p2\">\n\t\t\n<p>A Celsa ja som circulars. El 93\u00a0% dels materials que utilitzem en producci\u00f3 s\u00f3n reciclats, el 100\u00a0% dels productes que generem s\u00f3n reciclables i valoritzem m\u00e9s del 90\u00a0% dels residus generats pel nostre proc\u00e9s de producci\u00f3.<\/p>\n<p>Recirculem m\u00e9s de 9,5 milions de tones de materials, inclosos ferralla f\u00e8rrica, residus dels nostres propis processos productius, pl\u00e0stics i altres materials no f\u00e8rrics. D&#8217;aquest total, destinem m\u00e9s de 8 milions de tones de ferralla f\u00e8rrica (l\u2019equivalent a m\u00e9s de 1.000 camps de futbol plens) a la producci\u00f3 d\u2019acer.<\/p>\n<p>Amb aix\u00f2 evitem l\u2019acumulaci\u00f3 de residus en abocadors i obtenim novament productes d\u2019acer d\u2019alt valor per a la societat sense necessitat de menyscabar els recursos naturals.<\/p>\n\t\t\t<\/div>\n\t\n\t\t<\/div>\n\t\t\t\t\n<style>\n#col-1112940303 > .col-inner {\n  margin: 0px 90px 0px 0px;\n}\n<\/style>\n\t<\/div>\n\n\t\n\n\t<div id=\"col-1821165591\" class=\"col medium-1 small-12 large-1\"  >\n\t\t\t\t<div class=\"col-inner\"  >\n\t\t\t\n\t<div class=\"is-border\"\n\t\tstyle=\"border-color:rgb(73, 73, 73);border-width:0px 1px 0px 0px;margin:0px 30px 0px 0px;\">\n\t<\/div>\n\t\t\t\n\n  <div class=\"banner has-hover hide-for-medium\" id=\"banner-328838852\">\n          <div class=\"banner-inner fill\">\n        <div class=\"banner-bg fill\" >\n                                                \n                    <\/div>\n\t\t\n        <div class=\"banner-layers container\">\n            <div class=\"fill banner-link\"><\/div>            \n   <div id=\"text-box-1970318054\" class=\"text-box banner-layer x50 md-x50 lg-x50 y50 md-y50 lg-y50 res-text\">\n                                <div class=\"text-box-content text dark\">\n              \n              <div class=\"text-inner text-center\">\n                  \n              <\/div>\n           <\/div>\n                            \n<style>\n#text-box-1970318054 {\n  width: 60%;\n}\n#text-box-1970318054 .text-box-content {\n  font-size: 100%;\n}\n@media (min-width:550px) {\n  #text-box-1970318054 {\n    width: 100%;\n  }\n}\n<\/style>\n    <\/div>\n \n        <\/div>\n      <\/div>\n\n            \n<style>\n#banner-328838852 {\n  padding-top: 108px;\n  background-color: rgba(0, 0, 0, 0);\n}\n<\/style>\n  <\/div>\n\n\n\t\t<\/div>\n\t\t\t\t\t<\/div>\n\n\t\n\n\t<div id=\"col-1837131878\" class=\"col medium-5 small-12 large-5\"  >\n\t\t\t\t<div class=\"col-inner\"  >\n\t\t\t\n\t\t\t\n\n  <div class=\"banner has-hover\" id=\"banner-170766750\">\n          <div class=\"banner-inner fill\">\n        <div class=\"banner-bg fill\" >\n                                                \n                    <\/div>\n\t\t\n        <div class=\"banner-layers container\">\n            <div class=\"fill banner-link\"><\/div>            \n   <div id=\"text-box-2070902074\" class=\"text-box banner-layer x50 md-x50 lg-x50 y50 md-y50 lg-y50 res-text\">\n                                <div class=\"text-box-content text dark\">\n              \n              <div class=\"text-inner text-center\">\n                  \n\t<div id=\"text-2454556368\" class=\"text\">\n\t\t\n<h2>\u00abCreiem en un desenvolupament sostenible que ofereixi un futur millor a les generacions futures\u00bb<\/h2>\n\t\t\n<style>\n#text-2454556368 {\n  text-align: left;\n}\n<\/style>\n\t<\/div>\n\t\n              <\/div>\n           <\/div>\n                            \n<style>\n#text-box-2070902074 {\n  width: 95%;\n}\n#text-box-2070902074 .text-box-content {\n  font-size: 100%;\n}\n@media (min-width:550px) {\n  #text-box-2070902074 {\n    width: 100%;\n  }\n}\n<\/style>\n    <\/div>\n \n        <\/div>\n      <\/div>\n\n            \n<style>\n#banner-170766750 {\n  padding-top: 350px;\n  background-color: rgb(255,255,255);\n}\n@media (min-width:550px) {\n  #banner-170766750 {\n    padding-top: 50%;\n  }\n}\n<\/style>\n  <\/div>\n\n\n\t\t<\/div>\n\t\t\t\t\t<\/div>\n\n\t\n<\/div>\n\t<div id=\"gap-1484306999\" class=\"gap-element clearfix\" style=\"display:block; height:auto;\">\n\t\t\n<style>\n#gap-1484306999 {\n  padding-top: 70px;\n}\n<\/style>\n\t<\/div>\n\t\n\t\t<\/div>\n\n\t\t\n<style>\n#section_2054099109 {\n  padding-top: 0px;\n  padding-bottom: 0px;\n}\n<\/style>\n\t<\/section>\n\t\n\n\t<section class=\"section seccion-companies\" id=\"section_1257420195\">\n\t\t<div class=\"section-bg fill\" >\n\t\t\t\t\t\t\t\t\t\n\t\t\t\n\n\t\t<\/div>\n\n\t\t\n\n\t\t<div class=\"section-content relative\">\n\t\t\t\n<div class=\"row\"  id=\"row-228504892\">\n\n\t<div id=\"col-1677534441\" class=\"col small-12 large-12\"  >\n\t\t\t\t<div class=\"col-inner\"  >\n\t\t\t\n\t\t\t\n\t<div id=\"gap-742964558\" class=\"gap-element clearfix\" style=\"display:block; height:auto;\">\n\t\t\n<style>\n#gap-742964558 {\n  padding-top: 100px;\n}\n<\/style>\n\t<\/div>\n\t\n\t\t<\/div>\n\t\t\t\t\t<\/div>\n\n\t\n<\/div>\n<div class=\"row\"  id=\"row-606678070\">\n\n\t<div id=\"col-1965669476\" class=\"col medium-6 small-12 large-6\"  >\n\t\t\t\t<div class=\"col-inner\" style=\"background-color:rgb(255, 255, 255);\" >\n\t\t\t\n\t\t\t\n\t<div class=\"box has-hover logo-imagebox  has-hover box-text-bottom\" >\n\n\t\t<div class=\"box-image\" >\n\t\t\t\t\t\t<div class=\"\" >\n\t\t\t\t<img loading=\"lazy\" decoding=\"async\" width=\"524\" height=\"208\" src=\"https:\/\/ferimet.com\/wp-content\/uploads\/2023\/01\/Rectangle-4.jpg\" class=\"attachment-original size-original\" alt=\"monta\u00f1a de chatarra 6\" srcset=\"https:\/\/ferimet.com\/wp-content\/uploads\/2023\/01\/Rectangle-4.jpg 524w, https:\/\/ferimet.com\/wp-content\/uploads\/2023\/01\/Rectangle-4-300x119.jpg 300w\" sizes=\"auto, (max-width: 524px) 100vw, 524px\" \/>\t\t\t\t\t\t\t\t\t\t\t<\/div>\n\t\t\t\t\t<\/div>\n\n\t\t<div class=\"box-text text-center\" >\n\t\t\t<div class=\"box-text-inner\">\n\t\t\t\t\n\n  <div class=\"banner has-hover contribute\" id=\"banner-1625689611\">\n          <div class=\"banner-inner fill\">\n        <div class=\"banner-bg fill\" >\n                                                \n                    <\/div>\n\t\t\n        <div class=\"banner-layers container\">\n            <div class=\"fill banner-link\"><\/div>            \n   <div id=\"text-box-519681849\" class=\"text-box banner-layer x50 md-x50 lg-x50 y0 md-y0 lg-y0 res-text\">\n                                <div class=\"text-box-content text \">\n              \n              <div class=\"text-inner text-center\">\n                  \n\t<div id=\"text-857278159\" class=\"text\">\n\t\t\n<h2>Contribu\u00efm al reciclatge anual de 9,5 milions de tones de residus<\/h2>\n\t\t\n<style>\n#text-857278159 {\n  text-align: left;\n}\n<\/style>\n\t<\/div>\n\t\n\t<div id=\"text-3646588685\" class=\"text p3 contribute\">\n\t\t\n<p>Molt m\u00e9s que tot el paper, vidre, pl\u00e0stic, fusta, neum\u00e0tics i altres metalls que es reciclen a tot Espanya cada any. D\u2019aquests, reciclem m\u00e9s de 8 tones de ferralla per produir el nostre acer circular.<\/p>\n<p>Els productes fabricats a les plantes de Celsa s\u00f3n, a m\u00e9s, infinitament reciclables. La gesti\u00f3 de residus inherents al proc\u00e9s circular \u00e9s una prioritat completament integrada a les nostres operacions.<\/p>\n<p>Gr\u00e0cies al nostre model industrial, estem liderant la transformaci\u00f3 circular.<\/p>\n\t\t\n<style>\n#text-3646588685 {\n  text-align: left;\n}\n<\/style>\n\t<\/div>\n\t\n<a class=\"button primary is-outline btn-e-r contribute hidden\" >\n\t\t<span>Read more<\/span>\n\t<\/a>\n\n              <\/div>\n           <\/div>\n                            \n<style>\n#text-box-519681849 {\n  width: 95%;\n}\n#text-box-519681849 .text-box-content {\n  font-size: 100%;\n}\n@media (min-width:550px) {\n  #text-box-519681849 {\n    width: 80%;\n  }\n}\n<\/style>\n    <\/div>\n \n        <\/div>\n      <\/div>\n\n            \n<style>\n#banner-1625689611 {\n  padding-top: 700px;\n  background-color: rgb(255,255,255);\n}\n@media (min-width:550px) {\n  #banner-1625689611 {\n    padding-top: 572px;\n  }\n}\n<\/style>\n  <\/div>\n\n\n\t\t\t<\/div>\n\t\t<\/div>\n\t<\/div>\n\t\n\t\t<\/div>\n\t\t\t\t\t<\/div>\n\n\t\n\n\t<div id=\"col-1951158877\" class=\"col medium-6 small-12 large-6\"  >\n\t\t\t\t<div class=\"col-inner\" style=\"background-color:rgb(255, 255, 255);\" >\n\t\t\t\n\t\t\t\n\t<div class=\"box has-hover   has-hover box-text-bottom\" >\n\n\t\t<div class=\"box-image\" >\n\t\t\t\t\t\t<div class=\"\" >\n\t\t\t\t<img loading=\"lazy\" decoding=\"async\" width=\"525\" height=\"208\" src=\"https:\/\/ferimet.com\/wp-content\/uploads\/2023\/01\/Rectangle-14.jpg\" class=\"attachment-original size-original\" alt=\"metales 10\" srcset=\"https:\/\/ferimet.com\/wp-content\/uploads\/2023\/01\/Rectangle-14.jpg 525w, https:\/\/ferimet.com\/wp-content\/uploads\/2023\/01\/Rectangle-14-300x119.jpg 300w\" sizes=\"auto, (max-width: 525px) 100vw, 525px\" \/>\t\t\t\t\t\t\t\t\t\t\t<\/div>\n\t\t\t\t\t<\/div>\n\n\t\t<div class=\"box-text text-center\" >\n\t\t\t<div class=\"box-text-inner\">\n\t\t\t\t\n\n  <div class=\"banner has-hover steel\" id=\"banner-1925572611\">\n          <div class=\"banner-inner fill\">\n        <div class=\"banner-bg fill\" >\n                                                \n                    <\/div>\n\t\t\n        <div class=\"banner-layers container\">\n            <div class=\"fill banner-link\"><\/div>            \n   <div id=\"text-box-1116878267\" class=\"text-box banner-layer x50 md-x50 lg-x50 y0 md-y0 lg-y0 res-text\">\n                                <div class=\"text-box-content text \">\n              \n              <div class=\"text-inner text-center\">\n                  \n\t<div id=\"text-627917622\" class=\"text\">\n\t\t\n<h2>L\u2019acer \u00e9s un dels<br \/>\nmaterials m\u00e9s reciclables i reciclats del m\u00f3n.<\/h2>\n\t\t\n<style>\n#text-627917622 {\n  text-align: left;\n}\n<\/style>\n\t<\/div>\n\t\n\t<div id=\"text-2221241726\" class=\"text p3 steel\">\n\t\t\n<p>Pot reciclar-se cont\u00ednuament sense perdre les seves propietats. Gr\u00e0cies a les seves propietats magn\u00e8tiques, pot recuperar-se f\u00e0cilment per reciclar-se. Celsa reutilitza, recicla i valoritza m\u00e9s del 90\u00a0% dels residus que genera.<\/p>\n<p>Fabricar acer a partir de ferralla permet evitar l\u2019equivalent al consum d\u2019aigua d\u2019una ciutat de 75.000 persones, i el consum energ\u00e8tic d\u2019una ciutat de 2,5 milions d\u2019habitants.<\/p>\n<p>El reciclatge de ferralla redueix el consum de mat\u00e8ries primeres en la fabricaci\u00f3 d\u2019acer en un 90\u00a0%.<\/p>\n\t\t\n<style>\n#text-2221241726 {\n  text-align: left;\n}\n<\/style>\n\t<\/div>\n\t\n<a class=\"button primary is-outline btn-e-r steel hidden\" >\n\t\t<span>Read more<\/span>\n\t<\/a>\n\n              <\/div>\n           <\/div>\n                            \n<style>\n#text-box-1116878267 {\n  width: 95%;\n}\n#text-box-1116878267 .text-box-content {\n  font-size: 100%;\n}\n@media (min-width:550px) {\n  #text-box-1116878267 {\n    width: 80%;\n  }\n}\n<\/style>\n    <\/div>\n \n        <\/div>\n      <\/div>\n\n            \n<style>\n#banner-1925572611 {\n  padding-top: 790px;\n  background-color: rgb(255,255,255);\n}\n@media (min-width:550px) {\n  #banner-1925572611 {\n    padding-top: 572px;\n  }\n}\n<\/style>\n  <\/div>\n\n\n\t\t\t<\/div>\n\t\t<\/div>\n\t<\/div>\n\t\n\t\t<\/div>\n\t\t\t\t\t<\/div>\n\n\t\n<\/div>\n\t<div id=\"gap-353075080\" class=\"gap-element clearfix\" style=\"display:block; height:auto;\">\n\t\t\n<style>\n#gap-353075080 {\n  padding-top: 80px;\n}\n<\/style>\n\t<\/div>\n\t\n\t\t<\/div>\n\n\t\t\n<style>\n#section_1257420195 {\n  padding-top: 0px;\n  padding-bottom: 0px;\n  background-color: rgb(246, 246, 246);\n}\n<\/style>\n\t<\/section>\n\t\n\n\t<section class=\"section\" id=\"section_1975514711\">\n\t\t<div class=\"section-bg fill\" >\n\t\t\t\t\t\t\t\t\t\n\t\t\t\n\n\t\t<\/div>\n\n\t\t\n\n\t\t<div class=\"section-content relative\">\n\t\t\t\n\n\t<div id=\"gap-382899982\" class=\"gap-element clearfix\" style=\"display:block; height:auto;\">\n\t\t\n<style>\n#gap-382899982 {\n  padding-top: 50px;\n}\n<\/style>\n\t<\/div>\n\t\n\n<div class=\"row align-middle\"  id=\"row-1875039809\">\n\n\n\t<div id=\"col-1765237394\" class=\"col hide-for-small medium-3 small-12 large-3\"  >\n\t\t\t\t<div class=\"col-inner text-right\"  >\n\t\t\t\n\t<div class=\"is-border\"\n\t\tstyle=\"border-width:0px 0px 0px 0px;\">\n\t<\/div>\n\t\t\t\n\n\t<div class=\"img has-hover x md-x lg-x y md-y lg-y\" id=\"image_421312384\">\n\t\t\t\t\t\t\t\t<div class=\"img-inner dark\" >\n\t\t\t<img decoding=\"async\" src=\"https:\/\/ferimet.com\/wp-content\/uploads\/2023\/05\/logo-celsa.svg\" class=\"attachment-original size-original\" alt=\"\" \/>\t\t\t\t\t\t\n\t\t\t\t\t<\/div>\n\t\t\t\t\t\t\t\t\n<style>\n#image_421312384 {\n  width: 75%;\n}\n@media (min-width:550px) {\n  #image_421312384 {\n    width: 70%;\n  }\n}\n<\/style>\n\t<\/div>\n\t\n\n\n\t\t<\/div>\n\t\t\t\t\t<\/div>\n\n\t\n\n\t<div id=\"col-163243014\" class=\"col show-for-small medium-3 small-12 large-3\"  >\n\t\t\t\t<div class=\"col-inner text-center\"  >\n\t\t\t\n\t<div class=\"is-border\"\n\t\tstyle=\"border-width:0px 0px 0px 0px;\">\n\t<\/div>\n\t\t\t\n\n\t<div class=\"img has-hover x md-x lg-x y md-y lg-y\" id=\"image_2120220017\">\n\t\t\t\t\t\t\t\t<div class=\"img-inner dark\" >\n\t\t\t<img decoding=\"async\" src=\"https:\/\/ferimet.com\/wp-content\/uploads\/2023\/05\/logo-celsa.svg\" class=\"attachment-original size-original\" alt=\"\" \/>\t\t\t\t\t\t\n\t\t\t\t\t<\/div>\n\t\t\t\t\t\t\t\t\n<style>\n#image_2120220017 {\n  width: 75%;\n}\n@media (min-width:550px) {\n  #image_2120220017 {\n    width: 70%;\n  }\n}\n<\/style>\n\t<\/div>\n\t\n\n\n\t\t<\/div>\n\t\t\t\t\t<\/div>\n\n\t\n\n\t<div id=\"col-885551375\" class=\"col medium-6 small-12 large-6\"  >\n\t\t\t\t<div class=\"col-inner\"  >\n\t\t\t\n\t<div class=\"is-border\"\n\t\tstyle=\"border-width:0px 0px 0px 1px;\">\n\t<\/div>\n\t\t\t\n\n\t<div id=\"gap-223216209\" class=\"gap-element clearfix\" style=\"display:block; height:auto;\">\n\t\t\n<style>\n#gap-223216209 {\n  padding-top: 30px;\n}\n<\/style>\n\t<\/div>\n\t\n\n\t<div id=\"text-2694927184\" class=\"text\">\n\t\t\n\n<h2><span style=\"color: #032e61;\">Visita Celsa per con\u00e8ixer m\u00e9s informaci\u00f3.<\/span><\/h2>\n\t\t\n<style>\n#text-2694927184 {\n  text-align: center;\n}\n<\/style>\n\t<\/div>\n\t\n\n\t\t<\/div>\n\t\t\t\t\n<style>\n#col-885551375 > .col-inner {\n  padding: 0px 0px 0px 0px;\n}\n@media (min-width:550px) {\n  #col-885551375 > .col-inner {\n    padding: 0px 0px 0px 30px;\n  }\n}\n<\/style>\n\t<\/div>\n\n\t\n\n\t<div id=\"col-2760286\" class=\"col medium-3 small-12 large-3\"  >\n\t\t\t\t<div class=\"col-inner text-center\"  >\n\t\t\t\n\t\t\t\n\n<a href=\"https:\/\/www.celsagroup.com\/\" target=\"_blank\" class=\"button primary is-outline expand\" rel=\"noopener\" >\n\t\t<span>Anar a la web<\/span>\n\t<\/a>\n\n\n\n\t\t<\/div>\n\t\t\t\t\t<\/div>\n\n\t\n\n<\/div>\n\t<div id=\"gap-1762494866\" class=\"gap-element clearfix\" style=\"display:block; height:auto;\">\n\t\t\n<style>\n#gap-1762494866 {\n  padding-top: 50px;\n}\n<\/style>\n\t<\/div>\n\t\n\n\n\t\t<\/div>\n\n\t\t\n<style>\n#section_1975514711 {\n  padding-top: 30px;\n  padding-bottom: 30px;\n}\n<\/style>\n\t<\/section>\n\t\n","protected":false},"excerpt":{"rendered":"","protected":false},"author":1,"featured_media":0,"parent":0,"menu_order":0,"comment_status":"closed","ping_status":"closed","template":"page-transparent-header.php","meta":{"_acf_changed":false,"footnotes":""},"class_list":["post-3595","page","type-page","status-publish","hentry"],"acf":[],"yoast_head":"<!-- This site is optimized with the Yoast SEO plugin v27.1.1 - https:\/\/yoast.com\/product\/yoast-seo-wordpress\/ -->\n<title>Economia circular i reciclatge - Ferimet<\/title>\n<meta name=\"description\" content=\"En Ferimet i Celsa Group apostem per una economia circular i el reciclatge dels nostres productes. Creiem en un desenvolupament sostenible.\" \/>\n<meta name=\"robots\" content=\"index, follow, max-snippet:-1, max-image-preview:large, max-video-preview:-1\" \/>\n<link rel=\"canonical\" href=\"https:\/\/ferimet.com\/ca\/economia-circular-i-reciclatge\/\" \/>\n<meta property=\"og:locale\" content=\"ca_ES\" \/>\n<meta property=\"og:type\" content=\"article\" \/>\n<meta property=\"og:title\" content=\"Economia circular i reciclatge - Ferimet\" \/>\n<meta property=\"og:description\" content=\"En Ferimet i Celsa Group apostem per una economia circular i el reciclatge dels nostres productes. Creiem en un desenvolupament sostenible.\" \/>\n<meta property=\"og:url\" content=\"https:\/\/ferimet.com\/ca\/economia-circular-i-reciclatge\/\" \/>\n<meta property=\"og:site_name\" content=\"Ferimet\" \/>\n<meta property=\"article:modified_time\" content=\"2024-02-26T14:35:09+00:00\" \/>\n<meta name=\"twitter:card\" content=\"summary_large_image\" \/>\n<meta name=\"twitter:site\" content=\"@CelsaGroup\" \/>\n<meta name=\"twitter:label1\" content=\"Temps estimat de lectura\" \/>\n\t<meta name=\"twitter:data1\" content=\"3 minuts\" \/>\n<script type=\"application\/ld+json\" class=\"yoast-schema-graph\">{\"@context\":\"https:\/\/schema.org\",\"@graph\":[{\"@type\":\"WebPage\",\"@id\":\"https:\/\/ferimet.com\/ca\/economia-circular-i-reciclatge\/\",\"url\":\"https:\/\/ferimet.com\/ca\/economia-circular-i-reciclatge\/\",\"name\":\"Economia circular i reciclatge - Ferimet\",\"isPartOf\":{\"@id\":\"https:\/\/ferimet.com\/ca\/#website\"},\"datePublished\":\"2023-01-05T13:02:25+00:00\",\"dateModified\":\"2024-02-26T14:35:09+00:00\",\"description\":\"En Ferimet i Celsa Group apostem per una economia circular i el reciclatge dels nostres productes. Creiem en un desenvolupament sostenible.\",\"breadcrumb\":{\"@id\":\"https:\/\/ferimet.com\/ca\/economia-circular-i-reciclatge\/#breadcrumb\"},\"inLanguage\":\"ca\",\"potentialAction\":[{\"@type\":\"ReadAction\",\"target\":[\"https:\/\/ferimet.com\/ca\/economia-circular-i-reciclatge\/\"]}]},{\"@type\":\"BreadcrumbList\",\"@id\":\"https:\/\/ferimet.com\/ca\/economia-circular-i-reciclatge\/#breadcrumb\",\"itemListElement\":[{\"@type\":\"ListItem\",\"position\":1,\"name\":\"Home\",\"item\":\"https:\/\/ferimet.com\/ca\/\"},{\"@type\":\"ListItem\",\"position\":2,\"name\":\"Economia circular i reciclatge\"}]},{\"@type\":\"WebSite\",\"@id\":\"https:\/\/ferimet.com\/ca\/#website\",\"url\":\"https:\/\/ferimet.com\/ca\/\",\"name\":\"Ferimet\",\"description\":\"\",\"publisher\":{\"@id\":\"https:\/\/ferimet.com\/ca\/#organization\"},\"potentialAction\":[{\"@type\":\"SearchAction\",\"target\":{\"@type\":\"EntryPoint\",\"urlTemplate\":\"https:\/\/ferimet.com\/ca\/?s={search_term_string}\"},\"query-input\":{\"@type\":\"PropertyValueSpecification\",\"valueRequired\":true,\"valueName\":\"search_term_string\"}}],\"inLanguage\":\"ca\"},{\"@type\":\"Organization\",\"@id\":\"https:\/\/ferimet.com\/ca\/#organization\",\"name\":\"Ferimet\",\"url\":\"https:\/\/ferimet.com\/ca\/\",\"logo\":{\"@type\":\"ImageObject\",\"inLanguage\":\"ca\",\"@id\":\"https:\/\/ferimet.com\/ca\/#\/schema\/logo\/image\/\",\"url\":\"https:\/\/ferimet.com\/wp-content\/uploads\/2023\/09\/logo-ferimet-footer.svg\",\"contentUrl\":\"https:\/\/ferimet.com\/wp-content\/uploads\/2023\/09\/logo-ferimet-footer.svg\",\"width\":1,\"height\":1,\"caption\":\"Ferimet\"},\"image\":{\"@id\":\"https:\/\/ferimet.com\/ca\/#\/schema\/logo\/image\/\"},\"sameAs\":[\"https:\/\/x.com\/CelsaGroup\",\"https:\/\/www.linkedin.com\/company\/celsa\",\"https:\/\/www.instagram.com\/celsa_group\/\"]}]}<\/script>\n<!-- \/ Yoast SEO plugin. -->","yoast_head_json":{"title":"Economia circular i reciclatge - Ferimet","description":"En Ferimet i Celsa Group apostem per una economia circular i el reciclatge dels nostres productes. Creiem en un desenvolupament sostenible.","robots":{"index":"index","follow":"follow","max-snippet":"max-snippet:-1","max-image-preview":"max-image-preview:large","max-video-preview":"max-video-preview:-1"},"canonical":"https:\/\/ferimet.com\/ca\/economia-circular-i-reciclatge\/","og_locale":"ca_ES","og_type":"article","og_title":"Economia circular i reciclatge - Ferimet","og_description":"En Ferimet i Celsa Group apostem per una economia circular i el reciclatge dels nostres productes. Creiem en un desenvolupament sostenible.","og_url":"https:\/\/ferimet.com\/ca\/economia-circular-i-reciclatge\/","og_site_name":"Ferimet","article_modified_time":"2024-02-26T14:35:09+00:00","twitter_card":"summary_large_image","twitter_site":"@CelsaGroup","twitter_misc":{"Temps estimat de lectura":"3 minuts"},"schema":{"@context":"https:\/\/schema.org","@graph":[{"@type":"WebPage","@id":"https:\/\/ferimet.com\/ca\/economia-circular-i-reciclatge\/","url":"https:\/\/ferimet.com\/ca\/economia-circular-i-reciclatge\/","name":"Economia circular i reciclatge - Ferimet","isPartOf":{"@id":"https:\/\/ferimet.com\/ca\/#website"},"datePublished":"2023-01-05T13:02:25+00:00","dateModified":"2024-02-26T14:35:09+00:00","description":"En Ferimet i Celsa Group apostem per una economia circular i el reciclatge dels nostres productes. Creiem en un desenvolupament sostenible.","breadcrumb":{"@id":"https:\/\/ferimet.com\/ca\/economia-circular-i-reciclatge\/#breadcrumb"},"inLanguage":"ca","potentialAction":[{"@type":"ReadAction","target":["https:\/\/ferimet.com\/ca\/economia-circular-i-reciclatge\/"]}]},{"@type":"BreadcrumbList","@id":"https:\/\/ferimet.com\/ca\/economia-circular-i-reciclatge\/#breadcrumb","itemListElement":[{"@type":"ListItem","position":1,"name":"Home","item":"https:\/\/ferimet.com\/ca\/"},{"@type":"ListItem","position":2,"name":"Economia circular i reciclatge"}]},{"@type":"WebSite","@id":"https:\/\/ferimet.com\/ca\/#website","url":"https:\/\/ferimet.com\/ca\/","name":"Ferimet","description":"","publisher":{"@id":"https:\/\/ferimet.com\/ca\/#organization"},"potentialAction":[{"@type":"SearchAction","target":{"@type":"EntryPoint","urlTemplate":"https:\/\/ferimet.com\/ca\/?s={search_term_string}"},"query-input":{"@type":"PropertyValueSpecification","valueRequired":true,"valueName":"search_term_string"}}],"inLanguage":"ca"},{"@type":"Organization","@id":"https:\/\/ferimet.com\/ca\/#organization","name":"Ferimet","url":"https:\/\/ferimet.com\/ca\/","logo":{"@type":"ImageObject","inLanguage":"ca","@id":"https:\/\/ferimet.com\/ca\/#\/schema\/logo\/image\/","url":"https:\/\/ferimet.com\/wp-content\/uploads\/2023\/09\/logo-ferimet-footer.svg","contentUrl":"https:\/\/ferimet.com\/wp-content\/uploads\/2023\/09\/logo-ferimet-footer.svg","width":1,"height":1,"caption":"Ferimet"},"image":{"@id":"https:\/\/ferimet.com\/ca\/#\/schema\/logo\/image\/"},"sameAs":["https:\/\/x.com\/CelsaGroup","https:\/\/www.linkedin.com\/company\/celsa","https:\/\/www.instagram.com\/celsa_group\/"]}]}},"_links":{"self":[{"href":"https:\/\/ferimet.com\/ca\/wp-json\/wp\/v2\/pages\/3595","targetHints":{"allow":["GET"]}}],"collection":[{"href":"https:\/\/ferimet.com\/ca\/wp-json\/wp\/v2\/pages"}],"about":[{"href":"https:\/\/ferimet.com\/ca\/wp-json\/wp\/v2\/types\/page"}],"author":[{"embeddable":true,"href":"https:\/\/ferimet.com\/ca\/wp-json\/wp\/v2\/users\/1"}],"replies":[{"embeddable":true,"href":"https:\/\/ferimet.com\/ca\/wp-json\/wp\/v2\/comments?post=3595"}],"version-history":[{"count":3,"href":"https:\/\/ferimet.com\/ca\/wp-json\/wp\/v2\/pages\/3595\/revisions"}],"predecessor-version":[{"id":4224,"href":"https:\/\/ferimet.com\/ca\/wp-json\/wp\/v2\/pages\/3595\/revisions\/4224"}],"wp:attachment":[{"href":"https:\/\/ferimet.com\/ca\/wp-json\/wp\/v2\/media?parent=3595"}],"curies":[{"name":"wp","href":"https:\/\/api.w.org\/{rel}","templated":true}]}}